{"id":161507,"date":"2026-04-13T20:28:56","date_gmt":"2026-04-13T18:28:56","guid":{"rendered":"https:\/\/wellnessmassagemallorca.com\/ponte-en-contacto\/"},"modified":"2026-04-15T01:42:59","modified_gmt":"2026-04-14T23:42:59","slug":"ponte-en-contacto","status":"publish","type":"page","link":"https:\/\/wellnessmassagemallorca.com\/es\/ponte-en-contacto\/","title":{"rendered":"Ponte en contacto"},"content":{"rendered":"<div class=\"wpb-content-wrapper\"><p>[vc_row unlock_row_content=\u00bbyes\u00bb row_height_percent=\u00bb0&#8243; override_padding=\u00bbyes\u00bb h_padding=\u00bb0&#8243; top_padding=\u00bb0&#8243; bottom_padding=\u00bb0&#8243; back_color=\u00bbcolor-482803&#8243; overlay_alpha=\u00bb50&#8243; equal_height=\u00bbyes\u00bb gutter_size=\u00bb0&#8243; column_width_percent=\u00bb100&#8243; shift_y=\u00bb0&#8243; z_index=\u00bb0&#8243; content_parallax=\u00bb0&#8243; uncode_shortcode_id=\u00bb771338&#8243; back_color_type=\u00bbuncode-palette\u00bb][vc_column column_width_percent=\u00bb100&#8243; position_vertical=\u00bbbottom\u00bb gutter_size=\u00bb3&#8243; back_image=\u00bb2163&#8243; overlay_alpha=\u00bb50&#8243; shift_x=\u00bb0&#8243; shift_y=\u00bb0&#8243; shift_y_down=\u00bb0&#8243; z_index=\u00bb0&#8243; medium_width=\u00bb0&#8243; mobile_width=\u00bb0&#8243; width=\u00bb7\/12&#8243; uncode_shortcode_id=\u00bb199129&#8243; mobile_height=\u00bb400&#8243;][\/vc_column][vc_column column_width_percent=\u00bb100&#8243; position_vertical=\u00bbmiddle\u00bb align_horizontal=\u00bbalign_center\u00bb gutter_size=\u00bb2&#8243; override_padding=\u00bbyes\u00bb column_padding=\u00bb4&#8243; style=\u00bblight\u00bb overlay_alpha=\u00bb50&#8243; shift_x=\u00bb0&#8243; shift_y=\u00bb0&#8243; shift_y_down=\u00bb0&#8243; z_index=\u00bb0&#8243; medium_width=\u00bb0&#8243; align_mobile=\u00bbalign_center_mobile\u00bb mobile_width=\u00bb0&#8243; width=\u00bb5\/12&#8243; uncode_shortcode_id=\u00bb846960&#8243;][vc_custom_heading auto_text=\u00bbyes\u00bb text_color=\u00bbcolor-100722&#8243; heading_semantic=\u00bbh1&#8243; text_size=\u00bbh1&#8243; uncode_shortcode_id=\u00bb101649&#8243; text_color_type=\u00bbuncode-palette\u00bb]Servicio para villas[\/vc_custom_heading][vc_row_inner row_inner_height_percent=\u00bb0&#8243; overlay_alpha=\u00bb50&#8243; gutter_size=\u00bb4&#8243; shift_y=\u00bb0&#8243; z_index=\u00bb0&#8243; uncode_shortcode_id=\u00bb186220&#8243;][vc_column_inner column_width_percent=\u00bb100&#8243; position_vertical=\u00bbmiddle\u00bb gutter_size=\u00bb2&#8243; override_padding=\u00bbyes\u00bb column_padding=\u00bb2&#8243; expand_height=\u00bbyes\u00bb style=\u00bbdark\u00bb overlay_alpha=\u00bb50&#8243; shift_x=\u00bb0&#8243; shift_y=\u00bb0&#8243; shift_y_down=\u00bb0&#8243; z_index=\u00bb0&#8243; medium_width=\u00bb0&#8243; mobile_width=\u00bb0&#8243; width=\u00bb1\/1&#8243; uncode_shortcode_id=\u00bb821648&#8243;][vc_column_text text_lead=\u00bbyes\u00bb uncode_shortcode_id=\u00bb854957&#8243;]<\/p>\n<p style=\"text-align: center;\">WELLNESS MASSAGE MALLORCA<br \/>\nSabine Fahrenkrug<\/p>\n<p>[\/vc_column_text][vc_empty_space empty_h=\u00bb1&#8243;][vc_icon position=\u00bbleft\u00bb space_reduced=\u00bbyes\u00bb icon=\u00bbfa fa-smartphone1&#8243; icon_color=\u00bbcolor-xsdn\u00bb size=\u00bbfa-2x\u00bb heading_semantic=\u00bbdiv\u00bb text_size=\u00bb\u00bb linked_title=\u00bbyes\u00bb add_margin=\u00bbyes\u00bb uncode_shortcode_id=\u00bb107051&#8243; icon_color_type=\u00bbuncode-palette\u00bb link=\u00bburl:tel%3A%2B34630321844|target:_blank|\u00bb title=\u00bb+34 630 321 844&#8243;][\/vc_icon][vc_icon position=\u00bbleft\u00bb space_reduced=\u00bbyes\u00bb icon=\u00bbfa fa-envelope3&#8243; icon_color=\u00bbcolor-xsdn\u00bb size=\u00bbfa-2x\u00bb heading_semantic=\u00bbdiv\u00bb text_size=\u00bb\u00bb linked_title=\u00bbyes\u00bb add_margin=\u00bbyes\u00bb uncode_shortcode_id=\u00bb124166&#8243; icon_color_type=\u00bbuncode-palette\u00bb link=\u00bburl:mailto%3Ainfo%40wellnessmassagemallorca.com|target:_blank|\u00bb title=\u00bbinfo@wellnessmassagemallorca.com\u00bb][\/vc_icon][vc_icon position=\u00bbleft\u00bb space_reduced=\u00bbyes\u00bb icon=\u00bbfa fa-map-marker2&#8243; icon_color=\u00bbcolor-xsdn\u00bb size=\u00bbfa-2x\u00bb heading_semantic=\u00bbdiv\u00bb text_size=\u00bb\u00bb linked_title=\u00bbyes\u00bb add_margin=\u00bbyes\u00bb uncode_shortcode_id=\u00bb148625&#8243; icon_color_type=\u00bbuncode-palette\u00bb link=\u00bburl:https%3A%2F%2Fmaps.app.goo.gl%2FcHqYbKpL4ajMHhpx6|target:_blank|\u00bb title=\u00bbMallorca, Islas Baleares\u00bb][\/vc_icon][vc_empty_space empty_h=\u00bb2&#8243;][vc_icon display=\u00bbinline\u00bb icon=\u00bbfa fa-social-facebook\u00bb icon_color=\u00bbaccent\u00bb background_style=\u00bbfa-rounded\u00bb heading_semantic=\u00bbdiv\u00bb link=\u00bburl:%23|target:%20_blank|\u00bb uncode_shortcode_id=\u00bb897772&#8243; icon_color_type=\u00bbuncode-palette\u00bb][\/vc_icon][vc_icon display=\u00bbinline\u00bb icon=\u00bbfa fa-facebook1&#8243; icon_color=\u00bbaccent\u00bb background_style=\u00bbfa-rounded\u00bb heading_semantic=\u00bbdiv\u00bb link=\u00bburl:%23|target:%20_blank|\u00bb uncode_shortcode_id=\u00bb119872&#8243; icon_color_type=\u00bbuncode-palette\u00bb][\/vc_icon][\/vc_column_inner][\/vc_row_inner][vc_button button_color=\u00bbcolor-210407&#8243; text_skin=\u00bbyes\u00bb custom_typo=\u00bbyes\u00bb font_family=\u00bbfont-205659&#8243; font_weight=\u00bb600&#8243; text_transform=\u00bbuppercase\u00bb border_width=\u00bb0&#8243; lbox_skin=\u00bbwhite\u00bb uncode_shortcode_id=\u00bb232292&#8243; link=\u00bburl:https%3A%2F%2Fwellnessmassagemallorca.com%2Ftreatments%2F|title:Tratamientos|\u00bb button_color_type=\u00bbuncode-palette\u00bb]Tratamiento \/ Precios[\/vc_button][\/vc_column][\/vc_row][vc_row row_height_percent=\u00bb0&#8243; overlay_alpha=\u00bb50&#8243; equal_height=\u00bbyes\u00bb gutter_size=\u00bb3&#8243; column_width_percent=\u00bb100&#8243; shift_y=\u00bb0&#8243; z_index=\u00bb0&#8243; content_parallax=\u00bb0&#8243; gap=\u00bb5&#8243; full_height=\u00bbyes\u00bb columns_placement=\u00bbtop\u00bb css=\u00bb.vc_custom_1774969130517{margin-right: 0px !important;margin-left: 0px !important;background-color: #ffffff !important;}\u00bb uncode_shortcode_id=\u00bb127227&#8243;][vc_column column_width_percent=\u00bb100&#8243; position_vertical=\u00bbmiddle\u00bb align_horizontal=\u00bbalign_center\u00bb gutter_size=\u00bb3&#8243; font_family=\u00bbfont-205659&#8243; overlay_alpha=\u00bb50&#8243; shift_x=\u00bb0&#8243; shift_y=\u00bb0&#8243; shift_y_down=\u00bb0&#8243; z_index=\u00bb0&#8243; medium_width=\u00bb0&#8243; mobile_width=\u00bb0&#8243; uncode_shortcode_id=\u00bb132780&#8243; width=\u00bb1\/1&#8243;][vc_custom_heading text_color=\u00bbcolor-482803&#8243; text_align=\u00bbtext-left\u00bb text_uppercase=\u00bb\u00bb subheading=\u00bbEnv\u00edanos tu consulta y en breve nos pondremos en contacto contigo.\u00bb uncode_shortcode_id=\u00bb835502&#8243; text_color_type=\u00bbuncode-palette\u00bb]Solicitud \/ Reserva[\/vc_custom_heading][vc_row_inner][vc_column_inner column_width_use_pixel=\u00bbyes\u00bb gutter_size=\u00bb3&#8243; style=\u00bblight\u00bb overlay_alpha=\u00bb50&#8243; shift_x=\u00bb0&#8243; shift_y=\u00bb0&#8243; shift_y_down=\u00bb0&#8243; z_index=\u00bb0&#8243; medium_width=\u00bb0&#8243; mobile_width=\u00bb0&#8243; width=\u00bb1\/1&#8243; uncode_shortcode_id=\u00bb184511&#8243; column_width_pixel=\u00bb700&#8243;][vc_column_text text_lead=\u00bbyes\u00bb uncode_shortcode_id=\u00bb155090&#8243; el_class=\u00bbinput-background\u00bb]\n                <div class='gf_browser_gecko gform_wrapper gf_inline_wrapper' id='gform_wrapper_2' ><form method='post' enctype='multipart\/form-data'  id='gform_2' class='gf_inline' action='\/es\/wp-json\/wp\/v2\/pages\/161507'>\n                        <div class='gform_body'><ul id='gform_fields_2' class='gform_fields top_label form_sublabel_below description_below'><li id='field_2_1'  class='gfield gfield_contains_required field_sublabel_below field_description_below gfield_visibility_visible' ><label class='gfield_label' for='input_2_1' >Nombre<span class='gfield_required'>*<\/span><\/label><div class='ginput_container ginput_container_text'><input name='input_1' id='input_2_1' type='text' value='' class='large'     aria-required=\"true\" aria-invalid=\"false\" \/><\/div><\/li><li id='field_2_3'  class='gfield gfield_contains_required field_sublabel_below field_description_below gfield_visibility_visible' ><label class='gfield_label' for='input_2_3' >Env\u00eda un correo electr\u00f3nico a<span class='gfield_required'>*<\/span><\/label><div class='ginput_container ginput_container_email'>\n                            <input name='input_3' id='input_2_3' type='text' value='' class='large'    aria-required=\"true\" aria-invalid=\"false\" \/>\n                        <\/div><\/li><li id='field_2_2'  class='gfield field_sublabel_below field_description_below gfield_visibility_visible' ><label class='gfield_label' for='input_2_2' >N\u00famero de tel\u00e9fono<\/label><div class='ginput_container ginput_container_text'><input name='input_2' id='input_2_2' type='text' value='' class='large'      aria-invalid=\"false\" \/><\/div><\/li><li id='field_2_9'  class='gfield field_sublabel_below field_description_below gfield_visibility_visible' ><label class='gfield_label' for='input_2_9' >N\u00famero de tratamientos<\/label><div class='ginput_container ginput_container_number'><input name='input_9' id='input_2_9' type='text'    value='' class='large'      aria-invalid=\"false\" \/><div class='instruction '>Por favor, escribe un n\u00famero mayor o igual a <strong>1<\/strong>.<\/div><\/div><\/li><li id='field_2_10'  class='gfield field_sublabel_below field_description_below gfield_visibility_visible' ><label class='gfield_label' for='input_2_10' >Fecha<\/label><div class='ginput_container ginput_container_text'><input name='input_10' id='input_2_10' type='text' value='' class='large'      aria-invalid=\"false\" \/><\/div><\/li><li id='field_2_11'  class='gfield field_sublabel_below field_description_below gfield_visibility_visible' ><label class='gfield_label' for='input_2_11' >Ubicaci\u00f3n en Mallorca<\/label><div class='ginput_container ginput_container_text'><input name='input_11' id='input_2_11' type='text' value='' class='large'      aria-invalid=\"false\" \/><\/div><\/li><li id='field_2_4'  class='gfield field_sublabel_below field_description_below gfield_visibility_visible' ><label class='gfield_label' for='input_2_4' >Mensaje<\/label><div class='ginput_container ginput_container_textarea'><textarea name='input_4' id='input_2_4' class='textarea large'      aria-invalid=\"false\"   rows='10' cols='50'><\/textarea><\/div><\/li><li id='field_2_7'  class='gfield gfield_contains_required field_sublabel_below field_description_below gfield_visibility_visible' ><label class='gfield_label'  >Privacidad y protecci\u00f3n de datos<span class='gfield_required'>*<\/span><\/label><div class='ginput_container ginput_container_checkbox'><ul class='gfield_checkbox' id='input_2_7'><li class='gchoice_2_7_1'>\n\t\t\t\t\t\t\t\t<input name='input_7.1' type='checkbox'  value='He le\u00eddo y acepto las condiciones y t\u00e9rminos de &lt;a target=&quot;_blank&quot;&gt; Privacidad y Protecci\u00f3n de Datos&lt;\/a&gt;'  id='choice_2_7_1'   \/>\n\t\t\t\t\t\t\t\t<label for='choice_2_7_1' id='label_2_7_1'>He le\u00eddo y acepto las condiciones y t\u00e9rminos de <a href=\"\" target=\"_blank\"> Privacidad y Protecci\u00f3n de Datos<\/a><\/label>\n\t\t\t\t\t\t\t<\/li><\/ul><\/div><\/li><li id='field_2_8'  class='gfield field_sublabel_below field_description_below gfield_visibility_visible' ><label class='gfield_label' for='input_2_8' >CAPTCHA<\/label><div id='input_2_8' class='ginput_container ginput_recaptcha' data-sitekey='6LfgAXgUAAAAAD1Ixy1TK1saQiIlfp1e6DryOFHB'  data-theme='light' data-tabindex='0'  data-badge=''><\/div><\/li><li id='field_2_12'  class='gfield gform_validation_container field_sublabel_below field_description_below gfield_visibility_visible' ><label class='gfield_label' for='input_2_12' >Comments<\/label><div class='ginput_container'><input name='input_12' id='input_2_12' type='text' value='' \/><\/div><div class='gfield_description' id='gfield_description__12'>Este campo es un campo de validaci\u00f3n y debe quedar sin cambios.<\/div><\/li>\n                            <\/ul><\/div>\n        <div class='gform_footer top_label'> <input type='submit' id='gform_submit_button_2' class='gform_button button' value='SOLICITA'  onclick='if(window[\"gf_submitting_2\"]){return false;}  window[\"gf_submitting_2\"]=true;  ' onkeypress='if( event.keyCode == 13 ){ if(window[\"gf_submitting_2\"]){return false;} window[\"gf_submitting_2\"]=true;  jQuery(\"#gform_2\").trigger(\"submit\",[true]); }' \/> \n            <input type='hidden' class='gform_hidden' name='is_submit_2' value='1' \/>\n            <input type='hidden' class='gform_hidden' name='gform_submit' value='2' \/>\n            \n            <input type='hidden' class='gform_hidden' name='gform_unique_id' value='' \/>\n            <input type='hidden' class='gform_hidden' name='state_2' value='WyJbXSIsIjM3MjEwNjc2MWQ5OTVjZGQ2MjRhOWM5YjY5NTAwNzk1Il0=' \/>\n            <input type='hidden' class='gform_hidden' name='gform_target_page_number_2' id='gform_target_page_number_2' value='0' \/>\n            <input type='hidden' class='gform_hidden' name='gform_source_page_number_2' id='gform_source_page_number_2' value='1' \/>\n            <input type='hidden' name='gform_field_values' value='' \/>\n            \n        <\/div>\n                        <\/form>\n                        <\/div><script type='text\/javascript'> jQuery(document).bind('gform_post_render', function(event, formId, currentPage){if(formId == 2) {jQuery('#input_2_10').mask('99\/99\/9999').bind('keypress', function(e){if(e.which == 13){jQuery(this).blur();} } );} } );jQuery(document).bind('gform_post_conditional_logic', function(event, formId, fields, isInit){} );<\/script><script type='text\/javascript'> jQuery(document).ready(function(){jQuery(document).trigger('gform_post_render', [2, 1]) } ); <\/script>[\/vc_column_text][\/vc_column_inner][\/vc_row_inner][\/vc_column][\/vc_row]<\/p>\n<\/div>","protected":false},"excerpt":{"rendered":"<p>[vc_row unlock_row_content=\u00bbyes\u00bb row_height_percent=\u00bb0&#8243; override_padding=\u00bbyes\u00bb h_padding=\u00bb0&#8243; top_padding=\u00bb0&#8243; bottom_padding=\u00bb0&#8243; back_color=\u00bbcolor-482803&#8243; overlay_alpha=\u00bb50&#8243; equal_height=\u00bbyes\u00bb gutter_size=\u00bb0&#8243; column_width_percent=\u00bb100&#8243; shift_y=\u00bb0&#8243; z_index=\u00bb0&#8243; content_parallax=\u00bb0&#8243; uncode_shortcode_id=\u00bb771338&#8243; back_color_type=\u00bbuncode-palette\u00bb][vc_column column_width_percent=\u00bb100&#8243; position_vertical=\u00bbbottom\u00bb gutter_size=\u00bb3&#8243; [&hellip;]<\/p>\n","protected":false},"author":4,"featured_media":2163,"parent":0,"menu_order":0,"comment_status":"closed","ping_status":"closed","template":"","meta":{"_acf_changed":false,"footnotes":""},"class_list":["post-161507","page","type-page","status-publish","has-post-thumbnail","hentry"],"acf":[],"yoast_head":"<!-- This site is optimized with the Yoast SEO plugin v27.4 - https:\/\/yoast.com\/product\/yoast-seo-wordpress\/ -->\n<title>Servicio de Masaje M\u00f3vil Mallorca | Contacto<\/title>\n<meta name=\"description\" content=\"El Servicio M\u00f3vil de Bienestar y Masajes ofrece tratamientos hol\u00edsticos y terap\u00e9uticos directamente a tu puerta, est\u00e9s donde est\u00e9s en Mallorca.\" \/>\n<meta name=\"robots\" content=\"index, follow, max-snippet:-1, max-image-preview:large, max-video-preview:-1\" \/>\n<link rel=\"canonical\" href=\"https:\/\/wellnessmassagemallorca.com\/es\/ponte-en-contacto\/\" \/>\n<meta property=\"og:locale\" content=\"es_ES\" \/>\n<meta property=\"og:type\" content=\"article\" \/>\n<meta property=\"og:title\" content=\"Servicio de Masaje M\u00f3vil Mallorca | Contacto\" \/>\n<meta property=\"og:description\" content=\"El Servicio M\u00f3vil de Bienestar y Masajes ofrece tratamientos hol\u00edsticos y terap\u00e9uticos directamente a tu puerta, est\u00e9s donde est\u00e9s en Mallorca.\" \/>\n<meta property=\"og:url\" content=\"https:\/\/wellnessmassagemallorca.com\/es\/ponte-en-contacto\/\" \/>\n<meta property=\"og:site_name\" content=\"WELLNESS MASSAGE MALLORCA | Villa &amp; Yacht Service\" \/>\n<meta property=\"article:publisher\" content=\"https:\/\/www.facebook.com\/wellnessmassagemallorca\/\" \/>\n<meta property=\"article:modified_time\" content=\"2026-04-14T23:42:59+00:00\" \/>\n<meta property=\"og:image\" content=\"https:\/\/wellnessmassagemallorca.com\/wp-content\/uploads\/2019\/09\/bg-header-contac.jpg\" \/>\n\t<meta property=\"og:image:width\" content=\"1280\" \/>\n\t<meta property=\"og:image:height\" content=\"580\" \/>\n\t<meta property=\"og:image:type\" content=\"image\/jpeg\" \/>\n<meta name=\"twitter:card\" content=\"summary_large_image\" \/>\n<meta name=\"twitter:label1\" content=\"Tiempo de lectura\" \/>\n\t<meta name=\"twitter:data1\" content=\"3 minutos\" \/>\n<script type=\"application\/ld+json\" class=\"yoast-schema-graph\">{\"@context\":\"https:\\\/\\\/schema.org\",\"@graph\":[{\"@type\":\"WebPage\",\"@id\":\"https:\\\/\\\/wellnessmassagemallorca.com\\\/es\\\/ponte-en-contacto\\\/\",\"url\":\"https:\\\/\\\/wellnessmassagemallorca.com\\\/es\\\/ponte-en-contacto\\\/\",\"name\":\"Servicio de Masaje M\u00f3vil Mallorca | Contacto\",\"isPartOf\":{\"@id\":\"https:\\\/\\\/wellnessmassagemallorca.com\\\/es\\\/#website\"},\"primaryImageOfPage\":{\"@id\":\"https:\\\/\\\/wellnessmassagemallorca.com\\\/es\\\/ponte-en-contacto\\\/#primaryimage\"},\"image\":{\"@id\":\"https:\\\/\\\/wellnessmassagemallorca.com\\\/es\\\/ponte-en-contacto\\\/#primaryimage\"},\"thumbnailUrl\":\"https:\\\/\\\/wellnessmassagemallorca.com\\\/wp-content\\\/uploads\\\/2019\\\/09\\\/bg-header-contac.jpg\",\"datePublished\":\"2026-04-13T18:28:56+00:00\",\"dateModified\":\"2026-04-14T23:42:59+00:00\",\"description\":\"El Servicio M\u00f3vil de Bienestar y Masajes ofrece tratamientos hol\u00edsticos y terap\u00e9uticos directamente a tu puerta, est\u00e9s donde est\u00e9s en Mallorca.\",\"breadcrumb\":{\"@id\":\"https:\\\/\\\/wellnessmassagemallorca.com\\\/es\\\/ponte-en-contacto\\\/#breadcrumb\"},\"inLanguage\":\"es\",\"potentialAction\":[{\"@type\":\"ReadAction\",\"target\":[\"https:\\\/\\\/wellnessmassagemallorca.com\\\/es\\\/ponte-en-contacto\\\/\"]}]},{\"@type\":\"ImageObject\",\"inLanguage\":\"es\",\"@id\":\"https:\\\/\\\/wellnessmassagemallorca.com\\\/es\\\/ponte-en-contacto\\\/#primaryimage\",\"url\":\"https:\\\/\\\/wellnessmassagemallorca.com\\\/wp-content\\\/uploads\\\/2019\\\/09\\\/bg-header-contac.jpg\",\"contentUrl\":\"https:\\\/\\\/wellnessmassagemallorca.com\\\/wp-content\\\/uploads\\\/2019\\\/09\\\/bg-header-contac.jpg\",\"width\":1280,\"height\":580,\"caption\":\"Servicio m\u00f3vil profesional de masajes en Mallorca. Tratamientos de alta calidad\"},{\"@type\":\"BreadcrumbList\",\"@id\":\"https:\\\/\\\/wellnessmassagemallorca.com\\\/es\\\/ponte-en-contacto\\\/#breadcrumb\",\"itemListElement\":[{\"@type\":\"ListItem\",\"position\":1,\"name\":\"Home\",\"item\":\"https:\\\/\\\/wellnessmassagemallorca.com\\\/es\\\/\"},{\"@type\":\"ListItem\",\"position\":2,\"name\":\"Ponte en contacto\"}]},{\"@type\":\"WebSite\",\"@id\":\"https:\\\/\\\/wellnessmassagemallorca.com\\\/es\\\/#website\",\"url\":\"https:\\\/\\\/wellnessmassagemallorca.com\\\/es\\\/\",\"name\":\"WELLNESS MASSAGE MALLORCA\",\"description\":\"Professional mobile wellness &amp; massage treatments on Mallorca - right to your door step. \",\"publisher\":{\"@id\":\"https:\\\/\\\/wellnessmassagemallorca.com\\\/es\\\/#organization\"},\"potentialAction\":[{\"@type\":\"SearchAction\",\"target\":{\"@type\":\"EntryPoint\",\"urlTemplate\":\"https:\\\/\\\/wellnessmassagemallorca.com\\\/es\\\/?s={search_term_string}\"},\"query-input\":{\"@type\":\"PropertyValueSpecification\",\"valueRequired\":true,\"valueName\":\"search_term_string\"}}],\"inLanguage\":\"es\"},{\"@type\":\"Organization\",\"@id\":\"https:\\\/\\\/wellnessmassagemallorca.com\\\/es\\\/#organization\",\"name\":\"WELLNESS MASSAGE MALLORCA\",\"url\":\"https:\\\/\\\/wellnessmassagemallorca.com\\\/es\\\/\",\"logo\":{\"@type\":\"ImageObject\",\"inLanguage\":\"es\",\"@id\":\"https:\\\/\\\/wellnessmassagemallorca.com\\\/es\\\/#\\\/schema\\\/logo\\\/image\\\/\",\"url\":\"https:\\\/\\\/wellnessmassagemallorca.com\\\/wp-content\\\/uploads\\\/2020\\\/10\\\/cropped-369038D6-D2CC-4CD8-9DE4-C6B45B291BCC_4_5005_c-1.jpeg\",\"contentUrl\":\"https:\\\/\\\/wellnessmassagemallorca.com\\\/wp-content\\\/uploads\\\/2020\\\/10\\\/cropped-369038D6-D2CC-4CD8-9DE4-C6B45B291BCC_4_5005_c-1.jpeg\",\"width\":512,\"height\":512,\"caption\":\"WELLNESS MASSAGE MALLORCA\"},\"image\":{\"@id\":\"https:\\\/\\\/wellnessmassagemallorca.com\\\/es\\\/#\\\/schema\\\/logo\\\/image\\\/\"},\"sameAs\":[\"https:\\\/\\\/www.facebook.com\\\/wellnessmassagemallorca\\\/\",\"https:\\\/\\\/www.instagram.com\\\/wellness.massage.mallorca\\\/\"]}]}<\/script>\n<!-- \/ Yoast SEO plugin. -->","yoast_head_json":{"title":"Servicio de Masaje M\u00f3vil Mallorca | Contacto","description":"El Servicio M\u00f3vil de Bienestar y Masajes ofrece tratamientos hol\u00edsticos y terap\u00e9uticos directamente a tu puerta, est\u00e9s donde est\u00e9s en Mallorca.","robots":{"index":"index","follow":"follow","max-snippet":"max-snippet:-1","max-image-preview":"max-image-preview:large","max-video-preview":"max-video-preview:-1"},"canonical":"https:\/\/wellnessmassagemallorca.com\/es\/ponte-en-contacto\/","og_locale":"es_ES","og_type":"article","og_title":"Servicio de Masaje M\u00f3vil Mallorca | Contacto","og_description":"El Servicio M\u00f3vil de Bienestar y Masajes ofrece tratamientos hol\u00edsticos y terap\u00e9uticos directamente a tu puerta, est\u00e9s donde est\u00e9s en Mallorca.","og_url":"https:\/\/wellnessmassagemallorca.com\/es\/ponte-en-contacto\/","og_site_name":"WELLNESS MASSAGE MALLORCA | Villa &amp; Yacht Service","article_publisher":"https:\/\/www.facebook.com\/wellnessmassagemallorca\/","article_modified_time":"2026-04-14T23:42:59+00:00","og_image":[{"width":1280,"height":580,"url":"https:\/\/wellnessmassagemallorca.com\/wp-content\/uploads\/2019\/09\/bg-header-contac.jpg","type":"image\/jpeg"}],"twitter_card":"summary_large_image","twitter_misc":{"Tiempo de lectura":"3 minutos"},"schema":{"@context":"https:\/\/schema.org","@graph":[{"@type":"WebPage","@id":"https:\/\/wellnessmassagemallorca.com\/es\/ponte-en-contacto\/","url":"https:\/\/wellnessmassagemallorca.com\/es\/ponte-en-contacto\/","name":"Servicio de Masaje M\u00f3vil Mallorca | Contacto","isPartOf":{"@id":"https:\/\/wellnessmassagemallorca.com\/es\/#website"},"primaryImageOfPage":{"@id":"https:\/\/wellnessmassagemallorca.com\/es\/ponte-en-contacto\/#primaryimage"},"image":{"@id":"https:\/\/wellnessmassagemallorca.com\/es\/ponte-en-contacto\/#primaryimage"},"thumbnailUrl":"https:\/\/wellnessmassagemallorca.com\/wp-content\/uploads\/2019\/09\/bg-header-contac.jpg","datePublished":"2026-04-13T18:28:56+00:00","dateModified":"2026-04-14T23:42:59+00:00","description":"El Servicio M\u00f3vil de Bienestar y Masajes ofrece tratamientos hol\u00edsticos y terap\u00e9uticos directamente a tu puerta, est\u00e9s donde est\u00e9s en Mallorca.","breadcrumb":{"@id":"https:\/\/wellnessmassagemallorca.com\/es\/ponte-en-contacto\/#breadcrumb"},"inLanguage":"es","potentialAction":[{"@type":"ReadAction","target":["https:\/\/wellnessmassagemallorca.com\/es\/ponte-en-contacto\/"]}]},{"@type":"ImageObject","inLanguage":"es","@id":"https:\/\/wellnessmassagemallorca.com\/es\/ponte-en-contacto\/#primaryimage","url":"https:\/\/wellnessmassagemallorca.com\/wp-content\/uploads\/2019\/09\/bg-header-contac.jpg","contentUrl":"https:\/\/wellnessmassagemallorca.com\/wp-content\/uploads\/2019\/09\/bg-header-contac.jpg","width":1280,"height":580,"caption":"Servicio m\u00f3vil profesional de masajes en Mallorca. Tratamientos de alta calidad"},{"@type":"BreadcrumbList","@id":"https:\/\/wellnessmassagemallorca.com\/es\/ponte-en-contacto\/#breadcrumb","itemListElement":[{"@type":"ListItem","position":1,"name":"Home","item":"https:\/\/wellnessmassagemallorca.com\/es\/"},{"@type":"ListItem","position":2,"name":"Ponte en contacto"}]},{"@type":"WebSite","@id":"https:\/\/wellnessmassagemallorca.com\/es\/#website","url":"https:\/\/wellnessmassagemallorca.com\/es\/","name":"WELLNESS MASSAGE MALLORCA","description":"Professional mobile wellness &amp; massage treatments on Mallorca - right to your door step. ","publisher":{"@id":"https:\/\/wellnessmassagemallorca.com\/es\/#organization"},"potentialAction":[{"@type":"SearchAction","target":{"@type":"EntryPoint","urlTemplate":"https:\/\/wellnessmassagemallorca.com\/es\/?s={search_term_string}"},"query-input":{"@type":"PropertyValueSpecification","valueRequired":true,"valueName":"search_term_string"}}],"inLanguage":"es"},{"@type":"Organization","@id":"https:\/\/wellnessmassagemallorca.com\/es\/#organization","name":"WELLNESS MASSAGE MALLORCA","url":"https:\/\/wellnessmassagemallorca.com\/es\/","logo":{"@type":"ImageObject","inLanguage":"es","@id":"https:\/\/wellnessmassagemallorca.com\/es\/#\/schema\/logo\/image\/","url":"https:\/\/wellnessmassagemallorca.com\/wp-content\/uploads\/2020\/10\/cropped-369038D6-D2CC-4CD8-9DE4-C6B45B291BCC_4_5005_c-1.jpeg","contentUrl":"https:\/\/wellnessmassagemallorca.com\/wp-content\/uploads\/2020\/10\/cropped-369038D6-D2CC-4CD8-9DE4-C6B45B291BCC_4_5005_c-1.jpeg","width":512,"height":512,"caption":"WELLNESS MASSAGE MALLORCA"},"image":{"@id":"https:\/\/wellnessmassagemallorca.com\/es\/#\/schema\/logo\/image\/"},"sameAs":["https:\/\/www.facebook.com\/wellnessmassagemallorca\/","https:\/\/www.instagram.com\/wellness.massage.mallorca\/"]}]}},"_links":{"self":[{"href":"https:\/\/wellnessmassagemallorca.com\/es\/wp-json\/wp\/v2\/pages\/161507","targetHints":{"allow":["GET"]}}],"collection":[{"href":"https:\/\/wellnessmassagemallorca.com\/es\/wp-json\/wp\/v2\/pages"}],"about":[{"href":"https:\/\/wellnessmassagemallorca.com\/es\/wp-json\/wp\/v2\/types\/page"}],"author":[{"embeddable":true,"href":"https:\/\/wellnessmassagemallorca.com\/es\/wp-json\/wp\/v2\/users\/4"}],"replies":[{"embeddable":true,"href":"https:\/\/wellnessmassagemallorca.com\/es\/wp-json\/wp\/v2\/comments?post=161507"}],"version-history":[{"count":21,"href":"https:\/\/wellnessmassagemallorca.com\/es\/wp-json\/wp\/v2\/pages\/161507\/revisions"}],"predecessor-version":[{"id":161674,"href":"https:\/\/wellnessmassagemallorca.com\/es\/wp-json\/wp\/v2\/pages\/161507\/revisions\/161674"}],"wp:featuredmedia":[{"embeddable":true,"href":"https:\/\/wellnessmassagemallorca.com\/es\/wp-json\/wp\/v2\/media\/2163"}],"wp:attachment":[{"href":"https:\/\/wellnessmassagemallorca.com\/es\/wp-json\/wp\/v2\/media?parent=161507"}],"curies":[{"name":"wp","href":"https:\/\/api.w.org\/{rel}","templated":true}]}}