{"id":160953,"date":"2026-04-13T15:17:59","date_gmt":"2026-04-13T13:17:59","guid":{"rendered":"https:\/\/wellnessmassagemallorca.com\/politica-de-privacidad\/"},"modified":"2026-04-13T15:17:59","modified_gmt":"2026-04-13T13:17:59","slug":"politica-de-privacidad","status":"publish","type":"page","link":"https:\/\/wellnessmassagemallorca.com\/es\/politica-de-privacidad\/","title":{"rendered":"Pol\u00edtica de privacidad"},"content":{"rendered":"<div class=\"wpb-content-wrapper\"><p>[vc_row unlock_row=\u00bb\u00bb row_height_percent=\u00bb0&#8243; override_padding=\u00bbyes\u00bb h_padding=\u00bb2&#8243; top_padding=\u00bb2&#8243; bottom_padding=\u00bb5&#8243; overlay_alpha=\u00bb50&#8243; gutter_size=\u00bb3&#8243; column_width_percent=\u00bb100&#8243; shift_y=\u00bb0&#8243; z_index=\u00bb0&#8243; content_parallax=\u00bb0&#8243; uncode_shortcode_id=\u00bb962150&#8243;][vc_column][vc_custom_heading auto_text=\u00bbyes\u00bb text_color=\u00bbaccent\u00bb heading_semantic=\u00bbh1&#8243; text_size=\u00bbh1&#8243; uncode_shortcode_id=\u00bb277183&#8243; text_color_type=\u00bbuncode-palette\u00bb]Se trata de un elemento de encabezamiento personalizado.[\/vc_custom_heading][vc_column_text uncode_shortcode_id=\u00bb194535&#8243;]<\/p>\n<h2>1. \u00bfQui\u00e9nes somos?<\/h2>\n<p>Este sitio web es propiedad de Sabine Fahrenkrug con NIE X5729482K con domicilio social en 07014 Palma de Mallorca (en adelante \u00abWELLNESS MASSAGE MALLORCA\u00bb).<\/p>\n<h2>2. Informaci\u00f3n y consentimiento<\/h2>\n<p>Mediante la aceptaci\u00f3n de la presente Pol\u00edtica de Privacidad, el usuario (en adelante, el \u00abUsuario\u00bb o los \u00abUsuarios\u00bb) queda informado y presta su consentimiento libre, informado, espec\u00edfico e inequ\u00edvoco respecto de los datos personales facilitados a trav\u00e9s de la p\u00e1gina Web ubicada en la URL  [https:\/\/wellnessmassagemallorca .com \/]  (en adelante, el \u00abSitio Web\u00bb) son tratados por WELLNESS MASSAGE MALLORCA, as\u00ed como los datos derivados de tu navegaci\u00f3n y otros datos que nos puedas facilitar en un futuro.<\/p>\n<p>El Usuario debe leer atentamente la presente Pol\u00edtica de Privacidad, que ha sido redactada de forma clara y sencilla, para facilitar su comprensi\u00f3n, y el Usuario puede determinar, libre y voluntariamente, si desea facilitar sus datos personales a WELLNESS MASSAGE MALLORCA.<\/p>\n<h2>3. Obligaci\u00f3n de facilitar los datos<\/h2>\n<p>Los datos solicitados en los formularios web son generalmente obligatorios (salvo que se especifique lo contrario en el campo obligatorio) para cumplir con los fines para los que se recogen.<\/p>\n<p>Por tanto, si no se facilitan o no se facilitan correctamente, no podr\u00e1n ser atendidos, sin perjuicio de que puedas visualizar libremente el contenido del Sitio Web.<\/p>\n<h2>4. \u00bfCon qu\u00e9 finalidad tratar\u00e1 WELLNESS MASSAGE MALLORCA los datos del Usuario?<\/h2>\n<p>Los datos personales facilitados a trav\u00e9s del Sitio Web ser\u00e1n tratados por WELLNESS MASSAGE MALLORCA con la finalidad de gestionar, tramitar y dar respuesta a las peticiones, solicitudes, incidencias o consultas del Usuario.<\/p>\n<p>Para revocar dicho consentimiento, el Usuario podr\u00e1 ponerse en contacto con WELLNESS MASSAGE MALLORCA a trav\u00e9s de info@wellnessmassagemallorca.com.<\/p>\n<h2>5. Comunicaciones comerciales y promocionales<\/h2>\n<p>Una de las finalidades para las que WELLNESS MASSAGE MALLORCA trata los datos personales facilitados por los Usuarios es para remitirles comunicaciones comerciales con informaci\u00f3n relativa a productos, servicios, promociones, ofertas, eventos o noticias relevantes para los Usuarios.<\/p>\n<p>En caso de que el Usuario desee dejar de recibir comunicaciones comerciales o promocionales de WELLNESS MASSAGE MALLORCA, podr\u00e1 solicitar la baja del servicio enviando un correo electr\u00f3nico a la siguiente direcci\u00f3n de correo electr\u00f3nico: info@wellnessmassagemallorca.com<\/p>\n<h2>6. Responsabilidad del usuario<\/h2>\n<p>El Usuario garantiza que los datos facilitados por WELLNESS MASSAGE MALLORCA son verdaderos, exactos, completos y actualizados. A estos efectos, la Usuaria responde de la veracidad de todos aquellos datos que comunique y mantendr\u00e1 la informaci\u00f3n facilitada convenientemente actualizada, de forma que responda a su situaci\u00f3n real. <\/p>\n<p>Garantiza que ha informado a los terceros de los que facilita sus datos, en caso de que lo hagan, de los aspectos contenidos en este documento. Asimismo, garantiza que ha obtenido su autorizaci\u00f3n para facilitar sus datos a WELLNESS MASSAGE MALLORCA para los fines se\u00f1alados.<br \/>\nSer\u00e1s responsable de las informaciones falsas o inexactas que proporciones a trav\u00e9s del Sitio Web y de los da\u00f1os y perjuicios, directos o indirectos, que ello cause a WELLNESS MASSAGE MALLORCA o a terceros. <\/p>\n<h2>7. Ejercicio de derechos<\/h2>\n<p>En nombre de la empresa tratamos la informaci\u00f3n que nos facilitas con el fin de enviarte publicidad relacionada con nuestros productos y servicios por correo electr\u00f3nico e invitarte a eventos organizados por la empresa. Los datos facilitados se conservar\u00e1n mientras no solicites el cese de la actividad. Los datos no se transferir\u00e1n a terceros, salvo en los casos en que exista una obligaci\u00f3n legal. Tienes derecho a obtener confirmaci\u00f3n sobre si en WELLNESS MASSAGE MALLORCA estamos tratando tus datos personales. Por tanto, tienes derecho a acceder a tus datos personales, rectificar los datos inexactos o solicitar su supresi\u00f3n cuando los datos ya no sean necesarios para los fines que fueron recogidos.    <\/p>\n<h2>8. Cambios<\/h2>\n<p>WELLNESS MASSAGE MALLORCA se reserva el derecho de revisar su Pol\u00edtica de Privacidad en el momento que lo considere oportuno, en cuyo caso se comunicar\u00e1 a los Usuarios. Por este motivo, te rogamos que consultes peri\u00f3dicamente esta declaraci\u00f3n de privacidad para leer la \u00faltima versi\u00f3n de la Pol\u00edtica de Privacidad de WELLNESS MASSAGE MALLORCA. <\/p>\n<h2>9. Aceptaci\u00f3n y consentimiento<\/h2>\n<p>El Usuario declara haber sido informado de las condiciones sobre protecci\u00f3n de datos de car\u00e1cter personal, aceptando y consintiendo el tratamiento automatizado de los mismos por parte de WELLNESS MASSAGE MALLORCA, en la forma y para las finalidades indicadas en la presente Pol\u00edtica de Privacidad.[\/vc_column_text][\/vc_column][\/vc_row]<\/p>\n<\/div>","protected":false},"excerpt":{"rendered":"<p>[vc_row unlock_row=\u00bb\u00bb row_height_percent=\u00bb0&#8243; override_padding=\u00bbyes\u00bb h_padding=\u00bb2&#8243; top_padding=\u00bb2&#8243; bottom_padding=\u00bb5&#8243; overlay_alpha=\u00bb50&#8243; gutter_size=\u00bb3&#8243; column_width_percent=\u00bb100&#8243; shift_y=\u00bb0&#8243; z_index=\u00bb0&#8243; content_parallax=\u00bb0&#8243; uncode_shortcode_id=\u00bb962150&#8243;][vc_column][vc_custom_heading auto_text=\u00bbyes\u00bb text_color=\u00bbaccent\u00bb heading_semantic=\u00bbh1&#8243; text_size=\u00bbh1&#8243; uncode_shortcode_id=\u00bb277183&#8243; text_color_type=\u00bbuncode-palette\u00bb]Se [&hellip;]<\/p>\n","protected":false},"author":3,"featured_media":0,"parent":0,"menu_order":0,"comment_status":"closed","ping_status":"closed","template":"","meta":{"_acf_changed":false,"footnotes":""},"class_list":["post-160953","page","type-page","status-publish","hentry"],"acf":[],"yoast_head":"<!-- This site is optimized with the Yoast SEO plugin v27.4 - https:\/\/yoast.com\/product\/yoast-seo-wordpress\/ -->\n<title>Pol\u00edtica de privacidad | WELLNESS MASSAGE MALLORCA | Villa &amp; Yacht Service<\/title>\n<meta name=\"robots\" content=\"noindex, nofollow\" \/>\n<meta property=\"og:locale\" content=\"es_ES\" \/>\n<meta property=\"og:type\" content=\"article\" \/>\n<meta property=\"og:title\" content=\"Pol\u00edtica de privacidad | WELLNESS MASSAGE MALLORCA | Villa &amp; Yacht Service\" \/>\n<meta property=\"og:description\" content=\"[vc_row unlock_row=\u00bb\u00bb row_height_percent=\u00bb0&#8243; override_padding=\u00bbyes\u00bb h_padding=\u00bb2&#8243; top_padding=\u00bb2&#8243; bottom_padding=\u00bb5&#8243; overlay_alpha=\u00bb50&#8243; gutter_size=\u00bb3&#8243; column_width_percent=\u00bb100&#8243; shift_y=\u00bb0&#8243; z_index=\u00bb0&#8243; content_parallax=\u00bb0&#8243; uncode_shortcode_id=\u00bb962150&#8243;][vc_column][vc_custom_heading auto_text=\u00bbyes\u00bb text_color=\u00bbaccent\u00bb heading_semantic=\u00bbh1&#8243; text_size=\u00bbh1&#8243; uncode_shortcode_id=\u00bb277183&#8243; text_color_type=\u00bbuncode-palette\u00bb]Se [&hellip;]\" \/>\n<meta property=\"og:url\" content=\"https:\/\/wellnessmassagemallorca.com\/es\/politica-de-privacidad\/\" \/>\n<meta property=\"og:site_name\" content=\"WELLNESS MASSAGE MALLORCA | Villa &amp; Yacht Service\" \/>\n<meta property=\"article:publisher\" content=\"https:\/\/www.facebook.com\/wellnessmassagemallorca\/\" \/>\n<meta name=\"twitter:card\" content=\"summary_large_image\" \/>\n<meta name=\"twitter:label1\" content=\"Tiempo de lectura\" \/>\n\t<meta name=\"twitter:data1\" content=\"4 minutos\" \/>\n<script type=\"application\/ld+json\" class=\"yoast-schema-graph\">{\"@context\":\"https:\\\/\\\/schema.org\",\"@graph\":[{\"@type\":\"WebPage\",\"@id\":\"https:\\\/\\\/wellnessmassagemallorca.com\\\/es\\\/politica-de-privacidad\\\/\",\"url\":\"https:\\\/\\\/wellnessmassagemallorca.com\\\/es\\\/politica-de-privacidad\\\/\",\"name\":\"Pol\u00edtica de privacidad | WELLNESS MASSAGE MALLORCA | Villa &amp; Yacht Service\",\"isPartOf\":{\"@id\":\"https:\\\/\\\/wellnessmassagemallorca.com\\\/es\\\/#website\"},\"datePublished\":\"2026-04-13T13:17:59+00:00\",\"breadcrumb\":{\"@id\":\"https:\\\/\\\/wellnessmassagemallorca.com\\\/es\\\/politica-de-privacidad\\\/#breadcrumb\"},\"inLanguage\":\"es\",\"potentialAction\":[{\"@type\":\"ReadAction\",\"target\":[\"https:\\\/\\\/wellnessmassagemallorca.com\\\/es\\\/politica-de-privacidad\\\/\"]}]},{\"@type\":\"BreadcrumbList\",\"@id\":\"https:\\\/\\\/wellnessmassagemallorca.com\\\/es\\\/politica-de-privacidad\\\/#breadcrumb\",\"itemListElement\":[{\"@type\":\"ListItem\",\"position\":1,\"name\":\"Home\",\"item\":\"https:\\\/\\\/wellnessmassagemallorca.com\\\/es\\\/\"},{\"@type\":\"ListItem\",\"position\":2,\"name\":\"Pol\u00edtica de privacidad\"}]},{\"@type\":\"WebSite\",\"@id\":\"https:\\\/\\\/wellnessmassagemallorca.com\\\/es\\\/#website\",\"url\":\"https:\\\/\\\/wellnessmassagemallorca.com\\\/es\\\/\",\"name\":\"WELLNESS MASSAGE MALLORCA\",\"description\":\"Professional mobile wellness &amp; massage treatments on Mallorca - right to your door step. \",\"publisher\":{\"@id\":\"https:\\\/\\\/wellnessmassagemallorca.com\\\/es\\\/#organization\"},\"potentialAction\":[{\"@type\":\"SearchAction\",\"target\":{\"@type\":\"EntryPoint\",\"urlTemplate\":\"https:\\\/\\\/wellnessmassagemallorca.com\\\/es\\\/?s={search_term_string}\"},\"query-input\":{\"@type\":\"PropertyValueSpecification\",\"valueRequired\":true,\"valueName\":\"search_term_string\"}}],\"inLanguage\":\"es\"},{\"@type\":\"Organization\",\"@id\":\"https:\\\/\\\/wellnessmassagemallorca.com\\\/es\\\/#organization\",\"name\":\"WELLNESS MASSAGE MALLORCA\",\"url\":\"https:\\\/\\\/wellnessmassagemallorca.com\\\/es\\\/\",\"logo\":{\"@type\":\"ImageObject\",\"inLanguage\":\"es\",\"@id\":\"https:\\\/\\\/wellnessmassagemallorca.com\\\/es\\\/#\\\/schema\\\/logo\\\/image\\\/\",\"url\":\"https:\\\/\\\/wellnessmassagemallorca.com\\\/wp-content\\\/uploads\\\/2020\\\/10\\\/cropped-369038D6-D2CC-4CD8-9DE4-C6B45B291BCC_4_5005_c-1.jpeg\",\"contentUrl\":\"https:\\\/\\\/wellnessmassagemallorca.com\\\/wp-content\\\/uploads\\\/2020\\\/10\\\/cropped-369038D6-D2CC-4CD8-9DE4-C6B45B291BCC_4_5005_c-1.jpeg\",\"width\":512,\"height\":512,\"caption\":\"WELLNESS MASSAGE MALLORCA\"},\"image\":{\"@id\":\"https:\\\/\\\/wellnessmassagemallorca.com\\\/es\\\/#\\\/schema\\\/logo\\\/image\\\/\"},\"sameAs\":[\"https:\\\/\\\/www.facebook.com\\\/wellnessmassagemallorca\\\/\",\"https:\\\/\\\/www.instagram.com\\\/wellness.massage.mallorca\\\/\"]}]}<\/script>\n<!-- \/ Yoast SEO plugin. -->","yoast_head_json":{"title":"Pol\u00edtica de privacidad | WELLNESS MASSAGE MALLORCA | Villa &amp; Yacht Service","robots":{"index":"noindex","follow":"nofollow"},"og_locale":"es_ES","og_type":"article","og_title":"Pol\u00edtica de privacidad | WELLNESS MASSAGE MALLORCA | Villa &amp; Yacht Service","og_description":"[vc_row unlock_row=\u00bb\u00bb row_height_percent=\u00bb0&#8243; override_padding=\u00bbyes\u00bb h_padding=\u00bb2&#8243; top_padding=\u00bb2&#8243; bottom_padding=\u00bb5&#8243; overlay_alpha=\u00bb50&#8243; gutter_size=\u00bb3&#8243; column_width_percent=\u00bb100&#8243; shift_y=\u00bb0&#8243; z_index=\u00bb0&#8243; content_parallax=\u00bb0&#8243; uncode_shortcode_id=\u00bb962150&#8243;][vc_column][vc_custom_heading auto_text=\u00bbyes\u00bb text_color=\u00bbaccent\u00bb heading_semantic=\u00bbh1&#8243; text_size=\u00bbh1&#8243; uncode_shortcode_id=\u00bb277183&#8243; text_color_type=\u00bbuncode-palette\u00bb]Se [&hellip;]","og_url":"https:\/\/wellnessmassagemallorca.com\/es\/politica-de-privacidad\/","og_site_name":"WELLNESS MASSAGE MALLORCA | Villa &amp; Yacht Service","article_publisher":"https:\/\/www.facebook.com\/wellnessmassagemallorca\/","twitter_card":"summary_large_image","twitter_misc":{"Tiempo de lectura":"4 minutos"},"schema":{"@context":"https:\/\/schema.org","@graph":[{"@type":"WebPage","@id":"https:\/\/wellnessmassagemallorca.com\/es\/politica-de-privacidad\/","url":"https:\/\/wellnessmassagemallorca.com\/es\/politica-de-privacidad\/","name":"Pol\u00edtica de privacidad | WELLNESS MASSAGE MALLORCA | Villa &amp; Yacht Service","isPartOf":{"@id":"https:\/\/wellnessmassagemallorca.com\/es\/#website"},"datePublished":"2026-04-13T13:17:59+00:00","breadcrumb":{"@id":"https:\/\/wellnessmassagemallorca.com\/es\/politica-de-privacidad\/#breadcrumb"},"inLanguage":"es","potentialAction":[{"@type":"ReadAction","target":["https:\/\/wellnessmassagemallorca.com\/es\/politica-de-privacidad\/"]}]},{"@type":"BreadcrumbList","@id":"https:\/\/wellnessmassagemallorca.com\/es\/politica-de-privacidad\/#breadcrumb","itemListElement":[{"@type":"ListItem","position":1,"name":"Home","item":"https:\/\/wellnessmassagemallorca.com\/es\/"},{"@type":"ListItem","position":2,"name":"Pol\u00edtica de privacidad"}]},{"@type":"WebSite","@id":"https:\/\/wellnessmassagemallorca.com\/es\/#website","url":"https:\/\/wellnessmassagemallorca.com\/es\/","name":"WELLNESS MASSAGE MALLORCA","description":"Professional mobile wellness &amp; massage treatments on Mallorca - right to your door step. ","publisher":{"@id":"https:\/\/wellnessmassagemallorca.com\/es\/#organization"},"potentialAction":[{"@type":"SearchAction","target":{"@type":"EntryPoint","urlTemplate":"https:\/\/wellnessmassagemallorca.com\/es\/?s={search_term_string}"},"query-input":{"@type":"PropertyValueSpecification","valueRequired":true,"valueName":"search_term_string"}}],"inLanguage":"es"},{"@type":"Organization","@id":"https:\/\/wellnessmassagemallorca.com\/es\/#organization","name":"WELLNESS MASSAGE MALLORCA","url":"https:\/\/wellnessmassagemallorca.com\/es\/","logo":{"@type":"ImageObject","inLanguage":"es","@id":"https:\/\/wellnessmassagemallorca.com\/es\/#\/schema\/logo\/image\/","url":"https:\/\/wellnessmassagemallorca.com\/wp-content\/uploads\/2020\/10\/cropped-369038D6-D2CC-4CD8-9DE4-C6B45B291BCC_4_5005_c-1.jpeg","contentUrl":"https:\/\/wellnessmassagemallorca.com\/wp-content\/uploads\/2020\/10\/cropped-369038D6-D2CC-4CD8-9DE4-C6B45B291BCC_4_5005_c-1.jpeg","width":512,"height":512,"caption":"WELLNESS MASSAGE MALLORCA"},"image":{"@id":"https:\/\/wellnessmassagemallorca.com\/es\/#\/schema\/logo\/image\/"},"sameAs":["https:\/\/www.facebook.com\/wellnessmassagemallorca\/","https:\/\/www.instagram.com\/wellness.massage.mallorca\/"]}]}},"_links":{"self":[{"href":"https:\/\/wellnessmassagemallorca.com\/es\/wp-json\/wp\/v2\/pages\/160953","targetHints":{"allow":["GET"]}}],"collection":[{"href":"https:\/\/wellnessmassagemallorca.com\/es\/wp-json\/wp\/v2\/pages"}],"about":[{"href":"https:\/\/wellnessmassagemallorca.com\/es\/wp-json\/wp\/v2\/types\/page"}],"author":[{"embeddable":true,"href":"https:\/\/wellnessmassagemallorca.com\/es\/wp-json\/wp\/v2\/users\/3"}],"replies":[{"embeddable":true,"href":"https:\/\/wellnessmassagemallorca.com\/es\/wp-json\/wp\/v2\/comments?post=160953"}],"version-history":[{"count":2,"href":"https:\/\/wellnessmassagemallorca.com\/es\/wp-json\/wp\/v2\/pages\/160953\/revisions"}],"predecessor-version":[{"id":160955,"href":"https:\/\/wellnessmassagemallorca.com\/es\/wp-json\/wp\/v2\/pages\/160953\/revisions\/160955"}],"wp:attachment":[{"href":"https:\/\/wellnessmassagemallorca.com\/es\/wp-json\/wp\/v2\/media?parent=160953"}],"curies":[{"name":"wp","href":"https:\/\/api.w.org\/{rel}","templated":true}]}}