{"id":160947,"date":"2026-04-13T15:17:22","date_gmt":"2026-04-13T13:17:22","guid":{"rendered":"https:\/\/wellnessmassagemallorca.com\/aviso-legal\/"},"modified":"2026-04-13T15:17:23","modified_gmt":"2026-04-13T13:17:23","slug":"aviso-legal","status":"publish","type":"page","link":"https:\/\/wellnessmassagemallorca.com\/es\/aviso-legal\/","title":{"rendered":"Aviso legal"},"content":{"rendered":"<div class=\"wpb-content-wrapper\"><p>[vc_row row_height_percent=\u00bb0&#8243; override_padding=\u00bbyes\u00bb h_padding=\u00bb2&#8243; top_padding=\u00bb2&#8243; bottom_padding=\u00bb5&#8243; overlay_alpha=\u00bb50&#8243; gutter_size=\u00bb3&#8243; column_width_percent=\u00bb100&#8243; shift_y=\u00bb0&#8243; z_index=\u00bb0&#8243; content_parallax=\u00bb0&#8243; uncode_shortcode_id=\u00bb140909&#8243;][vc_column][vc_custom_heading auto_text=\u00bbyes\u00bb text_color=\u00bbaccent\u00bb heading_semantic=\u00bbh1&#8243; text_size=\u00bbh1&#8243; uncode_shortcode_id=\u00bb709594&#8243; text_color_type=\u00bbuncode-palette\u00bb]Se trata de un elemento de encabezamiento personalizado.[\/vc_custom_heading][vc_column_text uncode_shortcode_id=\u00bb157084&#8243;]El presente Aviso Legal regula las condiciones generales de acceso y uso del sitio web accesible en la URL<br \/>\nwww.wellnessmassagemallorca.com<br \/>\n(en adelante, el \u00abSitio Web\u00bb). La utilizaci\u00f3n del Sitio Web implica la aceptaci\u00f3n plena y sin reservas de todas y cada una de las disposiciones incluidas en este Aviso Legal. Por tanto, el usuario debe leer atentamente el presente Aviso Legal en cada una de las ocasiones en que se proponga utilizar el Sitio Web, ya que el texto puede sufrir modificaciones a criterio del titular o debido a cambios legislativos, jurisprudenciales o en la pr\u00e1ctica empresarial.  <\/p>\n<h2>Derecho a la informaci\u00f3n<\/h2>\n<p>En cumplimiento del deber de informaci\u00f3n recogido en el art\u00edculo 10 de la Ley 34\/2002, de 11 de julio, de Servicios de la Sociedad de la Informaci\u00f3n y de Comercio Electr\u00f3nico, te informamos que el Sitio Web es propiedad de Sabine Fahrenkrug (NIE X5729482K), con domicilio social en 07014 Palma de Mallorca.<\/p>\n<p>Tiene un seguro de responsabilidad civil profesional:<br \/>\nOCASO, Avenida Via Alemania, Esquina, Calle General Riera, S\/N, 07003 Palma de Mallorca.<\/p>\n<p>A partir de ahora, nos referiremos a la propietaria del Sitio Web por su nombre comercial, WELLNESS MASSAGE MALLORCA. Puedes ponerte en contacto con nosotros a trav\u00e9s del siguiente formulario de correo electr\u00f3nico:<br \/>\n<a href=\"mailto:info@wellnessmassagemallorca.com\" rel=\"noopener\">info@wellnessmassagemallorca.com.<\/a><\/p>\n<h2>Usuarios<\/h2>\n<p>El Sitio Web facilita a los usuarios el acceso a informaci\u00f3n y servicios ofrecidos por WELLNESS MASSAGE MALLORCA a aquellas personas u organizaciones interesadas en los mismos.<\/p>\n<h2>Uso del Sitio Web<\/h2>\n<p>El acceso al Sitio Web es gratuito para los usuarios. El Sitio Web puede proporcionar acceso a multitud de contenidos (textos, gr\u00e1ficos, software, etc.) pertenecientes a la empresa o a terceros. <\/p>\n<p>El Usuario asume la responsabilidad del uso del Sitio Web. Dicha responsabilidad se extiende al registro que fuese necesario para acceder a determinados contenidos o servicios. El Usuario se compromete a hacer un uso adecuado de los contenidos y servicios, no emple\u00e1ndolos para incurrir en actividades il\u00edcitas o que puedan perjudicar a la empresa o a terceros.  <\/p>\n<h2>Contenido del sitio web<\/h2>\n<p>WELLNESS MASSAGE MALLORCA podr\u00e1 modificar el contenido del sitio sin previo aviso. Queda prohibida la utilizaci\u00f3n de los contenidos con fines comerciales sin autorizaci\u00f3n previa. <\/p>\n<p>Los enlaces de terceros a este sitio web deben abrir la p\u00e1gina completa sin proporcionar informaci\u00f3n enga\u00f1osa.<\/p>\n<h2>Limitaci\u00f3n de responsabilidad<\/h2>\n<p>WELLNESS MASSAGE MALLORCA no se hace responsable de los da\u00f1os que pudieran derivarse del acceso o uso del Sitio Web. No se hace responsable de los errores de seguridad ni de los da\u00f1os causados por virus o por el mal funcionamiento del navegador. <\/p>\n<h2>Uso de la tecnolog\u00eda de cookies<\/h2>\n<p>Puedes consultar nuestra Pol\u00edtica de Cookies para obtener m\u00e1s informaci\u00f3n sobre el uso de cookies en el Sitio Web.<\/p>\n<h2>Propiedad Intelectual e Industrial<\/h2>\n<p>Todos los derechos de propiedad industrial e intelectual del Sitio Web y de sus contenidos pertenecen a WELLNESS MASSAGE MALLORCA. Cualquier uso distinto al autorizado est\u00e1 prohibido. <\/p>\n<h2>Pol\u00edtica de Privacidad y Protecci\u00f3n de Datos<\/h2>\n<p>Puedes consultar nuestra pol\u00edtica de privacidad y protecci\u00f3n de datos, que regula el tratamiento de tus datos personales.[\/vc_column_text][\/vc_column][\/vc_row]<\/p>\n<\/div>","protected":false},"excerpt":{"rendered":"<p>[vc_row row_height_percent=\u00bb0&#8243; override_padding=\u00bbyes\u00bb h_padding=\u00bb2&#8243; top_padding=\u00bb2&#8243; bottom_padding=\u00bb5&#8243; overlay_alpha=\u00bb50&#8243; gutter_size=\u00bb3&#8243; column_width_percent=\u00bb100&#8243; shift_y=\u00bb0&#8243; z_index=\u00bb0&#8243; content_parallax=\u00bb0&#8243; uncode_shortcode_id=\u00bb140909&#8243;][vc_column][vc_custom_heading auto_text=\u00bbyes\u00bb text_color=\u00bbaccent\u00bb heading_semantic=\u00bbh1&#8243; text_size=\u00bbh1&#8243; uncode_shortcode_id=\u00bb709594&#8243; text_color_type=\u00bbuncode-palette\u00bb]Se trata [&hellip;]<\/p>\n","protected":false},"author":3,"featured_media":0,"parent":0,"menu_order":0,"comment_status":"closed","ping_status":"closed","template":"","meta":{"_acf_changed":false,"footnotes":""},"class_list":["post-160947","page","type-page","status-publish","hentry"],"acf":[],"yoast_head":"<!-- This site is optimized with the Yoast SEO plugin v27.4 - https:\/\/yoast.com\/product\/yoast-seo-wordpress\/ -->\n<title>Aviso legal | WELLNESS MASSAGE MALLORCA | Villa &amp; Yacht Service<\/title>\n<meta name=\"robots\" content=\"noindex, nofollow\" \/>\n<meta property=\"og:locale\" content=\"es_ES\" \/>\n<meta property=\"og:type\" content=\"article\" \/>\n<meta property=\"og:title\" content=\"Aviso legal | WELLNESS MASSAGE MALLORCA | Villa &amp; Yacht Service\" \/>\n<meta property=\"og:description\" content=\"[vc_row row_height_percent=\u00bb0&#8243; override_padding=\u00bbyes\u00bb h_padding=\u00bb2&#8243; top_padding=\u00bb2&#8243; bottom_padding=\u00bb5&#8243; overlay_alpha=\u00bb50&#8243; gutter_size=\u00bb3&#8243; column_width_percent=\u00bb100&#8243; shift_y=\u00bb0&#8243; z_index=\u00bb0&#8243; content_parallax=\u00bb0&#8243; uncode_shortcode_id=\u00bb140909&#8243;][vc_column][vc_custom_heading auto_text=\u00bbyes\u00bb text_color=\u00bbaccent\u00bb heading_semantic=\u00bbh1&#8243; text_size=\u00bbh1&#8243; uncode_shortcode_id=\u00bb709594&#8243; text_color_type=\u00bbuncode-palette\u00bb]Se trata [&hellip;]\" \/>\n<meta property=\"og:url\" content=\"https:\/\/wellnessmassagemallorca.com\/es\/aviso-legal\/\" \/>\n<meta property=\"og:site_name\" content=\"WELLNESS MASSAGE MALLORCA | Villa &amp; Yacht Service\" \/>\n<meta property=\"article:publisher\" content=\"https:\/\/www.facebook.com\/wellnessmassagemallorca\/\" \/>\n<meta property=\"article:modified_time\" content=\"2026-04-13T13:17:23+00:00\" \/>\n<meta name=\"twitter:card\" content=\"summary_large_image\" \/>\n<meta name=\"twitter:label1\" content=\"Tiempo de lectura\" \/>\n\t<meta name=\"twitter:data1\" content=\"3 minutos\" \/>\n<script type=\"application\/ld+json\" class=\"yoast-schema-graph\">{\"@context\":\"https:\\\/\\\/schema.org\",\"@graph\":[{\"@type\":\"WebPage\",\"@id\":\"https:\\\/\\\/wellnessmassagemallorca.com\\\/es\\\/aviso-legal\\\/\",\"url\":\"https:\\\/\\\/wellnessmassagemallorca.com\\\/es\\\/aviso-legal\\\/\",\"name\":\"Aviso legal | WELLNESS MASSAGE MALLORCA | Villa &amp; Yacht Service\",\"isPartOf\":{\"@id\":\"https:\\\/\\\/wellnessmassagemallorca.com\\\/es\\\/#website\"},\"datePublished\":\"2026-04-13T13:17:22+00:00\",\"dateModified\":\"2026-04-13T13:17:23+00:00\",\"breadcrumb\":{\"@id\":\"https:\\\/\\\/wellnessmassagemallorca.com\\\/es\\\/aviso-legal\\\/#breadcrumb\"},\"inLanguage\":\"es\",\"potentialAction\":[{\"@type\":\"ReadAction\",\"target\":[\"https:\\\/\\\/wellnessmassagemallorca.com\\\/es\\\/aviso-legal\\\/\"]}]},{\"@type\":\"BreadcrumbList\",\"@id\":\"https:\\\/\\\/wellnessmassagemallorca.com\\\/es\\\/aviso-legal\\\/#breadcrumb\",\"itemListElement\":[{\"@type\":\"ListItem\",\"position\":1,\"name\":\"Home\",\"item\":\"https:\\\/\\\/wellnessmassagemallorca.com\\\/es\\\/\"},{\"@type\":\"ListItem\",\"position\":2,\"name\":\"Aviso legal\"}]},{\"@type\":\"WebSite\",\"@id\":\"https:\\\/\\\/wellnessmassagemallorca.com\\\/es\\\/#website\",\"url\":\"https:\\\/\\\/wellnessmassagemallorca.com\\\/es\\\/\",\"name\":\"WELLNESS MASSAGE MALLORCA\",\"description\":\"Professional mobile wellness &amp; massage treatments on Mallorca - right to your door step. \",\"publisher\":{\"@id\":\"https:\\\/\\\/wellnessmassagemallorca.com\\\/es\\\/#organization\"},\"potentialAction\":[{\"@type\":\"SearchAction\",\"target\":{\"@type\":\"EntryPoint\",\"urlTemplate\":\"https:\\\/\\\/wellnessmassagemallorca.com\\\/es\\\/?s={search_term_string}\"},\"query-input\":{\"@type\":\"PropertyValueSpecification\",\"valueRequired\":true,\"valueName\":\"search_term_string\"}}],\"inLanguage\":\"es\"},{\"@type\":\"Organization\",\"@id\":\"https:\\\/\\\/wellnessmassagemallorca.com\\\/es\\\/#organization\",\"name\":\"WELLNESS MASSAGE MALLORCA\",\"url\":\"https:\\\/\\\/wellnessmassagemallorca.com\\\/es\\\/\",\"logo\":{\"@type\":\"ImageObject\",\"inLanguage\":\"es\",\"@id\":\"https:\\\/\\\/wellnessmassagemallorca.com\\\/es\\\/#\\\/schema\\\/logo\\\/image\\\/\",\"url\":\"https:\\\/\\\/wellnessmassagemallorca.com\\\/wp-content\\\/uploads\\\/2020\\\/10\\\/cropped-369038D6-D2CC-4CD8-9DE4-C6B45B291BCC_4_5005_c-1.jpeg\",\"contentUrl\":\"https:\\\/\\\/wellnessmassagemallorca.com\\\/wp-content\\\/uploads\\\/2020\\\/10\\\/cropped-369038D6-D2CC-4CD8-9DE4-C6B45B291BCC_4_5005_c-1.jpeg\",\"width\":512,\"height\":512,\"caption\":\"WELLNESS MASSAGE MALLORCA\"},\"image\":{\"@id\":\"https:\\\/\\\/wellnessmassagemallorca.com\\\/es\\\/#\\\/schema\\\/logo\\\/image\\\/\"},\"sameAs\":[\"https:\\\/\\\/www.facebook.com\\\/wellnessmassagemallorca\\\/\",\"https:\\\/\\\/www.instagram.com\\\/wellness.massage.mallorca\\\/\"]}]}<\/script>\n<!-- \/ Yoast SEO plugin. -->","yoast_head_json":{"title":"Aviso legal | WELLNESS MASSAGE MALLORCA | Villa &amp; Yacht Service","robots":{"index":"noindex","follow":"nofollow"},"og_locale":"es_ES","og_type":"article","og_title":"Aviso legal | WELLNESS MASSAGE MALLORCA | Villa &amp; Yacht Service","og_description":"[vc_row row_height_percent=\u00bb0&#8243; override_padding=\u00bbyes\u00bb h_padding=\u00bb2&#8243; top_padding=\u00bb2&#8243; bottom_padding=\u00bb5&#8243; overlay_alpha=\u00bb50&#8243; gutter_size=\u00bb3&#8243; column_width_percent=\u00bb100&#8243; shift_y=\u00bb0&#8243; z_index=\u00bb0&#8243; content_parallax=\u00bb0&#8243; uncode_shortcode_id=\u00bb140909&#8243;][vc_column][vc_custom_heading auto_text=\u00bbyes\u00bb text_color=\u00bbaccent\u00bb heading_semantic=\u00bbh1&#8243; text_size=\u00bbh1&#8243; uncode_shortcode_id=\u00bb709594&#8243; text_color_type=\u00bbuncode-palette\u00bb]Se trata [&hellip;]","og_url":"https:\/\/wellnessmassagemallorca.com\/es\/aviso-legal\/","og_site_name":"WELLNESS MASSAGE MALLORCA | Villa &amp; Yacht Service","article_publisher":"https:\/\/www.facebook.com\/wellnessmassagemallorca\/","article_modified_time":"2026-04-13T13:17:23+00:00","twitter_card":"summary_large_image","twitter_misc":{"Tiempo de lectura":"3 minutos"},"schema":{"@context":"https:\/\/schema.org","@graph":[{"@type":"WebPage","@id":"https:\/\/wellnessmassagemallorca.com\/es\/aviso-legal\/","url":"https:\/\/wellnessmassagemallorca.com\/es\/aviso-legal\/","name":"Aviso legal | WELLNESS MASSAGE MALLORCA | Villa &amp; Yacht Service","isPartOf":{"@id":"https:\/\/wellnessmassagemallorca.com\/es\/#website"},"datePublished":"2026-04-13T13:17:22+00:00","dateModified":"2026-04-13T13:17:23+00:00","breadcrumb":{"@id":"https:\/\/wellnessmassagemallorca.com\/es\/aviso-legal\/#breadcrumb"},"inLanguage":"es","potentialAction":[{"@type":"ReadAction","target":["https:\/\/wellnessmassagemallorca.com\/es\/aviso-legal\/"]}]},{"@type":"BreadcrumbList","@id":"https:\/\/wellnessmassagemallorca.com\/es\/aviso-legal\/#breadcrumb","itemListElement":[{"@type":"ListItem","position":1,"name":"Home","item":"https:\/\/wellnessmassagemallorca.com\/es\/"},{"@type":"ListItem","position":2,"name":"Aviso legal"}]},{"@type":"WebSite","@id":"https:\/\/wellnessmassagemallorca.com\/es\/#website","url":"https:\/\/wellnessmassagemallorca.com\/es\/","name":"WELLNESS MASSAGE MALLORCA","description":"Professional mobile wellness &amp; massage treatments on Mallorca - right to your door step. ","publisher":{"@id":"https:\/\/wellnessmassagemallorca.com\/es\/#organization"},"potentialAction":[{"@type":"SearchAction","target":{"@type":"EntryPoint","urlTemplate":"https:\/\/wellnessmassagemallorca.com\/es\/?s={search_term_string}"},"query-input":{"@type":"PropertyValueSpecification","valueRequired":true,"valueName":"search_term_string"}}],"inLanguage":"es"},{"@type":"Organization","@id":"https:\/\/wellnessmassagemallorca.com\/es\/#organization","name":"WELLNESS MASSAGE MALLORCA","url":"https:\/\/wellnessmassagemallorca.com\/es\/","logo":{"@type":"ImageObject","inLanguage":"es","@id":"https:\/\/wellnessmassagemallorca.com\/es\/#\/schema\/logo\/image\/","url":"https:\/\/wellnessmassagemallorca.com\/wp-content\/uploads\/2020\/10\/cropped-369038D6-D2CC-4CD8-9DE4-C6B45B291BCC_4_5005_c-1.jpeg","contentUrl":"https:\/\/wellnessmassagemallorca.com\/wp-content\/uploads\/2020\/10\/cropped-369038D6-D2CC-4CD8-9DE4-C6B45B291BCC_4_5005_c-1.jpeg","width":512,"height":512,"caption":"WELLNESS MASSAGE MALLORCA"},"image":{"@id":"https:\/\/wellnessmassagemallorca.com\/es\/#\/schema\/logo\/image\/"},"sameAs":["https:\/\/www.facebook.com\/wellnessmassagemallorca\/","https:\/\/www.instagram.com\/wellness.massage.mallorca\/"]}]}},"_links":{"self":[{"href":"https:\/\/wellnessmassagemallorca.com\/es\/wp-json\/wp\/v2\/pages\/160947","targetHints":{"allow":["GET"]}}],"collection":[{"href":"https:\/\/wellnessmassagemallorca.com\/es\/wp-json\/wp\/v2\/pages"}],"about":[{"href":"https:\/\/wellnessmassagemallorca.com\/es\/wp-json\/wp\/v2\/types\/page"}],"author":[{"embeddable":true,"href":"https:\/\/wellnessmassagemallorca.com\/es\/wp-json\/wp\/v2\/users\/3"}],"replies":[{"embeddable":true,"href":"https:\/\/wellnessmassagemallorca.com\/es\/wp-json\/wp\/v2\/comments?post=160947"}],"version-history":[{"count":2,"href":"https:\/\/wellnessmassagemallorca.com\/es\/wp-json\/wp\/v2\/pages\/160947\/revisions"}],"predecessor-version":[{"id":160949,"href":"https:\/\/wellnessmassagemallorca.com\/es\/wp-json\/wp\/v2\/pages\/160947\/revisions\/160949"}],"wp:attachment":[{"href":"https:\/\/wellnessmassagemallorca.com\/es\/wp-json\/wp\/v2\/media?parent=160947"}],"curies":[{"name":"wp","href":"https:\/\/api.w.org\/{rel}","templated":true}]}}