{"id":160928,"date":"2026-04-13T15:04:47","date_gmt":"2026-04-13T13:04:47","guid":{"rendered":"https:\/\/wellnessmassagemallorca.com\/politica-de-cookies\/"},"modified":"2026-04-13T15:15:43","modified_gmt":"2026-04-13T13:15:43","slug":"politica-de-cookies","status":"publish","type":"page","link":"https:\/\/wellnessmassagemallorca.com\/es\/politica-de-cookies\/","title":{"rendered":"Pol\u00edtica de cookies"},"content":{"rendered":"<div class=\"wpb-content-wrapper\"><p>[vc_row row_height_percent=\u00bb0&#8243; override_padding=\u00bbyes\u00bb h_padding=\u00bb2&#8243; top_padding=\u00bb2&#8243; bottom_padding=\u00bb5&#8243; overlay_alpha=\u00bb50&#8243; gutter_size=\u00bb3&#8243; column_width_percent=\u00bb100&#8243; shift_y=\u00bb0&#8243; z_index=\u00bb0&#8243; content_parallax=\u00bb0&#8243; uncode_shortcode_id=\u00bb315107&#8243;][vc_column][vc_custom_heading auto_text=\u00bbyes\u00bb text_color=\u00bbaccent\u00bb heading_semantic=\u00bbh1&#8243; text_size=\u00bbh1&#8243; uncode_shortcode_id=\u00bb214739&#8243; text_color_type=\u00bbuncode-palette\u00bb]Se trata de un elemento de encabezamiento personalizado.[\/vc_custom_heading][vc_column_text uncode_shortcode_id=\u00bb379472&#8243;]Una cookie es un peque\u00f1o archivo de texto que se almacena en tu navegador cuando visitas casi cualquier p\u00e1gina web. Su finalidad es ayudar al sitio web a recordar tu visita cuando vuelvas. Las cookies suelen almacenar informaci\u00f3n t\u00e9cnica, preferencias personales, personalizaci\u00f3n de contenidos, estad\u00edsticas de uso, enlaces a redes sociales, acceso a cuentas de usuario, etc. Sin las cookies, los servicios ofrecidos por cualquier p\u00e1gina se reducir\u00edan significativamente.   <\/p>\n<h2>Cookies utilizadas en este sitio web<\/h2>\n<p>De acuerdo con las directrices de la Agencia Espa\u00f1ola de Protecci\u00f3n de Datos, en este sitio web te facilitamos informaci\u00f3n detallada sobre el uso de cookies con el objeto de informarte con la m\u00e1xima exactitud posible.<\/p>\n<p><strong>Tipos de cookies que utilizamos:<\/strong><\/p>\n<ol>\n<li><strong>Cookies esenciales<\/strong>: Son cookies de sesi\u00f3n que garantizan que los usuarios que comentan en el blog son humanos y no aplicaciones automatizadas, ayudando a combatir el spam.<\/li>\n<li><strong>Cookies no esenciales<\/strong>:\n<ul>\n<li><strong>Google Analytics<\/strong>: Estas cookies se utilizan para recopilar estad\u00edsticas sobre el tr\u00e1fico y el volumen de visitas a este sitio web. Al utilizar este sitio web, consientes el tratamiento de informaci\u00f3n acerca de ti por Google. Para ejercer cualquier derecho relacionado con estos datos, deber\u00e1s ponerte en contacto directamente con Google.  <\/li>\n<li><strong>Redes sociales<\/strong>: Cada red social utiliza sus propias cookies para habilitar funcionalidades como \u00abMe gusta\u00bb o \u00abCompartir\u00bb.<\/li>\n<\/ul>\n<\/li>\n<\/ol>\n<h2>Desactivaci\u00f3n o eliminaci\u00f3n de cookies<\/h2>\n<p>Tienes derecho a desactivar o eliminar las cookies de este sitio web en cualquier momento. Puedes hacerlo a trav\u00e9s de la configuraci\u00f3n de tu navegador. Aqu\u00ed tienes una gu\u00eda r\u00e1pida para los navegadores m\u00e1s populares:  <\/p>\n<ul>\n<li><a target=\"_new\" rel=\"noopener\">Gu\u00eda para Chrome<\/a><\/li>\n<li><a href=\"https:\/\/support.mozilla.org\/en-US\/kb\/delete-cookies-remove-info-websites-stored\" target=\"_new\" rel=\"noopener\">Gu\u00eda para Firefox<\/a><\/li>\n<li><a href=\"https:\/\/support.apple.com\/en-us\/HT201265\" target=\"_new\" rel=\"noopener\">Gu\u00eda para Safari<\/a><\/li>\n<\/ul>\n<p><strong>Notas adicionales<\/strong><\/p>\n<ul>\n<li>Ni este sitio web ni sus representantes legales se hacen responsables ni del contenido ni de la veracidad de las pol\u00edticas de privacidad de los terceros mencionados en esta pol\u00edtica de cookies.<\/li>\n<li>Los navegadores web son los responsables de almacenar las cookies, y t\u00fa debes ejercer tu derecho a eliminarlas o desactivarlas mediante la configuraci\u00f3n de tu navegador. No podemos garantizar la correcta gesti\u00f3n de las cookies por parte de los mencionados navegadores. <\/li>\n<li>En algunos casos, puede ser necesario instalar cookies para garantizar que se recuerde tu preferencia de no aceptarlas.<\/li>\n<li>En cuanto a las cookies de Google Analytics, \u00e9stas se almacenan en servidores ubicados en Estados Unidos. Google no comparte esta informaci\u00f3n con terceros a menos que sea necesario para el funcionamiento del sistema o lo exija la ley. Seg\u00fan Google, tu direcci\u00f3n IP no se guarda, y Google Inc. se adhiere al Acuerdo de Puerto Seguro, garantizando que todos los datos transferidos se tratan con un nivel de protecci\u00f3n conforme a la normativa europea.  <\/li>\n<\/ul>\n<p>Si tienes alguna pregunta o duda sobre esta pol\u00edtica de cookies, no dudes en ponerte en contacto con nosotros a trav\u00e9s de la secci\u00f3n de contacto.[\/vc_column_text][\/vc_column][\/vc_row]<\/p>\n<\/div>","protected":false},"excerpt":{"rendered":"<p>[vc_row row_height_percent=\u00bb0&#8243; override_padding=\u00bbyes\u00bb h_padding=\u00bb2&#8243; top_padding=\u00bb2&#8243; bottom_padding=\u00bb5&#8243; overlay_alpha=\u00bb50&#8243; gutter_size=\u00bb3&#8243; column_width_percent=\u00bb100&#8243; shift_y=\u00bb0&#8243; z_index=\u00bb0&#8243; content_parallax=\u00bb0&#8243; uncode_shortcode_id=\u00bb315107&#8243;][vc_column][vc_custom_heading auto_text=\u00bbyes\u00bb text_color=\u00bbaccent\u00bb heading_semantic=\u00bbh1&#8243; text_size=\u00bbh1&#8243; uncode_shortcode_id=\u00bb214739&#8243; text_color_type=\u00bbuncode-palette\u00bb]Se trata [&hellip;]<\/p>\n","protected":false},"author":3,"featured_media":0,"parent":0,"menu_order":0,"comment_status":"closed","ping_status":"closed","template":"","meta":{"_acf_changed":false,"footnotes":""},"class_list":["post-160928","page","type-page","status-publish","hentry"],"acf":[],"yoast_head":"<!-- This site is optimized with the Yoast SEO plugin v27.4 - https:\/\/yoast.com\/product\/yoast-seo-wordpress\/ -->\n<title>Pol\u00edtica de cookies | WELLNESS MASSAGE MALLORCA | Villa &amp; Yacht Service<\/title>\n<meta name=\"robots\" content=\"index, follow, max-snippet:-1, max-image-preview:large, max-video-preview:-1\" \/>\n<link rel=\"canonical\" href=\"https:\/\/wellnessmassagemallorca.com\/es\/politica-de-cookies\/\" \/>\n<meta property=\"og:locale\" content=\"es_ES\" \/>\n<meta property=\"og:type\" content=\"article\" \/>\n<meta property=\"og:title\" content=\"Pol\u00edtica de cookies | WELLNESS MASSAGE MALLORCA | Villa &amp; Yacht Service\" \/>\n<meta property=\"og:description\" content=\"[vc_row row_height_percent=\u00bb0&#8243; override_padding=\u00bbyes\u00bb h_padding=\u00bb2&#8243; top_padding=\u00bb2&#8243; bottom_padding=\u00bb5&#8243; overlay_alpha=\u00bb50&#8243; gutter_size=\u00bb3&#8243; column_width_percent=\u00bb100&#8243; shift_y=\u00bb0&#8243; z_index=\u00bb0&#8243; content_parallax=\u00bb0&#8243; uncode_shortcode_id=\u00bb315107&#8243;][vc_column][vc_custom_heading auto_text=\u00bbyes\u00bb text_color=\u00bbaccent\u00bb heading_semantic=\u00bbh1&#8243; text_size=\u00bbh1&#8243; uncode_shortcode_id=\u00bb214739&#8243; text_color_type=\u00bbuncode-palette\u00bb]Se trata [&hellip;]\" \/>\n<meta property=\"og:url\" content=\"https:\/\/wellnessmassagemallorca.com\/es\/politica-de-cookies\/\" \/>\n<meta property=\"og:site_name\" content=\"WELLNESS MASSAGE MALLORCA | Villa &amp; Yacht Service\" \/>\n<meta property=\"article:publisher\" content=\"https:\/\/www.facebook.com\/wellnessmassagemallorca\/\" \/>\n<meta property=\"article:modified_time\" content=\"2026-04-13T13:15:43+00:00\" \/>\n<meta name=\"twitter:card\" content=\"summary_large_image\" \/>\n<meta name=\"twitter:label1\" content=\"Tiempo de lectura\" \/>\n\t<meta name=\"twitter:data1\" content=\"3 minutos\" \/>\n<script type=\"application\/ld+json\" class=\"yoast-schema-graph\">{\"@context\":\"https:\\\/\\\/schema.org\",\"@graph\":[{\"@type\":\"WebPage\",\"@id\":\"https:\\\/\\\/wellnessmassagemallorca.com\\\/es\\\/politica-de-cookies\\\/\",\"url\":\"https:\\\/\\\/wellnessmassagemallorca.com\\\/es\\\/politica-de-cookies\\\/\",\"name\":\"Pol\u00edtica de cookies | WELLNESS MASSAGE MALLORCA | Villa &amp; Yacht Service\",\"isPartOf\":{\"@id\":\"https:\\\/\\\/wellnessmassagemallorca.com\\\/es\\\/#website\"},\"datePublished\":\"2026-04-13T13:04:47+00:00\",\"dateModified\":\"2026-04-13T13:15:43+00:00\",\"breadcrumb\":{\"@id\":\"https:\\\/\\\/wellnessmassagemallorca.com\\\/es\\\/politica-de-cookies\\\/#breadcrumb\"},\"inLanguage\":\"es\",\"potentialAction\":[{\"@type\":\"ReadAction\",\"target\":[\"https:\\\/\\\/wellnessmassagemallorca.com\\\/es\\\/politica-de-cookies\\\/\"]}]},{\"@type\":\"BreadcrumbList\",\"@id\":\"https:\\\/\\\/wellnessmassagemallorca.com\\\/es\\\/politica-de-cookies\\\/#breadcrumb\",\"itemListElement\":[{\"@type\":\"ListItem\",\"position\":1,\"name\":\"Home\",\"item\":\"https:\\\/\\\/wellnessmassagemallorca.com\\\/es\\\/\"},{\"@type\":\"ListItem\",\"position\":2,\"name\":\"Pol\u00edtica de cookies\"}]},{\"@type\":\"WebSite\",\"@id\":\"https:\\\/\\\/wellnessmassagemallorca.com\\\/es\\\/#website\",\"url\":\"https:\\\/\\\/wellnessmassagemallorca.com\\\/es\\\/\",\"name\":\"WELLNESS MASSAGE MALLORCA\",\"description\":\"Professional mobile wellness &amp; massage treatments on Mallorca - right to your door step. \",\"publisher\":{\"@id\":\"https:\\\/\\\/wellnessmassagemallorca.com\\\/es\\\/#organization\"},\"potentialAction\":[{\"@type\":\"SearchAction\",\"target\":{\"@type\":\"EntryPoint\",\"urlTemplate\":\"https:\\\/\\\/wellnessmassagemallorca.com\\\/es\\\/?s={search_term_string}\"},\"query-input\":{\"@type\":\"PropertyValueSpecification\",\"valueRequired\":true,\"valueName\":\"search_term_string\"}}],\"inLanguage\":\"es\"},{\"@type\":\"Organization\",\"@id\":\"https:\\\/\\\/wellnessmassagemallorca.com\\\/es\\\/#organization\",\"name\":\"WELLNESS MASSAGE MALLORCA\",\"url\":\"https:\\\/\\\/wellnessmassagemallorca.com\\\/es\\\/\",\"logo\":{\"@type\":\"ImageObject\",\"inLanguage\":\"es\",\"@id\":\"https:\\\/\\\/wellnessmassagemallorca.com\\\/es\\\/#\\\/schema\\\/logo\\\/image\\\/\",\"url\":\"https:\\\/\\\/wellnessmassagemallorca.com\\\/wp-content\\\/uploads\\\/2020\\\/10\\\/cropped-369038D6-D2CC-4CD8-9DE4-C6B45B291BCC_4_5005_c-1.jpeg\",\"contentUrl\":\"https:\\\/\\\/wellnessmassagemallorca.com\\\/wp-content\\\/uploads\\\/2020\\\/10\\\/cropped-369038D6-D2CC-4CD8-9DE4-C6B45B291BCC_4_5005_c-1.jpeg\",\"width\":512,\"height\":512,\"caption\":\"WELLNESS MASSAGE MALLORCA\"},\"image\":{\"@id\":\"https:\\\/\\\/wellnessmassagemallorca.com\\\/es\\\/#\\\/schema\\\/logo\\\/image\\\/\"},\"sameAs\":[\"https:\\\/\\\/www.facebook.com\\\/wellnessmassagemallorca\\\/\",\"https:\\\/\\\/www.instagram.com\\\/wellness.massage.mallorca\\\/\"]}]}<\/script>\n<!-- \/ Yoast SEO plugin. -->","yoast_head_json":{"title":"Pol\u00edtica de cookies | WELLNESS MASSAGE MALLORCA | Villa &amp; Yacht Service","robots":{"index":"index","follow":"follow","max-snippet":"max-snippet:-1","max-image-preview":"max-image-preview:large","max-video-preview":"max-video-preview:-1"},"canonical":"https:\/\/wellnessmassagemallorca.com\/es\/politica-de-cookies\/","og_locale":"es_ES","og_type":"article","og_title":"Pol\u00edtica de cookies | WELLNESS MASSAGE MALLORCA | Villa &amp; Yacht Service","og_description":"[vc_row row_height_percent=\u00bb0&#8243; override_padding=\u00bbyes\u00bb h_padding=\u00bb2&#8243; top_padding=\u00bb2&#8243; bottom_padding=\u00bb5&#8243; overlay_alpha=\u00bb50&#8243; gutter_size=\u00bb3&#8243; column_width_percent=\u00bb100&#8243; shift_y=\u00bb0&#8243; z_index=\u00bb0&#8243; content_parallax=\u00bb0&#8243; uncode_shortcode_id=\u00bb315107&#8243;][vc_column][vc_custom_heading auto_text=\u00bbyes\u00bb text_color=\u00bbaccent\u00bb heading_semantic=\u00bbh1&#8243; text_size=\u00bbh1&#8243; uncode_shortcode_id=\u00bb214739&#8243; text_color_type=\u00bbuncode-palette\u00bb]Se trata [&hellip;]","og_url":"https:\/\/wellnessmassagemallorca.com\/es\/politica-de-cookies\/","og_site_name":"WELLNESS MASSAGE MALLORCA | Villa &amp; Yacht Service","article_publisher":"https:\/\/www.facebook.com\/wellnessmassagemallorca\/","article_modified_time":"2026-04-13T13:15:43+00:00","twitter_card":"summary_large_image","twitter_misc":{"Tiempo de lectura":"3 minutos"},"schema":{"@context":"https:\/\/schema.org","@graph":[{"@type":"WebPage","@id":"https:\/\/wellnessmassagemallorca.com\/es\/politica-de-cookies\/","url":"https:\/\/wellnessmassagemallorca.com\/es\/politica-de-cookies\/","name":"Pol\u00edtica de cookies | WELLNESS MASSAGE MALLORCA | Villa &amp; Yacht Service","isPartOf":{"@id":"https:\/\/wellnessmassagemallorca.com\/es\/#website"},"datePublished":"2026-04-13T13:04:47+00:00","dateModified":"2026-04-13T13:15:43+00:00","breadcrumb":{"@id":"https:\/\/wellnessmassagemallorca.com\/es\/politica-de-cookies\/#breadcrumb"},"inLanguage":"es","potentialAction":[{"@type":"ReadAction","target":["https:\/\/wellnessmassagemallorca.com\/es\/politica-de-cookies\/"]}]},{"@type":"BreadcrumbList","@id":"https:\/\/wellnessmassagemallorca.com\/es\/politica-de-cookies\/#breadcrumb","itemListElement":[{"@type":"ListItem","position":1,"name":"Home","item":"https:\/\/wellnessmassagemallorca.com\/es\/"},{"@type":"ListItem","position":2,"name":"Pol\u00edtica de cookies"}]},{"@type":"WebSite","@id":"https:\/\/wellnessmassagemallorca.com\/es\/#website","url":"https:\/\/wellnessmassagemallorca.com\/es\/","name":"WELLNESS MASSAGE MALLORCA","description":"Professional mobile wellness &amp; massage treatments on Mallorca - right to your door step. ","publisher":{"@id":"https:\/\/wellnessmassagemallorca.com\/es\/#organization"},"potentialAction":[{"@type":"SearchAction","target":{"@type":"EntryPoint","urlTemplate":"https:\/\/wellnessmassagemallorca.com\/es\/?s={search_term_string}"},"query-input":{"@type":"PropertyValueSpecification","valueRequired":true,"valueName":"search_term_string"}}],"inLanguage":"es"},{"@type":"Organization","@id":"https:\/\/wellnessmassagemallorca.com\/es\/#organization","name":"WELLNESS MASSAGE MALLORCA","url":"https:\/\/wellnessmassagemallorca.com\/es\/","logo":{"@type":"ImageObject","inLanguage":"es","@id":"https:\/\/wellnessmassagemallorca.com\/es\/#\/schema\/logo\/image\/","url":"https:\/\/wellnessmassagemallorca.com\/wp-content\/uploads\/2020\/10\/cropped-369038D6-D2CC-4CD8-9DE4-C6B45B291BCC_4_5005_c-1.jpeg","contentUrl":"https:\/\/wellnessmassagemallorca.com\/wp-content\/uploads\/2020\/10\/cropped-369038D6-D2CC-4CD8-9DE4-C6B45B291BCC_4_5005_c-1.jpeg","width":512,"height":512,"caption":"WELLNESS MASSAGE MALLORCA"},"image":{"@id":"https:\/\/wellnessmassagemallorca.com\/es\/#\/schema\/logo\/image\/"},"sameAs":["https:\/\/www.facebook.com\/wellnessmassagemallorca\/","https:\/\/www.instagram.com\/wellness.massage.mallorca\/"]}]}},"_links":{"self":[{"href":"https:\/\/wellnessmassagemallorca.com\/es\/wp-json\/wp\/v2\/pages\/160928","targetHints":{"allow":["GET"]}}],"collection":[{"href":"https:\/\/wellnessmassagemallorca.com\/es\/wp-json\/wp\/v2\/pages"}],"about":[{"href":"https:\/\/wellnessmassagemallorca.com\/es\/wp-json\/wp\/v2\/types\/page"}],"author":[{"embeddable":true,"href":"https:\/\/wellnessmassagemallorca.com\/es\/wp-json\/wp\/v2\/users\/3"}],"replies":[{"embeddable":true,"href":"https:\/\/wellnessmassagemallorca.com\/es\/wp-json\/wp\/v2\/comments?post=160928"}],"version-history":[{"count":4,"href":"https:\/\/wellnessmassagemallorca.com\/es\/wp-json\/wp\/v2\/pages\/160928\/revisions"}],"predecessor-version":[{"id":160943,"href":"https:\/\/wellnessmassagemallorca.com\/es\/wp-json\/wp\/v2\/pages\/160928\/revisions\/160943"}],"wp:attachment":[{"href":"https:\/\/wellnessmassagemallorca.com\/es\/wp-json\/wp\/v2\/media?parent=160928"}],"curies":[{"name":"wp","href":"https:\/\/api.w.org\/{rel}","templated":true}]}}