{"id":160922,"date":"2026-04-13T15:01:46","date_gmt":"2026-04-13T13:01:46","guid":{"rendered":"https:\/\/wellnessmassagemallorca.com\/servicio-de-yates\/"},"modified":"2026-04-13T15:40:44","modified_gmt":"2026-04-13T13:40:44","slug":"servicio-de-yates","status":"publish","type":"page","link":"https:\/\/wellnessmassagemallorca.com\/es\/servicio-de-yates\/","title":{"rendered":"Servicio de yates"},"content":{"rendered":"<div class=\"wpb-content-wrapper\"><p>[vc_row unlock_row_content=\u00bbyes\u00bb row_height_percent=\u00bb0&#8243; override_padding=\u00bbyes\u00bb h_padding=\u00bb3&#8243; top_padding=\u00bb4&#8243; bottom_padding=\u00bb4&#8243; overlay_alpha=\u00bb50&#8243; gutter_size=\u00bb4&#8243; column_width_percent=\u00bb100&#8243; shift_y=\u00bb0&#8243; z_index=\u00bb0&#8243; content_parallax=\u00bb0&#8243; gap=\u00bb5&#8243; full_height=\u00bbyes\u00bb columns_placement=\u00bbtop\u00bb css=\u00bb.vc_custom_1774980326000{margin-right: 0px !important;margin-left: 0px !important;background-color: #ffffff !important;}\u00bb uncode_shortcode_id=\u00bb404607&#8243;][vc_column column_width_percent=\u00bb100&#8243; gutter_size=\u00bb3&#8243; back_color=\u00bbcolor-lxmt\u00bb overlay_alpha=\u00bb50&#8243; shift_x=\u00bb0&#8243; shift_y=\u00bb0&#8243; shift_y_down=\u00bb0&#8243; z_index=\u00bb0&#8243; medium_width=\u00bb0&#8243; mobile_width=\u00bb0&#8243; width=\u00bb1\/3&#8243; uncode_shortcode_id=\u00bb201797&#8243; back_color_type=\u00bbuncode-palette\u00bb][vc_custom_heading text_color=\u00bbcolor-482803&#8243; uncode_shortcode_id=\u00bb224214&#8243; text_color_type=\u00bbuncode-palette\u00bb]Bienestar de lujo a bordo[\/vc_custom_heading][vc_column_text uncode_shortcode_id=\u00bb121839&#8243;]Nuestro servicio de Masaje en Yate Mallorca lleva la m\u00e1xima relajaci\u00f3n directamente a tu yate. Disfruta de tratamientos de bienestar personalizados, desde masajes de relajaci\u00f3n hasta trabajo corporal terap\u00e9utico, sin salir de tu espacio privado. <\/p>\n<p>Reserva sesiones sueltas o un d\u00eda completo de bienestar a bordo: perfecto para los veraneantes que buscan lujo y privacidad en el Mediterr\u00e1neo.[\/vc_column_text][vc_empty_space empty_h=\u00bb2&#8243;][vc_button button_color=\u00bbcolor-210407&#8243; size=\u00bblink\u00bb btn_link_underline=\u00bbbtn-underline-out\u00bb custom_typo=\u00bbyes\u00bb font_family=\u00bbfont-205659&#8243; font_weight=\u00bb400&#8243; text_transform=\u00bbuppercase\u00bb uncode_shortcode_id=\u00bb193353&#8243; link=\u00bburl:https%3A%2F%2Fwww.illesbalears.travel%2Fen%2Fmallorca|target:_blank|rel:nofollow|\u00bb button_color_type=\u00bbuncode-palette\u00bb]Descubre Mallorca[\/vc_button][vc_button button_color=\u00bbcolor-210407&#8243; size=\u00bblink\u00bb btn_link_underline=\u00bbbtn-underline-out\u00bb custom_typo=\u00bbyes\u00bb font_family=\u00bbfont-205659&#8243; font_weight=\u00bb400&#8243; text_transform=\u00bbuppercase\u00bb uncode_shortcode_id=\u00bb191264&#8243; link=\u00bburl:https%3A%2F%2Fwellnessmassagemallorca.com%2Fes%2Ftratamientos%2F|title:Tratamientos|\u00bb button_color_type=\u00bbuncode-palette\u00bb]Reserva tu masaje m\u00f3vil[\/vc_button][\/vc_column][vc_column column_width_percent=\u00bb100&#8243; gutter_size=\u00bb3&#8243; back_color=\u00bbcolor-lxmt\u00bb overlay_alpha=\u00bb50&#8243; shift_x=\u00bb0&#8243; shift_y=\u00bb0&#8243; shift_y_down=\u00bb0&#8243; z_index=\u00bb0&#8243; medium_width=\u00bb0&#8243; mobile_width=\u00bb0&#8243; width=\u00bb1\/3&#8243; uncode_shortcode_id=\u00bb211528&#8243; back_color_type=\u00bbuncode-palette\u00bb][vc_custom_heading text_color=\u00bbcolor-482803&#8243; uncode_shortcode_id=\u00bb166156&#8243; text_color_type=\u00bbuncode-palette\u00bb]Terapeutas profesionales y servicio personalizado[\/vc_custom_heading][vc_column_text uncode_shortcode_id=\u00bb126614&#8243;]Nuestros experimentados terapeutas de Yacht Massage Mallorca proporcionan tratamientos totalmente personalizados. Para cada sesi\u00f3n, llevamos equipos profesionales y mantenemos los m\u00e1s altos niveles de higiene, garantizando una experiencia segura, discreta y lujosa. <\/p>\n<p>Adaptamos cada masaje a tus necesidades -desde la relajaci\u00f3n hasta los tratamientos de tejido profundo-, haciendo que tu masaje m\u00f3vil a bordo sea excepcionalmente personal.<br \/>\n[\/vc_column_text][vc_empty_space empty_h=\u00bb2&#8243;][vc_button button_color=\u00bbcolor-210407&#8243; size=\u00bblink\u00bb btn_link_underline=\u00bbbtn-underline-out\u00bb custom_typo=\u00bbyes\u00bb font_family=\u00bbfont-205659&#8243; font_weight=\u00bb400&#8243; text_transform=\u00bbuppercase\u00bb uncode_shortcode_id=\u00bb153297&#8243; link=\u00bburl:https%3A%2F%2Fwellnessmassagemallorca.com%2Fes%2Fsobre-mi%2F|title:Sobre%20m%C3%AD|target:_blank|rel:nofollow|\u00bb button_color_type=\u00bbuncode-palette\u00bb]Sobre m\u00ed[\/vc_button][\/vc_column][vc_column column_width_percent=\u00bb100&#8243; gutter_size=\u00bb3&#8243; back_color=\u00bbcolor-lxmt\u00bb overlay_alpha=\u00bb50&#8243; shift_x=\u00bb0&#8243; shift_y=\u00bb0&#8243; shift_y_down=\u00bb0&#8243; z_index=\u00bb0&#8243; medium_width=\u00bb0&#8243; mobile_width=\u00bb0&#8243; width=\u00bb1\/3&#8243; uncode_shortcode_id=\u00bb122401&#8243; back_color_type=\u00bbuncode-palette\u00bb][vc_custom_heading text_color=\u00bbcolor-482803&#8243; uncode_shortcode_id=\u00bb104294&#8243; text_color_type=\u00bbuncode-palette\u00bb]Recuperaci\u00f3n y relajaci\u00f3n despu\u00e9s de las actividades[\/vc_custom_heading][vc_column_text uncode_shortcode_id=\u00bb272401&#8243;]Tras un d\u00eda de navegaci\u00f3n, deportes acu\u00e1ticos o tomando el sol, nuestro masaje m\u00f3vil a bordo de Mallorca te ayuda a liberar la tensi\u00f3n muscular, recuperar la energ\u00eda y rejuvenecer tu cuerpo.<\/p>\n<p>Experimenta el bienestar de lujo en el mar, combinando privacidad, atenci\u00f3n profesional y relajaci\u00f3n plena en tu yate.[\/vc_column_text][vc_empty_space empty_h=\u00bb2&#8243;][vc_button button_color=\u00bbcolor-210407&#8243; size=\u00bblink\u00bb btn_link_underline=\u00bbbtn-underline-out\u00bb custom_typo=\u00bbyes\u00bb font_family=\u00bbfont-205659&#8243; font_weight=\u00bb400&#8243; text_transform=\u00bbuppercase\u00bb uncode_shortcode_id=\u00bb210161&#8243; link=\u00bburl:https%3A%2F%2Fwellnessmassagemallorca.com%2Fes%2Ftratamientos%2F|title:Sobre%20m%C3%AD|target:_blank|rel:nofollow|\u00bb button_color_type=\u00bbuncode-palette\u00bb]Explora los tratamientos[\/vc_button][\/vc_column][\/vc_row]<\/p>\n<\/div>","protected":false},"excerpt":{"rendered":"<p>Llena tu cuerpo con la frescura del aire salado, sintoniza con el ritmo relajante del oc\u00e9ano, conecta en lo m\u00e1s profundo de tu ser. Sum\u00e9rgete en la dicha de un masaje en un yate. <\/p>\n","protected":false},"author":4,"featured_media":1579,"parent":0,"menu_order":0,"comment_status":"closed","ping_status":"closed","template":"","meta":{"_acf_changed":false,"footnotes":""},"class_list":["post-160922","page","type-page","status-publish","has-post-thumbnail","hentry"],"acf":[],"yoast_head":"<!-- This site is optimized with the Yoast SEO plugin v27.4 - https:\/\/yoast.com\/product\/yoast-seo-wordpress\/ -->\n<title>Yacht Massage Mallorca | Masaje a bordo<\/title>\n<meta name=\"description\" content=\"Yacht Massage Mallorca - masaje profesional a bordo. Disfruta de tratamientos de lujo, bienestar privado y relajaci\u00f3n total directamente en tu yate.\" \/>\n<meta name=\"robots\" content=\"index, follow, max-snippet:-1, max-image-preview:large, max-video-preview:-1\" \/>\n<link rel=\"canonical\" href=\"https:\/\/wellnessmassagemallorca.com\/es\/servicio-de-yates\/\" \/>\n<meta property=\"og:locale\" content=\"es_ES\" \/>\n<meta property=\"og:type\" content=\"article\" \/>\n<meta property=\"og:title\" content=\"Yacht Massage Mallorca | Masaje a bordo\" \/>\n<meta property=\"og:description\" content=\"Yacht Massage Mallorca - masaje profesional a bordo. Disfruta de tratamientos de lujo, bienestar privado y relajaci\u00f3n total directamente en tu yate.\" \/>\n<meta property=\"og:url\" content=\"https:\/\/wellnessmassagemallorca.com\/es\/servicio-de-yates\/\" \/>\n<meta property=\"og:site_name\" content=\"WELLNESS MASSAGE MALLORCA | Villa &amp; Yacht Service\" \/>\n<meta property=\"article:publisher\" content=\"https:\/\/www.facebook.com\/wellnessmassagemallorca\/\" \/>\n<meta property=\"article:modified_time\" content=\"2026-04-13T13:40:44+00:00\" \/>\n<meta property=\"og:image\" content=\"https:\/\/wellnessmassagemallorca.com\/wp-content\/uploads\/2019\/09\/IMG_20180902_105139_1280px-e1589643009599.jpg\" \/>\n\t<meta property=\"og:image:width\" content=\"1280\" \/>\n\t<meta property=\"og:image:height\" content=\"832\" \/>\n\t<meta property=\"og:image:type\" content=\"image\/jpeg\" \/>\n<meta name=\"twitter:card\" content=\"summary_large_image\" \/>\n<meta name=\"twitter:label1\" content=\"Tiempo de lectura\" \/>\n\t<meta name=\"twitter:data1\" content=\"3 minutos\" \/>\n<script type=\"application\/ld+json\" class=\"yoast-schema-graph\">{\"@context\":\"https:\\\/\\\/schema.org\",\"@graph\":[{\"@type\":\"WebPage\",\"@id\":\"https:\\\/\\\/wellnessmassagemallorca.com\\\/es\\\/servicio-de-yates\\\/\",\"url\":\"https:\\\/\\\/wellnessmassagemallorca.com\\\/es\\\/servicio-de-yates\\\/\",\"name\":\"Yacht Massage Mallorca | Masaje a bordo\",\"isPartOf\":{\"@id\":\"https:\\\/\\\/wellnessmassagemallorca.com\\\/es\\\/#website\"},\"primaryImageOfPage\":{\"@id\":\"https:\\\/\\\/wellnessmassagemallorca.com\\\/es\\\/servicio-de-yates\\\/#primaryimage\"},\"image\":{\"@id\":\"https:\\\/\\\/wellnessmassagemallorca.com\\\/es\\\/servicio-de-yates\\\/#primaryimage\"},\"thumbnailUrl\":\"https:\\\/\\\/wellnessmassagemallorca.com\\\/wp-content\\\/uploads\\\/2019\\\/09\\\/IMG_20180902_105139_1280px-e1589643009599.jpg\",\"datePublished\":\"2026-04-13T13:01:46+00:00\",\"dateModified\":\"2026-04-13T13:40:44+00:00\",\"description\":\"Yacht Massage Mallorca - masaje profesional a bordo. Disfruta de tratamientos de lujo, bienestar privado y relajaci\u00f3n total directamente en tu yate.\",\"breadcrumb\":{\"@id\":\"https:\\\/\\\/wellnessmassagemallorca.com\\\/es\\\/servicio-de-yates\\\/#breadcrumb\"},\"inLanguage\":\"es\",\"potentialAction\":[{\"@type\":\"ReadAction\",\"target\":[\"https:\\\/\\\/wellnessmassagemallorca.com\\\/es\\\/servicio-de-yates\\\/\"]}]},{\"@type\":\"ImageObject\",\"inLanguage\":\"es\",\"@id\":\"https:\\\/\\\/wellnessmassagemallorca.com\\\/es\\\/servicio-de-yates\\\/#primaryimage\",\"url\":\"https:\\\/\\\/wellnessmassagemallorca.com\\\/wp-content\\\/uploads\\\/2019\\\/09\\\/IMG_20180902_105139_1280px-e1589643009599.jpg\",\"contentUrl\":\"https:\\\/\\\/wellnessmassagemallorca.com\\\/wp-content\\\/uploads\\\/2019\\\/09\\\/IMG_20180902_105139_1280px-e1589643009599.jpg\",\"width\":1280,\"height\":832,\"caption\":\"Certified Massage Therapist providing in home massage on your yacht or estate\"},{\"@type\":\"BreadcrumbList\",\"@id\":\"https:\\\/\\\/wellnessmassagemallorca.com\\\/es\\\/servicio-de-yates\\\/#breadcrumb\",\"itemListElement\":[{\"@type\":\"ListItem\",\"position\":1,\"name\":\"Home\",\"item\":\"https:\\\/\\\/wellnessmassagemallorca.com\\\/es\\\/\"},{\"@type\":\"ListItem\",\"position\":2,\"name\":\"Servicio de yates\"}]},{\"@type\":\"WebSite\",\"@id\":\"https:\\\/\\\/wellnessmassagemallorca.com\\\/es\\\/#website\",\"url\":\"https:\\\/\\\/wellnessmassagemallorca.com\\\/es\\\/\",\"name\":\"WELLNESS MASSAGE MALLORCA\",\"description\":\"Professional mobile wellness &amp; massage treatments on Mallorca - right to your door step. \",\"publisher\":{\"@id\":\"https:\\\/\\\/wellnessmassagemallorca.com\\\/es\\\/#organization\"},\"potentialAction\":[{\"@type\":\"SearchAction\",\"target\":{\"@type\":\"EntryPoint\",\"urlTemplate\":\"https:\\\/\\\/wellnessmassagemallorca.com\\\/es\\\/?s={search_term_string}\"},\"query-input\":{\"@type\":\"PropertyValueSpecification\",\"valueRequired\":true,\"valueName\":\"search_term_string\"}}],\"inLanguage\":\"es\"},{\"@type\":\"Organization\",\"@id\":\"https:\\\/\\\/wellnessmassagemallorca.com\\\/es\\\/#organization\",\"name\":\"WELLNESS MASSAGE MALLORCA\",\"url\":\"https:\\\/\\\/wellnessmassagemallorca.com\\\/es\\\/\",\"logo\":{\"@type\":\"ImageObject\",\"inLanguage\":\"es\",\"@id\":\"https:\\\/\\\/wellnessmassagemallorca.com\\\/es\\\/#\\\/schema\\\/logo\\\/image\\\/\",\"url\":\"https:\\\/\\\/wellnessmassagemallorca.com\\\/wp-content\\\/uploads\\\/2020\\\/10\\\/cropped-369038D6-D2CC-4CD8-9DE4-C6B45B291BCC_4_5005_c-1.jpeg\",\"contentUrl\":\"https:\\\/\\\/wellnessmassagemallorca.com\\\/wp-content\\\/uploads\\\/2020\\\/10\\\/cropped-369038D6-D2CC-4CD8-9DE4-C6B45B291BCC_4_5005_c-1.jpeg\",\"width\":512,\"height\":512,\"caption\":\"WELLNESS MASSAGE MALLORCA\"},\"image\":{\"@id\":\"https:\\\/\\\/wellnessmassagemallorca.com\\\/es\\\/#\\\/schema\\\/logo\\\/image\\\/\"},\"sameAs\":[\"https:\\\/\\\/www.facebook.com\\\/wellnessmassagemallorca\\\/\",\"https:\\\/\\\/www.instagram.com\\\/wellness.massage.mallorca\\\/\"]}]}<\/script>\n<!-- \/ Yoast SEO plugin. -->","yoast_head_json":{"title":"Yacht Massage Mallorca | Masaje a bordo","description":"Yacht Massage Mallorca - masaje profesional a bordo. Disfruta de tratamientos de lujo, bienestar privado y relajaci\u00f3n total directamente en tu yate.","robots":{"index":"index","follow":"follow","max-snippet":"max-snippet:-1","max-image-preview":"max-image-preview:large","max-video-preview":"max-video-preview:-1"},"canonical":"https:\/\/wellnessmassagemallorca.com\/es\/servicio-de-yates\/","og_locale":"es_ES","og_type":"article","og_title":"Yacht Massage Mallorca | Masaje a bordo","og_description":"Yacht Massage Mallorca - masaje profesional a bordo. Disfruta de tratamientos de lujo, bienestar privado y relajaci\u00f3n total directamente en tu yate.","og_url":"https:\/\/wellnessmassagemallorca.com\/es\/servicio-de-yates\/","og_site_name":"WELLNESS MASSAGE MALLORCA | Villa &amp; Yacht Service","article_publisher":"https:\/\/www.facebook.com\/wellnessmassagemallorca\/","article_modified_time":"2026-04-13T13:40:44+00:00","og_image":[{"width":1280,"height":832,"url":"https:\/\/wellnessmassagemallorca.com\/wp-content\/uploads\/2019\/09\/IMG_20180902_105139_1280px-e1589643009599.jpg","type":"image\/jpeg"}],"twitter_card":"summary_large_image","twitter_misc":{"Tiempo de lectura":"3 minutos"},"schema":{"@context":"https:\/\/schema.org","@graph":[{"@type":"WebPage","@id":"https:\/\/wellnessmassagemallorca.com\/es\/servicio-de-yates\/","url":"https:\/\/wellnessmassagemallorca.com\/es\/servicio-de-yates\/","name":"Yacht Massage Mallorca | Masaje a bordo","isPartOf":{"@id":"https:\/\/wellnessmassagemallorca.com\/es\/#website"},"primaryImageOfPage":{"@id":"https:\/\/wellnessmassagemallorca.com\/es\/servicio-de-yates\/#primaryimage"},"image":{"@id":"https:\/\/wellnessmassagemallorca.com\/es\/servicio-de-yates\/#primaryimage"},"thumbnailUrl":"https:\/\/wellnessmassagemallorca.com\/wp-content\/uploads\/2019\/09\/IMG_20180902_105139_1280px-e1589643009599.jpg","datePublished":"2026-04-13T13:01:46+00:00","dateModified":"2026-04-13T13:40:44+00:00","description":"Yacht Massage Mallorca - masaje profesional a bordo. Disfruta de tratamientos de lujo, bienestar privado y relajaci\u00f3n total directamente en tu yate.","breadcrumb":{"@id":"https:\/\/wellnessmassagemallorca.com\/es\/servicio-de-yates\/#breadcrumb"},"inLanguage":"es","potentialAction":[{"@type":"ReadAction","target":["https:\/\/wellnessmassagemallorca.com\/es\/servicio-de-yates\/"]}]},{"@type":"ImageObject","inLanguage":"es","@id":"https:\/\/wellnessmassagemallorca.com\/es\/servicio-de-yates\/#primaryimage","url":"https:\/\/wellnessmassagemallorca.com\/wp-content\/uploads\/2019\/09\/IMG_20180902_105139_1280px-e1589643009599.jpg","contentUrl":"https:\/\/wellnessmassagemallorca.com\/wp-content\/uploads\/2019\/09\/IMG_20180902_105139_1280px-e1589643009599.jpg","width":1280,"height":832,"caption":"Certified Massage Therapist providing in home massage on your yacht or estate"},{"@type":"BreadcrumbList","@id":"https:\/\/wellnessmassagemallorca.com\/es\/servicio-de-yates\/#breadcrumb","itemListElement":[{"@type":"ListItem","position":1,"name":"Home","item":"https:\/\/wellnessmassagemallorca.com\/es\/"},{"@type":"ListItem","position":2,"name":"Servicio de yates"}]},{"@type":"WebSite","@id":"https:\/\/wellnessmassagemallorca.com\/es\/#website","url":"https:\/\/wellnessmassagemallorca.com\/es\/","name":"WELLNESS MASSAGE MALLORCA","description":"Professional mobile wellness &amp; massage treatments on Mallorca - right to your door step. ","publisher":{"@id":"https:\/\/wellnessmassagemallorca.com\/es\/#organization"},"potentialAction":[{"@type":"SearchAction","target":{"@type":"EntryPoint","urlTemplate":"https:\/\/wellnessmassagemallorca.com\/es\/?s={search_term_string}"},"query-input":{"@type":"PropertyValueSpecification","valueRequired":true,"valueName":"search_term_string"}}],"inLanguage":"es"},{"@type":"Organization","@id":"https:\/\/wellnessmassagemallorca.com\/es\/#organization","name":"WELLNESS MASSAGE MALLORCA","url":"https:\/\/wellnessmassagemallorca.com\/es\/","logo":{"@type":"ImageObject","inLanguage":"es","@id":"https:\/\/wellnessmassagemallorca.com\/es\/#\/schema\/logo\/image\/","url":"https:\/\/wellnessmassagemallorca.com\/wp-content\/uploads\/2020\/10\/cropped-369038D6-D2CC-4CD8-9DE4-C6B45B291BCC_4_5005_c-1.jpeg","contentUrl":"https:\/\/wellnessmassagemallorca.com\/wp-content\/uploads\/2020\/10\/cropped-369038D6-D2CC-4CD8-9DE4-C6B45B291BCC_4_5005_c-1.jpeg","width":512,"height":512,"caption":"WELLNESS MASSAGE MALLORCA"},"image":{"@id":"https:\/\/wellnessmassagemallorca.com\/es\/#\/schema\/logo\/image\/"},"sameAs":["https:\/\/www.facebook.com\/wellnessmassagemallorca\/","https:\/\/www.instagram.com\/wellness.massage.mallorca\/"]}]}},"_links":{"self":[{"href":"https:\/\/wellnessmassagemallorca.com\/es\/wp-json\/wp\/v2\/pages\/160922","targetHints":{"allow":["GET"]}}],"collection":[{"href":"https:\/\/wellnessmassagemallorca.com\/es\/wp-json\/wp\/v2\/pages"}],"about":[{"href":"https:\/\/wellnessmassagemallorca.com\/es\/wp-json\/wp\/v2\/types\/page"}],"author":[{"embeddable":true,"href":"https:\/\/wellnessmassagemallorca.com\/es\/wp-json\/wp\/v2\/users\/4"}],"replies":[{"embeddable":true,"href":"https:\/\/wellnessmassagemallorca.com\/es\/wp-json\/wp\/v2\/comments?post=160922"}],"version-history":[{"count":5,"href":"https:\/\/wellnessmassagemallorca.com\/es\/wp-json\/wp\/v2\/pages\/160922\/revisions"}],"predecessor-version":[{"id":161031,"href":"https:\/\/wellnessmassagemallorca.com\/es\/wp-json\/wp\/v2\/pages\/160922\/revisions\/161031"}],"wp:featuredmedia":[{"embeddable":true,"href":"https:\/\/wellnessmassagemallorca.com\/es\/wp-json\/wp\/v2\/media\/1579"}],"wp:attachment":[{"href":"https:\/\/wellnessmassagemallorca.com\/es\/wp-json\/wp\/v2\/media?parent=160922"}],"curies":[{"name":"wp","href":"https:\/\/api.w.org\/{rel}","templated":true}]}}