{"id":160916,"date":"2026-04-13T15:00:24","date_gmt":"2026-04-13T13:00:24","guid":{"rendered":"https:\/\/wellnessmassagemallorca.com\/bienestar-en-los-retiros\/"},"modified":"2026-04-15T12:43:24","modified_gmt":"2026-04-15T10:43:24","slug":"bienestar-en-los-retiros","status":"publish","type":"page","link":"https:\/\/wellnessmassagemallorca.com\/es\/bienestar-en-los-retiros\/","title":{"rendered":"Bienestar en los Retiros"},"content":{"rendered":"<div class=\"wpb-content-wrapper\"><p>[vc_row unlock_row_content=\u00bbyes\u00bb row_height_percent=\u00bb0&#8243; override_padding=\u00bbyes\u00bb h_padding=\u00bb3&#8243; top_padding=\u00bb4&#8243; bottom_padding=\u00bb4&#8243; overlay_alpha=\u00bb50&#8243; gutter_size=\u00bb4&#8243; column_width_percent=\u00bb100&#8243; shift_y=\u00bb0&#8243; z_index=\u00bb0&#8243; content_parallax=\u00bb0&#8243; gap=\u00bb5&#8243; full_height=\u00bbyes\u00bb columns_placement=\u00bbtop\u00bb css=\u00bb.vc_custom_1774980326000{margin-right: 0px !important;margin-left: 0px !important;background-color: #ffffff !important;}\u00bb uncode_shortcode_id=\u00bb404607&#8243;][vc_column column_width_percent=\u00bb100&#8243; gutter_size=\u00bb3&#8243; back_color=\u00bbcolor-lxmt\u00bb overlay_alpha=\u00bb50&#8243; shift_x=\u00bb0&#8243; shift_y=\u00bb0&#8243; shift_y_down=\u00bb0&#8243; z_index=\u00bb0&#8243; medium_width=\u00bb0&#8243; mobile_width=\u00bb0&#8243; width=\u00bb1\/3&#8243; uncode_shortcode_id=\u00bb201797&#8243; back_color_type=\u00bbuncode-palette\u00bb][vc_custom_heading text_color=\u00bbcolor-482803&#8243; uncode_shortcode_id=\u00bb200761&#8243; text_color_type=\u00bbuncode-palette\u00bb]Bienestar para retiros[\/vc_custom_heading][vc_column_text uncode_shortcode_id=\u00bb200106&#8243;]\u00bfEst\u00e1s planeando un retiro, seminario o taller en Mallorca? Tanto si vienes como grupo de practicantes de yoga, como para unas vacaciones de desintoxicaci\u00f3n y senderismo, o para un seminario de coaching, o cualquier otra cosa. Puedo ofrecer a tu grupo esa experiencia especial que completa un evento de \u00e9xito.  <\/p>\n<p>\u00bfQuiz\u00e1 te gustar\u00eda romper una larga jornada con un masaje vespertino o un tratamiento de belleza? \u00bfO tal vez tus participantes necesiten un masaje de pies y piernas para reanimar los m\u00fasculos cansados tras una excursi\u00f3n? Organizar\u00e9 mi trabajo a la medida de tus necesidades, independientemente del tema de tu taller o retiro.<br \/>\n[\/vc_column_text][\/vc_column][vc_column column_width_percent=\u00bb100&#8243; gutter_size=\u00bb3&#8243; back_color=\u00bbcolor-lxmt\u00bb overlay_alpha=\u00bb50&#8243; shift_x=\u00bb0&#8243; shift_y=\u00bb0&#8243; shift_y_down=\u00bb0&#8243; z_index=\u00bb0&#8243; medium_width=\u00bb0&#8243; mobile_width=\u00bb0&#8243; width=\u00bb1\/3&#8243; uncode_shortcode_id=\u00bb211528&#8243; back_color_type=\u00bbuncode-palette\u00bb][vc_custom_heading text_color=\u00bbcolor-482803&#8243; uncode_shortcode_id=\u00bb138399&#8243; text_color_type=\u00bbuncode-palette\u00bb]Terapeutas profesionales y servicio personalizado[\/vc_custom_heading][vc_column_text uncode_shortcode_id=\u00bb330872&#8243;]Soy masajista y esteticista cualificada y con experiencia, y practico yoga desde hace mucho tiempo. Comprendo las necesidades de los participantes en seminarios y retiros, y crear\u00e9 experiencias a medida que se adapten a las necesidades individuales de tu grupo. Ir\u00e9 a verte, est\u00e9s donde est\u00e9s en la isla.  <\/p>\n<p>Adem\u00e1s, llevar\u00e9 el equipo necesario para crear un oasis de bienestar para tu grupo. Soy discreta y fiable, comprometida con la higiene. Tu completo bienestar es mi prioridad. Utilizamos equipos de masaje profesionalmente homologados y accesorios del m\u00e1s alto nivel.[\/vc_column_text][\/vc_column][vc_column column_width_percent=\u00bb100&#8243; gutter_size=\u00bb3&#8243; back_color=\u00bbcolor-lxmt\u00bb overlay_alpha=\u00bb50&#8243; shift_x=\u00bb0&#8243; shift_y=\u00bb0&#8243; shift_y_down=\u00bb0&#8243; z_index=\u00bb0&#8243; medium_width=\u00bb0&#8243; mobile_width=\u00bb0&#8243; width=\u00bb1\/3&#8243; uncode_shortcode_id=\u00bb122401&#8243; back_color_type=\u00bbuncode-palette\u00bb][vc_custom_heading text_color=\u00bbcolor-482803&#8243; uncode_shortcode_id=\u00bb422110&#8243; text_color_type=\u00bbuncode-palette\u00bb]Amplia gama de tratamientos[\/vc_custom_heading][vc_column_text uncode_shortcode_id=\u00bb124260&#8243;]Para grupos m\u00e1s grandes que requieran tratamientos simult\u00e1neos, llevar\u00e9 a mi equipo de profesionales experimentados.<\/p>\n<p>Ofrezco una amplia gama de diferentes tratamientos corporales y de belleza, desde tratamientos faciales, masaje sueco, masaje de tejido profundo, terapia sacro craneal y mucho m\u00e1s.<\/p>\n<p>Estar\u00e9 encantada de ayudarte a elegir tratamientos que se adapten a tus necesidades individuales y a crear el paquete perfecto para tu grupo.<\/p>\n<p>Para todos los tratamientos utilizo exclusivamente productos org\u00e1nicos hechos a mano de la gama GAIA Natural Products, que se producen ecol\u00f3gica y localmente aqu\u00ed en la isla.[\/vc_column_text][\/vc_column][\/vc_row]<\/p>\n<\/div>","protected":false},"excerpt":{"rendered":"<p>Cuando viajamos juntos, necesitamos momentos de felicidad a solas para retirarnos a nuestro interior. Completa tu retiro o taller con tratamientos individuales de bienestar a medida. <\/p>\n","protected":false},"author":4,"featured_media":3043,"parent":0,"menu_order":0,"comment_status":"closed","ping_status":"closed","template":"","meta":{"_acf_changed":false,"footnotes":""},"class_list":["post-160916","page","type-page","status-publish","has-post-thumbnail","hentry"],"acf":[],"yoast_head":"<!-- This site is optimized with the Yoast SEO plugin v27.4 - https:\/\/yoast.com\/product\/yoast-seo-wordpress\/ -->\n<title>Wellness on Retreats Mallorca | Masajistas Certificados<\/title>\n<meta name=\"description\" content=\"\u00bfEst\u00e1s planeando un retiro o taller en Mallorca? Somos masajistas titulados que ofrecemos tratamientos de alto nivel para tus clientes.\" \/>\n<meta name=\"robots\" content=\"index, follow, max-snippet:-1, max-image-preview:large, max-video-preview:-1\" \/>\n<link rel=\"canonical\" href=\"https:\/\/wellnessmassagemallorca.com\/es\/bienestar-en-los-retiros\/\" \/>\n<meta property=\"og:locale\" content=\"es_ES\" \/>\n<meta property=\"og:type\" content=\"article\" \/>\n<meta property=\"og:title\" content=\"Wellness on Retreats Mallorca | Masajistas Certificados\" \/>\n<meta property=\"og:description\" content=\"\u00bfEst\u00e1s planeando un retiro o taller en Mallorca? Somos masajistas titulados que ofrecemos tratamientos de alto nivel para tus clientes.\" \/>\n<meta property=\"og:url\" content=\"https:\/\/wellnessmassagemallorca.com\/es\/bienestar-en-los-retiros\/\" \/>\n<meta property=\"og:site_name\" content=\"WELLNESS MASSAGE MALLORCA | Villa &amp; Yacht Service\" \/>\n<meta property=\"article:publisher\" content=\"https:\/\/www.facebook.com\/wellnessmassagemallorca\/\" \/>\n<meta property=\"article:modified_time\" content=\"2026-04-15T10:43:24+00:00\" \/>\n<meta property=\"og:image\" content=\"https:\/\/wellnessmassagemallorca.com\/wp-content\/uploads\/2020\/02\/DSCF2185Ausschnitt-1.png\" \/>\n\t<meta property=\"og:image:width\" content=\"874\" \/>\n\t<meta property=\"og:image:height\" content=\"513\" \/>\n\t<meta property=\"og:image:type\" content=\"image\/png\" \/>\n<meta name=\"twitter:card\" content=\"summary_large_image\" \/>\n<meta name=\"twitter:label1\" content=\"Tiempo de lectura\" \/>\n\t<meta name=\"twitter:data1\" content=\"3 minutos\" \/>\n<script type=\"application\/ld+json\" class=\"yoast-schema-graph\">{\"@context\":\"https:\\\/\\\/schema.org\",\"@graph\":[{\"@type\":\"WebPage\",\"@id\":\"https:\\\/\\\/wellnessmassagemallorca.com\\\/es\\\/bienestar-en-los-retiros\\\/\",\"url\":\"https:\\\/\\\/wellnessmassagemallorca.com\\\/es\\\/bienestar-en-los-retiros\\\/\",\"name\":\"Wellness on Retreats Mallorca | Masajistas Certificados\",\"isPartOf\":{\"@id\":\"https:\\\/\\\/wellnessmassagemallorca.com\\\/es\\\/#website\"},\"primaryImageOfPage\":{\"@id\":\"https:\\\/\\\/wellnessmassagemallorca.com\\\/es\\\/bienestar-en-los-retiros\\\/#primaryimage\"},\"image\":{\"@id\":\"https:\\\/\\\/wellnessmassagemallorca.com\\\/es\\\/bienestar-en-los-retiros\\\/#primaryimage\"},\"thumbnailUrl\":\"https:\\\/\\\/wellnessmassagemallorca.com\\\/wp-content\\\/uploads\\\/2020\\\/02\\\/DSCF2185Ausschnitt-1.png\",\"datePublished\":\"2026-04-13T13:00:24+00:00\",\"dateModified\":\"2026-04-15T10:43:24+00:00\",\"description\":\"\u00bfEst\u00e1s planeando un retiro o taller en Mallorca? Somos masajistas titulados que ofrecemos tratamientos de alto nivel para tus clientes.\",\"breadcrumb\":{\"@id\":\"https:\\\/\\\/wellnessmassagemallorca.com\\\/es\\\/bienestar-en-los-retiros\\\/#breadcrumb\"},\"inLanguage\":\"es\",\"potentialAction\":[{\"@type\":\"ReadAction\",\"target\":[\"https:\\\/\\\/wellnessmassagemallorca.com\\\/es\\\/bienestar-en-los-retiros\\\/\"]}]},{\"@type\":\"ImageObject\",\"inLanguage\":\"es\",\"@id\":\"https:\\\/\\\/wellnessmassagemallorca.com\\\/es\\\/bienestar-en-los-retiros\\\/#primaryimage\",\"url\":\"https:\\\/\\\/wellnessmassagemallorca.com\\\/wp-content\\\/uploads\\\/2020\\\/02\\\/DSCF2185Ausschnitt-1.png\",\"contentUrl\":\"https:\\\/\\\/wellnessmassagemallorca.com\\\/wp-content\\\/uploads\\\/2020\\\/02\\\/DSCF2185Ausschnitt-1.png\",\"width\":874,\"height\":513,\"caption\":\"Wellness on Retreats Mallorca | Terapeutas Certificados\"},{\"@type\":\"BreadcrumbList\",\"@id\":\"https:\\\/\\\/wellnessmassagemallorca.com\\\/es\\\/bienestar-en-los-retiros\\\/#breadcrumb\",\"itemListElement\":[{\"@type\":\"ListItem\",\"position\":1,\"name\":\"Home\",\"item\":\"https:\\\/\\\/wellnessmassagemallorca.com\\\/es\\\/\"},{\"@type\":\"ListItem\",\"position\":2,\"name\":\"Bienestar en los Retiros\"}]},{\"@type\":\"WebSite\",\"@id\":\"https:\\\/\\\/wellnessmassagemallorca.com\\\/es\\\/#website\",\"url\":\"https:\\\/\\\/wellnessmassagemallorca.com\\\/es\\\/\",\"name\":\"WELLNESS MASSAGE MALLORCA\",\"description\":\"Professional mobile wellness &amp; massage treatments on Mallorca - right to your door step. \",\"publisher\":{\"@id\":\"https:\\\/\\\/wellnessmassagemallorca.com\\\/es\\\/#organization\"},\"potentialAction\":[{\"@type\":\"SearchAction\",\"target\":{\"@type\":\"EntryPoint\",\"urlTemplate\":\"https:\\\/\\\/wellnessmassagemallorca.com\\\/es\\\/?s={search_term_string}\"},\"query-input\":{\"@type\":\"PropertyValueSpecification\",\"valueRequired\":true,\"valueName\":\"search_term_string\"}}],\"inLanguage\":\"es\"},{\"@type\":\"Organization\",\"@id\":\"https:\\\/\\\/wellnessmassagemallorca.com\\\/es\\\/#organization\",\"name\":\"WELLNESS MASSAGE MALLORCA\",\"url\":\"https:\\\/\\\/wellnessmassagemallorca.com\\\/es\\\/\",\"logo\":{\"@type\":\"ImageObject\",\"inLanguage\":\"es\",\"@id\":\"https:\\\/\\\/wellnessmassagemallorca.com\\\/es\\\/#\\\/schema\\\/logo\\\/image\\\/\",\"url\":\"https:\\\/\\\/wellnessmassagemallorca.com\\\/wp-content\\\/uploads\\\/2020\\\/10\\\/cropped-369038D6-D2CC-4CD8-9DE4-C6B45B291BCC_4_5005_c-1.jpeg\",\"contentUrl\":\"https:\\\/\\\/wellnessmassagemallorca.com\\\/wp-content\\\/uploads\\\/2020\\\/10\\\/cropped-369038D6-D2CC-4CD8-9DE4-C6B45B291BCC_4_5005_c-1.jpeg\",\"width\":512,\"height\":512,\"caption\":\"WELLNESS MASSAGE MALLORCA\"},\"image\":{\"@id\":\"https:\\\/\\\/wellnessmassagemallorca.com\\\/es\\\/#\\\/schema\\\/logo\\\/image\\\/\"},\"sameAs\":[\"https:\\\/\\\/www.facebook.com\\\/wellnessmassagemallorca\\\/\",\"https:\\\/\\\/www.instagram.com\\\/wellness.massage.mallorca\\\/\"]}]}<\/script>\n<!-- \/ Yoast SEO plugin. -->","yoast_head_json":{"title":"Wellness on Retreats Mallorca | Masajistas Certificados","description":"\u00bfEst\u00e1s planeando un retiro o taller en Mallorca? Somos masajistas titulados que ofrecemos tratamientos de alto nivel para tus clientes.","robots":{"index":"index","follow":"follow","max-snippet":"max-snippet:-1","max-image-preview":"max-image-preview:large","max-video-preview":"max-video-preview:-1"},"canonical":"https:\/\/wellnessmassagemallorca.com\/es\/bienestar-en-los-retiros\/","og_locale":"es_ES","og_type":"article","og_title":"Wellness on Retreats Mallorca | Masajistas Certificados","og_description":"\u00bfEst\u00e1s planeando un retiro o taller en Mallorca? Somos masajistas titulados que ofrecemos tratamientos de alto nivel para tus clientes.","og_url":"https:\/\/wellnessmassagemallorca.com\/es\/bienestar-en-los-retiros\/","og_site_name":"WELLNESS MASSAGE MALLORCA | Villa &amp; Yacht Service","article_publisher":"https:\/\/www.facebook.com\/wellnessmassagemallorca\/","article_modified_time":"2026-04-15T10:43:24+00:00","og_image":[{"width":874,"height":513,"url":"https:\/\/wellnessmassagemallorca.com\/wp-content\/uploads\/2020\/02\/DSCF2185Ausschnitt-1.png","type":"image\/png"}],"twitter_card":"summary_large_image","twitter_misc":{"Tiempo de lectura":"3 minutos"},"schema":{"@context":"https:\/\/schema.org","@graph":[{"@type":"WebPage","@id":"https:\/\/wellnessmassagemallorca.com\/es\/bienestar-en-los-retiros\/","url":"https:\/\/wellnessmassagemallorca.com\/es\/bienestar-en-los-retiros\/","name":"Wellness on Retreats Mallorca | Masajistas Certificados","isPartOf":{"@id":"https:\/\/wellnessmassagemallorca.com\/es\/#website"},"primaryImageOfPage":{"@id":"https:\/\/wellnessmassagemallorca.com\/es\/bienestar-en-los-retiros\/#primaryimage"},"image":{"@id":"https:\/\/wellnessmassagemallorca.com\/es\/bienestar-en-los-retiros\/#primaryimage"},"thumbnailUrl":"https:\/\/wellnessmassagemallorca.com\/wp-content\/uploads\/2020\/02\/DSCF2185Ausschnitt-1.png","datePublished":"2026-04-13T13:00:24+00:00","dateModified":"2026-04-15T10:43:24+00:00","description":"\u00bfEst\u00e1s planeando un retiro o taller en Mallorca? Somos masajistas titulados que ofrecemos tratamientos de alto nivel para tus clientes.","breadcrumb":{"@id":"https:\/\/wellnessmassagemallorca.com\/es\/bienestar-en-los-retiros\/#breadcrumb"},"inLanguage":"es","potentialAction":[{"@type":"ReadAction","target":["https:\/\/wellnessmassagemallorca.com\/es\/bienestar-en-los-retiros\/"]}]},{"@type":"ImageObject","inLanguage":"es","@id":"https:\/\/wellnessmassagemallorca.com\/es\/bienestar-en-los-retiros\/#primaryimage","url":"https:\/\/wellnessmassagemallorca.com\/wp-content\/uploads\/2020\/02\/DSCF2185Ausschnitt-1.png","contentUrl":"https:\/\/wellnessmassagemallorca.com\/wp-content\/uploads\/2020\/02\/DSCF2185Ausschnitt-1.png","width":874,"height":513,"caption":"Wellness on Retreats Mallorca | Terapeutas Certificados"},{"@type":"BreadcrumbList","@id":"https:\/\/wellnessmassagemallorca.com\/es\/bienestar-en-los-retiros\/#breadcrumb","itemListElement":[{"@type":"ListItem","position":1,"name":"Home","item":"https:\/\/wellnessmassagemallorca.com\/es\/"},{"@type":"ListItem","position":2,"name":"Bienestar en los Retiros"}]},{"@type":"WebSite","@id":"https:\/\/wellnessmassagemallorca.com\/es\/#website","url":"https:\/\/wellnessmassagemallorca.com\/es\/","name":"WELLNESS MASSAGE MALLORCA","description":"Professional mobile wellness &amp; massage treatments on Mallorca - right to your door step. ","publisher":{"@id":"https:\/\/wellnessmassagemallorca.com\/es\/#organization"},"potentialAction":[{"@type":"SearchAction","target":{"@type":"EntryPoint","urlTemplate":"https:\/\/wellnessmassagemallorca.com\/es\/?s={search_term_string}"},"query-input":{"@type":"PropertyValueSpecification","valueRequired":true,"valueName":"search_term_string"}}],"inLanguage":"es"},{"@type":"Organization","@id":"https:\/\/wellnessmassagemallorca.com\/es\/#organization","name":"WELLNESS MASSAGE MALLORCA","url":"https:\/\/wellnessmassagemallorca.com\/es\/","logo":{"@type":"ImageObject","inLanguage":"es","@id":"https:\/\/wellnessmassagemallorca.com\/es\/#\/schema\/logo\/image\/","url":"https:\/\/wellnessmassagemallorca.com\/wp-content\/uploads\/2020\/10\/cropped-369038D6-D2CC-4CD8-9DE4-C6B45B291BCC_4_5005_c-1.jpeg","contentUrl":"https:\/\/wellnessmassagemallorca.com\/wp-content\/uploads\/2020\/10\/cropped-369038D6-D2CC-4CD8-9DE4-C6B45B291BCC_4_5005_c-1.jpeg","width":512,"height":512,"caption":"WELLNESS MASSAGE MALLORCA"},"image":{"@id":"https:\/\/wellnessmassagemallorca.com\/es\/#\/schema\/logo\/image\/"},"sameAs":["https:\/\/www.facebook.com\/wellnessmassagemallorca\/","https:\/\/www.instagram.com\/wellness.massage.mallorca\/"]}]}},"_links":{"self":[{"href":"https:\/\/wellnessmassagemallorca.com\/es\/wp-json\/wp\/v2\/pages\/160916","targetHints":{"allow":["GET"]}}],"collection":[{"href":"https:\/\/wellnessmassagemallorca.com\/es\/wp-json\/wp\/v2\/pages"}],"about":[{"href":"https:\/\/wellnessmassagemallorca.com\/es\/wp-json\/wp\/v2\/types\/page"}],"author":[{"embeddable":true,"href":"https:\/\/wellnessmassagemallorca.com\/es\/wp-json\/wp\/v2\/users\/4"}],"replies":[{"embeddable":true,"href":"https:\/\/wellnessmassagemallorca.com\/es\/wp-json\/wp\/v2\/comments?post=160916"}],"version-history":[{"count":7,"href":"https:\/\/wellnessmassagemallorca.com\/es\/wp-json\/wp\/v2\/pages\/160916\/revisions"}],"predecessor-version":[{"id":161676,"href":"https:\/\/wellnessmassagemallorca.com\/es\/wp-json\/wp\/v2\/pages\/160916\/revisions\/161676"}],"wp:featuredmedia":[{"embeddable":true,"href":"https:\/\/wellnessmassagemallorca.com\/es\/wp-json\/wp\/v2\/media\/3043"}],"wp:attachment":[{"href":"https:\/\/wellnessmassagemallorca.com\/es\/wp-json\/wp\/v2\/media?parent=160916"}],"curies":[{"name":"wp","href":"https:\/\/api.w.org\/{rel}","templated":true}]}}