{"id":160910,"date":"2026-04-13T14:55:52","date_gmt":"2026-04-13T12:55:52","guid":{"rendered":"https:\/\/wellnessmassagemallorca.com\/servicio-de-villas\/"},"modified":"2026-04-13T21:12:19","modified_gmt":"2026-04-13T19:12:19","slug":"servicio-de-villas","status":"publish","type":"page","link":"https:\/\/wellnessmassagemallorca.com\/es\/servicio-de-villas\/","title":{"rendered":"Servicio para villas"},"content":{"rendered":"<div class=\"wpb-content-wrapper\"><p>[vc_row unlock_row_content=\u00bbyes\u00bb row_height_percent=\u00bb0&#8243; override_padding=\u00bbyes\u00bb h_padding=\u00bb3&#8243; top_padding=\u00bb4&#8243; bottom_padding=\u00bb4&#8243; overlay_alpha=\u00bb50&#8243; gutter_size=\u00bb4&#8243; column_width_percent=\u00bb100&#8243; shift_y=\u00bb0&#8243; z_index=\u00bb0&#8243; content_parallax=\u00bb0&#8243; gap=\u00bb5&#8243; full_height=\u00bbyes\u00bb columns_placement=\u00bbtop\u00bb css=\u00bb.vc_custom_1774980326000{margin-right: 0px !important;margin-left: 0px !important;background-color: #ffffff !important;}\u00bb uncode_shortcode_id=\u00bb404607&#8243;][vc_column column_width_percent=\u00bb100&#8243; gutter_size=\u00bb3&#8243; back_color=\u00bbcolor-lxmt\u00bb overlay_alpha=\u00bb50&#8243; shift_x=\u00bb0&#8243; shift_y=\u00bb0&#8243; shift_y_down=\u00bb0&#8243; z_index=\u00bb0&#8243; medium_width=\u00bb0&#8243; mobile_width=\u00bb0&#8243; width=\u00bb1\/3&#8243; uncode_shortcode_id=\u00bb201797&#8243; back_color_type=\u00bbuncode-palette\u00bb][vc_custom_heading text_color=\u00bbcolor-482803&#8243; uncode_shortcode_id=\u00bb150850&#8243; text_color_type=\u00bbuncode-palette\u00bb]Bienestar en tu intimidad[\/vc_custom_heading][vc_column_text uncode_shortcode_id=\u00bb191237&#8243;]Imagina un d\u00eda de felicidad con tus amigos o familiares, disfrutando de lujosos mimos sin salir de tu casa de vacaciones. Imag\u00ednate desconectando con un masaje de relajaci\u00f3n profunda a la sombra de una palmera, o disfrutando de un tratamiento facial rejuvenecedor acompa\u00f1ado de los relajantes sonidos del oc\u00e9ano. <\/p>\n<p>\u00bfTe parecen las vacaciones de tus sue\u00f1os? D\u00e9jame transformar tu villa en un sereno oasis de bienestar, est\u00e9s donde est\u00e9s en la isla. Mis tratamientos de bienestar personalizados se elaboran para satisfacer las necesidades \u00fanicas de cada miembro de tu grupo.[\/vc_column_text][\/vc_column][vc_column column_width_percent=\u00bb100&#8243; gutter_size=\u00bb3&#8243; back_color=\u00bbcolor-lxmt\u00bb overlay_alpha=\u00bb50&#8243; shift_x=\u00bb0&#8243; shift_y=\u00bb0&#8243; shift_y_down=\u00bb0&#8243; z_index=\u00bb0&#8243; medium_width=\u00bb0&#8243; mobile_width=\u00bb0&#8243; width=\u00bb1\/3&#8243; uncode_shortcode_id=\u00bb211528&#8243; back_color_type=\u00bbuncode-palette\u00bb][vc_custom_heading text_color=\u00bbcolor-482803&#8243; uncode_shortcode_id=\u00bb401570&#8243; text_color_type=\u00bbuncode-palette\u00bb]Terapeutas profesionales[\/vc_custom_heading][vc_column_text uncode_shortcode_id=\u00bb126346&#8243;]Estoy encantada de ayudarte a seleccionar el tratamiento ideal y crear paquetes personalizados que te dejar\u00e1n completamente revitalizada y resplandeciente. Para grupos m\u00e1s grandes que necesiten tratamientos simult\u00e1neos, reunir\u00e9 a mi equipo de profesionales expertos para garantizar que todos reciban una atenci\u00f3n de primera. Me enorgullezco de ser discreta, fiable y totalmente dedicada a tu bienestar total. \u00a1Hagamos que tu experiencia sea excepcional![\/vc_column_text][\/vc_column][vc_column column_width_percent=\u00bb100&#8243; gutter_size=\u00bb3&#8243; back_color=\u00bbcolor-lxmt\u00bb overlay_alpha=\u00bb50&#8243; shift_x=\u00bb0&#8243; shift_y=\u00bb0&#8243; shift_y_down=\u00bb0&#8243; z_index=\u00bb0&#8243; medium_width=\u00bb0&#8243; mobile_width=\u00bb0&#8243; width=\u00bb1\/3&#8243; uncode_shortcode_id=\u00bb122401&#8243; back_color_type=\u00bbuncode-palette\u00bb][vc_custom_heading text_color=\u00bbcolor-482803&#8243; uncode_shortcode_id=\u00bb794318&#8243; text_color_type=\u00bbuncode-palette\u00bb]Productos ecol\u00f3gicos[\/vc_custom_heading][vc_column_text uncode_shortcode_id=\u00bb106906&#8243;]Como masajista diplomada, me complace ofrecerte una variada selecci\u00f3n de tratamientos corporales y de belleza de primera calidad. Tanto si buscas el alivio profundo de un masaje cl\u00e1sico de tejido profundo, los efectos rejuvenecedores de una exfoliaci\u00f3n corporal, la revitalizaci\u00f3n de un tratamiento facial o los beneficios hol\u00edsticos de la terapia craneosacral, tengo una soluci\u00f3n adaptada a tus necesidades y preferencias. <\/p>\n<p>Me comprometo a utilizar s\u00f3lo los mejores productos ecol\u00f3gicos. Estos productos ecol\u00f3gicos garantizan que cada tratamiento mejore tu bienestar. Descubre lo \u00faltimo en atenci\u00f3n personalizada y experimenta hoy mismo la excepcional calidad de nuestros tratamientos.[\/vc_column_text][\/vc_column][\/vc_row]<\/p>\n<\/div>","protected":false},"excerpt":{"rendered":"<p>Despacio, saborea el aliento perfumado de la isla. R\u00edndete al abrazo de Mallorca con bienestar a medida en el idilio privado de tu Villa. <\/p>\n","protected":false},"author":4,"featured_media":4749,"parent":0,"menu_order":0,"comment_status":"closed","ping_status":"closed","template":"","meta":{"_acf_changed":false,"footnotes":""},"class_list":["post-160910","page","type-page","status-publish","has-post-thumbnail","hentry"],"acf":[],"yoast_head":"<!-- This site is optimized with the Yoast SEO plugin v27.4 - https:\/\/yoast.com\/product\/yoast-seo-wordpress\/ -->\n<title>Masaje Mallorca | Servicio para villas y yates<\/title>\n<meta name=\"description\" content=\"Terapeutas profesionales que prestan servicios de alto nivel en villas y yates de toda Mallorca. Disfruta de tu estancia con toda comodidad.\" \/>\n<meta name=\"robots\" content=\"index, follow, max-snippet:-1, max-image-preview:large, max-video-preview:-1\" \/>\n<link rel=\"canonical\" href=\"https:\/\/wellnessmassagemallorca.com\/es\/servicio-de-villas\/\" \/>\n<meta property=\"og:locale\" content=\"es_ES\" \/>\n<meta property=\"og:type\" content=\"article\" \/>\n<meta property=\"og:title\" content=\"Masaje Mallorca | Servicio para villas y yates\" \/>\n<meta property=\"og:description\" content=\"Terapeutas profesionales que prestan servicios de alto nivel en villas y yates de toda Mallorca. Disfruta de tu estancia con toda comodidad.\" \/>\n<meta property=\"og:url\" content=\"https:\/\/wellnessmassagemallorca.com\/es\/servicio-de-villas\/\" \/>\n<meta property=\"og:site_name\" content=\"WELLNESS MASSAGE MALLORCA | Villa &amp; Yacht Service\" \/>\n<meta property=\"article:publisher\" content=\"https:\/\/www.facebook.com\/wellnessmassagemallorca\/\" \/>\n<meta property=\"article:modified_time\" content=\"2026-04-13T19:12:19+00:00\" \/>\n<meta property=\"og:image\" content=\"https:\/\/wellnessmassagemallorca.com\/wp-content\/uploads\/2024\/11\/Villa03-scaled.jpeg\" \/>\n\t<meta property=\"og:image:width\" content=\"2560\" \/>\n\t<meta property=\"og:image:height\" content=\"1438\" \/>\n\t<meta property=\"og:image:type\" content=\"image\/jpeg\" \/>\n<meta name=\"twitter:card\" content=\"summary_large_image\" \/>\n<meta name=\"twitter:label1\" content=\"Tiempo de lectura\" \/>\n\t<meta name=\"twitter:data1\" content=\"3 minutos\" \/>\n<script type=\"application\/ld+json\" class=\"yoast-schema-graph\">{\"@context\":\"https:\\\/\\\/schema.org\",\"@graph\":[{\"@type\":\"WebPage\",\"@id\":\"https:\\\/\\\/wellnessmassagemallorca.com\\\/es\\\/servicio-de-villas\\\/\",\"url\":\"https:\\\/\\\/wellnessmassagemallorca.com\\\/es\\\/servicio-de-villas\\\/\",\"name\":\"Masaje Mallorca | Servicio para villas y yates\",\"isPartOf\":{\"@id\":\"https:\\\/\\\/wellnessmassagemallorca.com\\\/es\\\/#website\"},\"primaryImageOfPage\":{\"@id\":\"https:\\\/\\\/wellnessmassagemallorca.com\\\/es\\\/servicio-de-villas\\\/#primaryimage\"},\"image\":{\"@id\":\"https:\\\/\\\/wellnessmassagemallorca.com\\\/es\\\/servicio-de-villas\\\/#primaryimage\"},\"thumbnailUrl\":\"https:\\\/\\\/wellnessmassagemallorca.com\\\/wp-content\\\/uploads\\\/2024\\\/11\\\/Villa03-scaled.jpeg\",\"datePublished\":\"2026-04-13T12:55:52+00:00\",\"dateModified\":\"2026-04-13T19:12:19+00:00\",\"description\":\"Terapeutas profesionales que prestan servicios de alto nivel en villas y yates de toda Mallorca. Disfruta de tu estancia con toda comodidad.\",\"breadcrumb\":{\"@id\":\"https:\\\/\\\/wellnessmassagemallorca.com\\\/es\\\/servicio-de-villas\\\/#breadcrumb\"},\"inLanguage\":\"es\",\"potentialAction\":[{\"@type\":\"ReadAction\",\"target\":[\"https:\\\/\\\/wellnessmassagemallorca.com\\\/es\\\/servicio-de-villas\\\/\"]}]},{\"@type\":\"ImageObject\",\"inLanguage\":\"es\",\"@id\":\"https:\\\/\\\/wellnessmassagemallorca.com\\\/es\\\/servicio-de-villas\\\/#primaryimage\",\"url\":\"https:\\\/\\\/wellnessmassagemallorca.com\\\/wp-content\\\/uploads\\\/2024\\\/11\\\/Villa03-scaled.jpeg\",\"contentUrl\":\"https:\\\/\\\/wellnessmassagemallorca.com\\\/wp-content\\\/uploads\\\/2024\\\/11\\\/Villa03-scaled.jpeg\",\"width\":2560,\"height\":1438,\"caption\":\"Vista a\u00e9rea superior, turista despreocupada en ba\u00f1ador rojo relaj\u00e1ndose en la piscina de una villa moderna de lujo durante las vacaciones de verano. Mujer a la moda descansando en una casa de alquiler\"},{\"@type\":\"BreadcrumbList\",\"@id\":\"https:\\\/\\\/wellnessmassagemallorca.com\\\/es\\\/servicio-de-villas\\\/#breadcrumb\",\"itemListElement\":[{\"@type\":\"ListItem\",\"position\":1,\"name\":\"Home\",\"item\":\"https:\\\/\\\/wellnessmassagemallorca.com\\\/es\\\/\"},{\"@type\":\"ListItem\",\"position\":2,\"name\":\"Servicio para villas\"}]},{\"@type\":\"WebSite\",\"@id\":\"https:\\\/\\\/wellnessmassagemallorca.com\\\/es\\\/#website\",\"url\":\"https:\\\/\\\/wellnessmassagemallorca.com\\\/es\\\/\",\"name\":\"WELLNESS MASSAGE MALLORCA\",\"description\":\"Professional mobile wellness &amp; massage treatments on Mallorca - right to your door step. \",\"publisher\":{\"@id\":\"https:\\\/\\\/wellnessmassagemallorca.com\\\/es\\\/#organization\"},\"potentialAction\":[{\"@type\":\"SearchAction\",\"target\":{\"@type\":\"EntryPoint\",\"urlTemplate\":\"https:\\\/\\\/wellnessmassagemallorca.com\\\/es\\\/?s={search_term_string}\"},\"query-input\":{\"@type\":\"PropertyValueSpecification\",\"valueRequired\":true,\"valueName\":\"search_term_string\"}}],\"inLanguage\":\"es\"},{\"@type\":\"Organization\",\"@id\":\"https:\\\/\\\/wellnessmassagemallorca.com\\\/es\\\/#organization\",\"name\":\"WELLNESS MASSAGE MALLORCA\",\"url\":\"https:\\\/\\\/wellnessmassagemallorca.com\\\/es\\\/\",\"logo\":{\"@type\":\"ImageObject\",\"inLanguage\":\"es\",\"@id\":\"https:\\\/\\\/wellnessmassagemallorca.com\\\/es\\\/#\\\/schema\\\/logo\\\/image\\\/\",\"url\":\"https:\\\/\\\/wellnessmassagemallorca.com\\\/wp-content\\\/uploads\\\/2020\\\/10\\\/cropped-369038D6-D2CC-4CD8-9DE4-C6B45B291BCC_4_5005_c-1.jpeg\",\"contentUrl\":\"https:\\\/\\\/wellnessmassagemallorca.com\\\/wp-content\\\/uploads\\\/2020\\\/10\\\/cropped-369038D6-D2CC-4CD8-9DE4-C6B45B291BCC_4_5005_c-1.jpeg\",\"width\":512,\"height\":512,\"caption\":\"WELLNESS MASSAGE MALLORCA\"},\"image\":{\"@id\":\"https:\\\/\\\/wellnessmassagemallorca.com\\\/es\\\/#\\\/schema\\\/logo\\\/image\\\/\"},\"sameAs\":[\"https:\\\/\\\/www.facebook.com\\\/wellnessmassagemallorca\\\/\",\"https:\\\/\\\/www.instagram.com\\\/wellness.massage.mallorca\\\/\"]}]}<\/script>\n<!-- \/ Yoast SEO plugin. -->","yoast_head_json":{"title":"Masaje Mallorca | Servicio para villas y yates","description":"Terapeutas profesionales que prestan servicios de alto nivel en villas y yates de toda Mallorca. Disfruta de tu estancia con toda comodidad.","robots":{"index":"index","follow":"follow","max-snippet":"max-snippet:-1","max-image-preview":"max-image-preview:large","max-video-preview":"max-video-preview:-1"},"canonical":"https:\/\/wellnessmassagemallorca.com\/es\/servicio-de-villas\/","og_locale":"es_ES","og_type":"article","og_title":"Masaje Mallorca | Servicio para villas y yates","og_description":"Terapeutas profesionales que prestan servicios de alto nivel en villas y yates de toda Mallorca. Disfruta de tu estancia con toda comodidad.","og_url":"https:\/\/wellnessmassagemallorca.com\/es\/servicio-de-villas\/","og_site_name":"WELLNESS MASSAGE MALLORCA | Villa &amp; Yacht Service","article_publisher":"https:\/\/www.facebook.com\/wellnessmassagemallorca\/","article_modified_time":"2026-04-13T19:12:19+00:00","og_image":[{"width":2560,"height":1438,"url":"https:\/\/wellnessmassagemallorca.com\/wp-content\/uploads\/2024\/11\/Villa03-scaled.jpeg","type":"image\/jpeg"}],"twitter_card":"summary_large_image","twitter_misc":{"Tiempo de lectura":"3 minutos"},"schema":{"@context":"https:\/\/schema.org","@graph":[{"@type":"WebPage","@id":"https:\/\/wellnessmassagemallorca.com\/es\/servicio-de-villas\/","url":"https:\/\/wellnessmassagemallorca.com\/es\/servicio-de-villas\/","name":"Masaje Mallorca | Servicio para villas y yates","isPartOf":{"@id":"https:\/\/wellnessmassagemallorca.com\/es\/#website"},"primaryImageOfPage":{"@id":"https:\/\/wellnessmassagemallorca.com\/es\/servicio-de-villas\/#primaryimage"},"image":{"@id":"https:\/\/wellnessmassagemallorca.com\/es\/servicio-de-villas\/#primaryimage"},"thumbnailUrl":"https:\/\/wellnessmassagemallorca.com\/wp-content\/uploads\/2024\/11\/Villa03-scaled.jpeg","datePublished":"2026-04-13T12:55:52+00:00","dateModified":"2026-04-13T19:12:19+00:00","description":"Terapeutas profesionales que prestan servicios de alto nivel en villas y yates de toda Mallorca. Disfruta de tu estancia con toda comodidad.","breadcrumb":{"@id":"https:\/\/wellnessmassagemallorca.com\/es\/servicio-de-villas\/#breadcrumb"},"inLanguage":"es","potentialAction":[{"@type":"ReadAction","target":["https:\/\/wellnessmassagemallorca.com\/es\/servicio-de-villas\/"]}]},{"@type":"ImageObject","inLanguage":"es","@id":"https:\/\/wellnessmassagemallorca.com\/es\/servicio-de-villas\/#primaryimage","url":"https:\/\/wellnessmassagemallorca.com\/wp-content\/uploads\/2024\/11\/Villa03-scaled.jpeg","contentUrl":"https:\/\/wellnessmassagemallorca.com\/wp-content\/uploads\/2024\/11\/Villa03-scaled.jpeg","width":2560,"height":1438,"caption":"Vista a\u00e9rea superior, turista despreocupada en ba\u00f1ador rojo relaj\u00e1ndose en la piscina de una villa moderna de lujo durante las vacaciones de verano. Mujer a la moda descansando en una casa de alquiler"},{"@type":"BreadcrumbList","@id":"https:\/\/wellnessmassagemallorca.com\/es\/servicio-de-villas\/#breadcrumb","itemListElement":[{"@type":"ListItem","position":1,"name":"Home","item":"https:\/\/wellnessmassagemallorca.com\/es\/"},{"@type":"ListItem","position":2,"name":"Servicio para villas"}]},{"@type":"WebSite","@id":"https:\/\/wellnessmassagemallorca.com\/es\/#website","url":"https:\/\/wellnessmassagemallorca.com\/es\/","name":"WELLNESS MASSAGE MALLORCA","description":"Professional mobile wellness &amp; massage treatments on Mallorca - right to your door step. ","publisher":{"@id":"https:\/\/wellnessmassagemallorca.com\/es\/#organization"},"potentialAction":[{"@type":"SearchAction","target":{"@type":"EntryPoint","urlTemplate":"https:\/\/wellnessmassagemallorca.com\/es\/?s={search_term_string}"},"query-input":{"@type":"PropertyValueSpecification","valueRequired":true,"valueName":"search_term_string"}}],"inLanguage":"es"},{"@type":"Organization","@id":"https:\/\/wellnessmassagemallorca.com\/es\/#organization","name":"WELLNESS MASSAGE MALLORCA","url":"https:\/\/wellnessmassagemallorca.com\/es\/","logo":{"@type":"ImageObject","inLanguage":"es","@id":"https:\/\/wellnessmassagemallorca.com\/es\/#\/schema\/logo\/image\/","url":"https:\/\/wellnessmassagemallorca.com\/wp-content\/uploads\/2020\/10\/cropped-369038D6-D2CC-4CD8-9DE4-C6B45B291BCC_4_5005_c-1.jpeg","contentUrl":"https:\/\/wellnessmassagemallorca.com\/wp-content\/uploads\/2020\/10\/cropped-369038D6-D2CC-4CD8-9DE4-C6B45B291BCC_4_5005_c-1.jpeg","width":512,"height":512,"caption":"WELLNESS MASSAGE MALLORCA"},"image":{"@id":"https:\/\/wellnessmassagemallorca.com\/es\/#\/schema\/logo\/image\/"},"sameAs":["https:\/\/www.facebook.com\/wellnessmassagemallorca\/","https:\/\/www.instagram.com\/wellness.massage.mallorca\/"]}]}},"_links":{"self":[{"href":"https:\/\/wellnessmassagemallorca.com\/es\/wp-json\/wp\/v2\/pages\/160910","targetHints":{"allow":["GET"]}}],"collection":[{"href":"https:\/\/wellnessmassagemallorca.com\/es\/wp-json\/wp\/v2\/pages"}],"about":[{"href":"https:\/\/wellnessmassagemallorca.com\/es\/wp-json\/wp\/v2\/types\/page"}],"author":[{"embeddable":true,"href":"https:\/\/wellnessmassagemallorca.com\/es\/wp-json\/wp\/v2\/users\/4"}],"replies":[{"embeddable":true,"href":"https:\/\/wellnessmassagemallorca.com\/es\/wp-json\/wp\/v2\/comments?post=160910"}],"version-history":[{"count":9,"href":"https:\/\/wellnessmassagemallorca.com\/es\/wp-json\/wp\/v2\/pages\/160910\/revisions"}],"predecessor-version":[{"id":161545,"href":"https:\/\/wellnessmassagemallorca.com\/es\/wp-json\/wp\/v2\/pages\/160910\/revisions\/161545"}],"wp:featuredmedia":[{"embeddable":true,"href":"https:\/\/wellnessmassagemallorca.com\/es\/wp-json\/wp\/v2\/media\/4749"}],"wp:attachment":[{"href":"https:\/\/wellnessmassagemallorca.com\/es\/wp-json\/wp\/v2\/media?parent=160910"}],"curies":[{"name":"wp","href":"https:\/\/api.w.org\/{rel}","templated":true}]}}