{"id":160901,"date":"2026-04-13T14:54:34","date_gmt":"2026-04-13T12:54:34","guid":{"rendered":"https:\/\/wellnessmassagemallorca.com\/sobre-mi\/"},"modified":"2026-05-02T16:41:40","modified_gmt":"2026-05-02T14:41:40","slug":"sobre-mi","status":"publish","type":"page","link":"https:\/\/wellnessmassagemallorca.com\/es\/sobre-mi\/","title":{"rendered":"Sobre m\u00ed"},"content":{"rendered":"<div class=\"wpb-content-wrapper\"><p>[vc_row unlock_row_content=\u00bbyes\u00bb row_height_percent=\u00bb0&#8243; override_padding=\u00bbyes\u00bb h_padding=\u00bb1&#8243; top_padding=\u00bb1&#8243; bottom_padding=\u00bb1&#8243; back_color=\u00bbcolor-xsdn\u00bb overlay_alpha=\u00bb50&#8243; equal_height=\u00bbyes\u00bb gutter_size=\u00bb3&#8243; column_width_percent=\u00bb100&#8243; shift_y=\u00bb0&#8243; z_index=\u00bb0&#8243; content_parallax=\u00bb0&#8243; uncode_shortcode_id=\u00bb107314&#8243; back_color_type=\u00bbuncode-palette\u00bb][vc_column column_width_percent=\u00bb100&#8243; align_horizontal=\u00bbalign_right\u00bb gutter_size=\u00bb3&#8243; overlay_alpha=\u00bb50&#8243; shift_x=\u00bb0&#8243; shift_y=\u00bb0&#8243; shift_y_down=\u00bb0&#8243; z_index=\u00bb0&#8243; medium_width=\u00bb0&#8243; mobile_width=\u00bb0&#8243; width=\u00bb1\/3&#8243; uncode_shortcode_id=\u00bb903780&#8243; mobile_height=\u00bb400&#8243;][vc_single_image media=\u00bb4275&#8243; media_width_use_pixel=\u00bbyes\u00bb alignment=\u00bbright\u00bb css_animation=\u00bbparallax\u00bb parallax_intensity=\u00bb1&#8243; uncode_shortcode_id=\u00bb522379&#8243; media_width_pixel=\u00bb400&#8243;][\/vc_column][vc_column column_width_use_pixel=\u00bbyes\u00bb gutter_size=\u00bb3&#8243; font_family=\u00bbfont-205659&#8243; overlay_alpha=\u00bb50&#8243; shift_x=\u00bb0&#8243; shift_y=\u00bb0&#8243; shift_y_down=\u00bb0&#8243; z_index=\u00bb0&#8243; medium_width=\u00bb0&#8243; align_mobile=\u00bbalign_center_mobile\u00bb mobile_width=\u00bb0&#8243; width=\u00bb1\/3&#8243; uncode_shortcode_id=\u00bb162396&#8243; column_width_pixel=\u00bb560&#8243;][vc_row_inner row_inner_height_percent=\u00bb0&#8243; back_color=\u00bbcolor-lxmt\u00bb overlay_alpha=\u00bb50&#8243; gutter_size=\u00bb3&#8243; shift_y=\u00bb0&#8243; z_index=\u00bb0&#8243; uncode_shortcode_id=\u00bb211621&#8243; back_color_type=\u00bbuncode-palette\u00bb][vc_column_inner column_width_percent=\u00bb100&#8243; gutter_size=\u00bb2&#8243; override_padding=\u00bbyes\u00bb column_padding=\u00bb2&#8243; overlay_alpha=\u00bb50&#8243; shift_x=\u00bb0&#8243; shift_y=\u00bb0&#8243; shift_y_down=\u00bb0&#8243; z_index=\u00bb0&#8243; medium_width=\u00bb0&#8243; mobile_width=\u00bb0&#8243; width=\u00bb1\/1&#8243; uncode_shortcode_id=\u00bb116052&#8243;][vc_custom_heading text_color=\u00bbcolor-482803&#8243; heading_semantic=\u00bbh1&#8243; text_font=\u00bbfont-205659&#8243; text_size=\u00bbh1&#8243; uncode_shortcode_id=\u00bb161471&#8243; text_color_type=\u00bbuncode-palette\u00bb]<\/p>\n<h3><span style=\"color: #02b8b8;\">Sobre m\u00ed<\/span><\/h3>\n<p>[\/vc_custom_heading][vc_column_text uncode_shortcode_id=\u00bb744642&#8243;]<\/p>\n<p data-section-id=\"ukx66u\" data-start=\"128\" data-end=\"171\">Me llamo Sabine Fahrenkrug. Soy la fundadora de WELLNESS MASSAGE MALLORCA, un servicio premium de mobile massage Mallorca y tratamientos de bienestar hol\u00edstico al m\u00e1s alto nivel. <\/p>\n<p data-section-id=\"ukx66u\" data-start=\"128\" data-end=\"171\"><strong>Experiencia profesional<\/strong><\/p>\n<p data-section-id=\"ukx66u\" data-start=\"128\" data-end=\"171\">En 2004 dej\u00e9 mi ciudad natal, Hamburgo, y me traslad\u00e9 a Mallorca, inspirada por la energ\u00eda, la luz y la naturaleza \u00fanica de la isla. <\/p>\n<p data-start=\"535\" data-end=\"686\">En 2009 complet\u00e9 mi formaci\u00f3n como masajista titulada oficialmente, lo que sent\u00f3 las bases de mi trabajo profesional en massage Mallorca.<\/p>\n<p data-start=\"688\" data-end=\"905\">Posteriormente, ampli\u00e9 mis conocimientos con formaciones avanzadas en terapia craneosacral y drenaje linf\u00e1tico manual m\u00e9dico, lo que me permite combinar conocimientos cl\u00ednicos con un enfoque hol\u00edstico e intuitivo. <\/p>\n<div class=\"min-h-8 text-message relative flex w-full flex-col items-end gap-2 text-start break-words whitespace-normal outline-none keyboard-focused:focus-ring [.text-message+&amp;]:mt-1\" dir=\"auto\" tabindex=\"0\" data-message-author-role=\"assistant\" data-message-id=\"db735d10-aaec-464b-ad14-256f3334e522\" data-message-model-slug=\"gpt-5-3-mini\" data-turn-start-message=\"true\">\n<div class=\"flex w-full flex-col gap-1 empty:hidden\">\n<div class=\"markdown prose dark:prose-invert w-full wrap-break-word light markdown-new-styling\">\n<p data-section-id=\"1knpwam\" data-start=\"1898\" data-end=\"1918\"><strong><span role=\"text\">Mi filosof\u00eda<\/span><\/strong><\/p>\n<p>Mi trabajo se basa en un estilo de vida hol\u00edstico. El yoga, la meditaci\u00f3n y la relajaci\u00f3n profunda forman parte de mi vida desde hace muchos a\u00f1os. Por ello, mi enfoque de holistic massage Mallorca se centra en crear equilibrio entre cuerpo y mente.  <\/p>\n<\/div>\n<\/div>\n<\/div>\n<p>[\/vc_column_text][\/vc_column_inner][\/vc_row_inner][\/vc_column][vc_column column_width_use_pixel=\u00bbyes\u00bb gutter_size=\u00bb3&#8243; overlay_alpha=\u00bb50&#8243; shift_x=\u00bb0&#8243; shift_y=\u00bb0&#8243; shift_y_down=\u00bb0&#8243; z_index=\u00bb0&#8243; medium_width=\u00bb0&#8243; mobile_width=\u00bb0&#8243; width=\u00bb1\/3&#8243; uncode_shortcode_id=\u00bb408989&#8243;][vc_row_inner row_inner_height_percent=\u00bb0&#8243; back_color=\u00bbcolor-lxmt\u00bb overlay_alpha=\u00bb50&#8243; gutter_size=\u00bb3&#8243; shift_y=\u00bb0&#8243; z_index=\u00bb0&#8243; uncode_shortcode_id=\u00bb211621&#8243; back_color_type=\u00bbuncode-palette\u00bb][vc_column_inner column_width_percent=\u00bb100&#8243; gutter_size=\u00bb3&#8243; override_padding=\u00bbyes\u00bb column_padding=\u00bb2&#8243; overlay_alpha=\u00bb50&#8243; shift_x=\u00bb0&#8243; shift_y=\u00bb0&#8243; shift_y_down=\u00bb0&#8243; z_index=\u00bb0&#8243; medium_width=\u00bb0&#8243; mobile_width=\u00bb0&#8243; width=\u00bb1\/1&#8243; uncode_shortcode_id=\u00bb157600&#8243;][vc_column_text uncode_shortcode_id=\u00bb170049&#8243;]<strong><span role=\"text\">Mi trabajo actual en Mallorca<\/span><\/strong><\/p>\n<p>Actualmente dirijo un equipo cuidadosamente seleccionado de terapeutas profesionales. Todos trabajan con el mismo alto nivel para garantizar una calidad constante en cada servicio de mobile massage Mallorca. <\/p>\n<p>Ofrecemos tratamientos personalizados en hoteles, villas, fincas, yates, retiros, bodas y eventos. Nuestro enfoque se basa siempre en la profesionalidad, la fiabilidad y la discreci\u00f3n. <\/p>\n<section class=\"text-token-text-primary w-full focus:outline-none [--shadow-height:45px] has-data-writing-block:pointer-events-none has-data-writing-block:-mt-(--shadow-height) has-data-writing-block:pt-(--shadow-height) [&amp;:has([data-writing-block])&gt;*]:pointer-events-auto [content-visibility:auto] supports-[content-visibility:auto]:[contain-intrinsic-size:auto_100lvh] R6Vx5W_threadScrollVars scroll-mb-[calc(var(--scroll-root-safe-area-inset-bottom,0px)+var(--thread-response-height))] scroll-mt-[calc(var(--header-height)+min(200px,max(70px,20svh)))]\" dir=\"auto\" data-turn-id=\"request-WEB:15623d8a-29e3-4878-a022-013b1f0e766a-41\" data-testid=\"conversation-turn-84\" data-scroll-anchor=\"false\" data-turn=\"assistant\">\n<div class=\"text-base my-auto mx-auto pb-10 [--thread-content-margin:var(--thread-content-margin-xs,calc(var(--spacing)*4))] @w-sm\/main:[--thread-content-margin:var(--thread-content-margin-sm,calc(var(--spacing)*6))] @w-lg\/main:[--thread-content-margin:var(--thread-content-margin-lg,calc(var(--spacing)*16))] px-(--thread-content-margin)\">\n<div class=\"[--thread-content-max-width:40rem] @w-lg\/main:[--thread-content-max-width:48rem] mx-auto max-w-(--thread-content-max-width) flex-1 group\/turn-messages focus-visible:outline-hidden relative flex w-full min-w-0 flex-col agent-turn\">\n<div class=\"flex max-w-full flex-col gap-4 grow\">\n<div class=\"min-h-8 text-message relative flex w-full flex-col items-end gap-2 text-start break-words whitespace-normal outline-none keyboard-focused:focus-ring [.text-message+&amp;]:mt-1\" dir=\"auto\" tabindex=\"0\" data-message-author-role=\"assistant\" data-message-id=\"db735d10-aaec-464b-ad14-256f3334e522\" data-message-model-slug=\"gpt-5-3-mini\" data-turn-start-message=\"true\">\n<div class=\"flex w-full flex-col gap-1 empty:hidden\">\n<div class=\"markdown prose dark:prose-invert w-full wrap-break-word light markdown-new-styling\">\n<p data-section-id=\"1dkjvn0\" data-start=\"912\" data-end=\"962\"><strong><span role=\"text\">Experiencia en wellness de lujo y hospitalidad<\/span><\/strong><\/p>\n<p data-start=\"964\" data-end=\"1136\">A lo largo de los a\u00f1os he adquirido una amplia experiencia en el sector wellness de alto nivel y la hospitalidad de lujo. Un punto clave en mi trayectoria fue mi trabajo como Spa Manager en IT Mallorca. <\/p>\n<p data-start=\"1138\" data-end=\"1356\">All\u00ed gestion\u00e9 operaciones en hoteles boutique de 5 estrellas como Can Alomar y Calatrava, desarrollando una fuerte capacidad para ofrecer un servicio excelente a una clientela internacional exigente. <\/p>\n<p data-start=\"1358\" data-end=\"1490\">Adem\u00e1s, cuento con muchos a\u00f1os de experiencia en la industria n\u00e1utica, donde la discreci\u00f3n, la flexibilidad y la excelencia son esenciales.<\/p>\n<\/div>\n<\/div>\n<\/div>\n<\/div>\n<\/div>\n<\/div>\n<\/section>\n<p>[\/vc_column_text][\/vc_column_inner][\/vc_row_inner][vc_button button_color=\u00bbcolor-482803&#8243; border_width=\u00bb0&#8243; uncode_shortcode_id=\u00bb149808&#8243; button_color_type=\u00bbuncode-palette\u00bb link=\u00bburl:https%3A%2F%2Fwa.me%2F34630321844%3Ftext%3DHello%2520I%2520would%2520like%2520to%2520request%2520a%2520mobile%2520massage%2520service%3A%250ALocation%3A%250ADate%3A%250ANumber%2520of%2520people%3A|title:Contact|\u00bb]Contact[\/vc_button][\/vc_column][\/vc_row][vc_row row_height_percent=\u00bb0&#8243; override_padding=\u00bbyes\u00bb h_padding=\u00bb2&#8243; top_padding=\u00bb5&#8243; bottom_padding=\u00bb5&#8243; overlay_alpha=\u00bb50&#8243; equal_height=\u00bbyes\u00bb gutter_size=\u00bb4&#8243; column_width_percent=\u00bb100&#8243; shift_y=\u00bb0&#8243; z_index=\u00bb0&#8243; bottom_divider=\u00bbhills-opacity\u00bb content_parallax=\u00bb0&#8243; uncode_shortcode_id=\u00bb103988&#8243;][vc_column column_width_percent=\u00bb100&#8243; align_horizontal=\u00bbalign_right\u00bb gutter_size=\u00bb3&#8243; overlay_alpha=\u00bb50&#8243; shift_x=\u00bb0&#8243; shift_y=\u00bb0&#8243; shift_y_down=\u00bb0&#8243; z_index=\u00bb0&#8243; medium_width=\u00bb0&#8243; mobile_width=\u00bb0&#8243; width=\u00bb2\/6&#8243; uncode_shortcode_id=\u00bb519694&#8243;][vc_custom_heading text_color=\u00bbcolor-482803&#8243; text_font=\u00bbfont-205659&#8243; text_size=\u00bbcustom\u00bb text_height=\u00bbfontheight-357766&#8243; uncode_shortcode_id=\u00bb129677&#8243; heading_custom_size=\u00bb36px\u00bb text_color_type=\u00bbuncode-palette\u00bb]Mis especialidades en[\/vc_custom_heading][\/vc_column][vc_column column_width_percent=\u00bb100&#8243; gutter_size=\u00bb3&#8243; overlay_alpha=\u00bb50&#8243; border_color=\u00bbcolor-482803&#8243; border_style=\u00bbsolid\u00bb shift_x=\u00bb0&#8243; shift_y=\u00bb0&#8243; shift_y_down=\u00bb0&#8243; z_index=\u00bb0&#8243; medium_width=\u00bb0&#8243; mobile_width=\u00bb0&#8243; width=\u00bb1\/6&#8243; uncode_shortcode_id=\u00bb214531&#8243; css=\u00bb.vc_custom_1774966112615{border-right-width: 1px !important;}\u00bb border_color_type=\u00bbuncode-palette\u00bb][\/vc_column][vc_column column_width_percent=\u00bb100&#8243; gutter_size=\u00bb3&#8243; overlay_alpha=\u00bb50&#8243; shift_x=\u00bb0&#8243; shift_y=\u00bb0&#8243; shift_y_down=\u00bb0&#8243; z_index=\u00bb0&#8243; medium_width=\u00bb0&#8243; mobile_width=\u00bb0&#8243; width=\u00bb3\/6&#8243; uncode_shortcode_id=\u00bb213614&#8243;][vc_row_inner row_inner_height_percent=\u00bb0&#8243; overlay_alpha=\u00bb50&#8243; gutter_size=\u00bb3&#8243; shift_y=\u00bb0&#8243; z_index=\u00bb0&#8243; limit_content=\u00bb\u00bb uncode_shortcode_id=\u00bb177259&#8243;][vc_column_inner column_width_percent=\u00bb100&#8243; gutter_size=\u00bb3&#8243; overlay_alpha=\u00bb50&#8243; shift_x=\u00bb0&#8243; shift_y=\u00bb0&#8243; shift_y_down=\u00bb0&#8243; z_index=\u00bb0&#8243; medium_width=\u00bb4&#8243; mobile_width=\u00bb4&#8243; width=\u00bb1\/2&#8243; uncode_shortcode_id=\u00bb561496&#8243;][uncode_list larger=\u00bbyes\u00bb icon=\u00bbfa fa-check2&#8243; icon_color=\u00bbcolor-482803&#8243; uncode_shortcode_id=\u00bb101040&#8243; icon_color_type=\u00bbuncode-palette\u00bb]<\/p>\n<ul>\n<li><a href=\"https:\/\/wellnessmassagemallorca.com\/es\/tratamientos\/\">Masaje Hol\u00edstico de Relajaci\u00f3n<\/a><\/li>\n<li><a href=\"https:\/\/wellnessmassagemallorca.com\/behandlungen\/feuchtigkeitsspendende-gesichtsbehandlung\/\">Tratamientos faciales<\/a><\/li>\n<li><a href=\"https:\/\/wellnessmassagemallorca.com\/behandlungen\/tiefengewebsmassage-deep-tissue-2\/\">Tejido profundo<\/a><\/li>\n<li><a href=\"https:\/\/wellnessmassagemallorca.com\/behandlungen\/fussreflexzonenmassage\/\">Reflexolog\u00eda<\/a><\/li>\n<\/ul>\n<p>[\/uncode_list][\/vc_column_inner][vc_column_inner column_width_percent=\u00bb100&#8243; gutter_size=\u00bb3&#8243; overlay_alpha=\u00bb50&#8243; shift_x=\u00bb0&#8243; shift_y=\u00bb0&#8243; shift_y_down=\u00bb0&#8243; z_index=\u00bb0&#8243; medium_width=\u00bb4&#8243; mobile_width=\u00bb4&#8243; width=\u00bb1\/2&#8243; uncode_shortcode_id=\u00bb439899&#8243;][uncode_list larger=\u00bbyes\u00bb icon=\u00bbfa fa-check2&#8243; icon_color=\u00bbcolor-482803&#8243; uncode_shortcode_id=\u00bb332467&#8243; icon_color_type=\u00bbuncode-palette\u00bb]<\/p>\n<ul>\n<li><a href=\"https:\/\/wellnessmassagemallorca.com\/behandlungen\/cranio-sacral-therapie\/\">Terapia Sacro Craneal<\/a><\/li>\n<li><a href=\"https:\/\/www.wellnessmassagemallorca.com\/behandlungen\/manual-lymphatic-drainage\/\">Drenaje linf\u00e1tico manual<\/a><\/li>\n<li><a href=\"https:\/\/wellnessmassagemallorca.com\/behandlungen\/aromarelax-massage\/\">Aromaterapia<\/a><\/li>\n<li><a href=\"https:\/\/wellnessmassagemallorca.com\/es\/tratamientos\/equilibrio-californiano\/\">Equilibrio californiano<\/a><\/li>\n<\/ul>\n<p>[\/uncode_list][\/vc_column_inner][\/vc_row_inner][\/vc_column][\/vc_row]<\/p>\n<\/div>","protected":false},"excerpt":{"rendered":"<p>[vc_row unlock_row_content=\u00bbyes\u00bb row_height_percent=\u00bb0&#8243; override_padding=\u00bbyes\u00bb h_padding=\u00bb1&#8243; top_padding=\u00bb1&#8243; bottom_padding=\u00bb1&#8243; back_color=\u00bbcolor-xsdn\u00bb overlay_alpha=\u00bb50&#8243; equal_height=\u00bbyes\u00bb gutter_size=\u00bb3&#8243; column_width_percent=\u00bb100&#8243; shift_y=\u00bb0&#8243; z_index=\u00bb0&#8243; content_parallax=\u00bb0&#8243; uncode_shortcode_id=\u00bb107314&#8243; back_color_type=\u00bbuncode-palette\u00bb][vc_column column_width_percent=\u00bb100&#8243; align_horizontal=\u00bbalign_right\u00bb gutter_size=\u00bb3&#8243; [&hellip;]<\/p>\n","protected":false},"author":3,"featured_media":4275,"parent":0,"menu_order":0,"comment_status":"closed","ping_status":"closed","template":"","meta":{"_acf_changed":false,"footnotes":""},"class_list":["post-160901","page","type-page","status-publish","has-post-thumbnail","hentry"],"acf":[],"yoast_head":"<!-- This site is optimized with the Yoast SEO plugin v27.5 - https:\/\/yoast.com\/product\/yoast-seo-wordpress\/ -->\n<title>Mobile Massage Mallorca | Sobre Sabine Fahrenkrug<\/title>\n<meta name=\"description\" content=\"Mobile massage Mallorca con Sabine Fahrenkrug. Terapeuta profesional en bienestar, hoteles, villas, yates y eventos en Mallorca.\" \/>\n<meta name=\"robots\" content=\"index, follow, max-snippet:-1, max-image-preview:large, max-video-preview:-1\" \/>\n<link rel=\"canonical\" href=\"https:\/\/wellnessmassagemallorca.com\/es\/sobre-mi\/\" \/>\n<meta property=\"og:locale\" content=\"es_ES\" \/>\n<meta property=\"og:type\" content=\"article\" \/>\n<meta property=\"og:title\" content=\"Mobile Massage Mallorca | Sobre Sabine Fahrenkrug\" \/>\n<meta property=\"og:description\" content=\"Mobile massage Mallorca con Sabine Fahrenkrug. Terapeuta profesional en bienestar, hoteles, villas, yates y eventos en Mallorca.\" \/>\n<meta property=\"og:url\" content=\"https:\/\/wellnessmassagemallorca.com\/es\/sobre-mi\/\" \/>\n<meta property=\"og:site_name\" content=\"WELLNESS MASSAGE MALLORCA | Villa &amp; Yacht Service\" \/>\n<meta property=\"article:publisher\" content=\"https:\/\/www.facebook.com\/wellnessmassagemallorca\/\" \/>\n<meta property=\"article:modified_time\" content=\"2026-05-02T14:41:40+00:00\" \/>\n<meta property=\"og:image\" content=\"https:\/\/wellnessmassagemallorca.com\/wp-content\/uploads\/2016\/06\/sobre-mi.png\" \/>\n\t<meta property=\"og:image:width\" content=\"515\" \/>\n\t<meta property=\"og:image:height\" content=\"726\" \/>\n\t<meta property=\"og:image:type\" content=\"image\/png\" \/>\n<meta name=\"twitter:card\" content=\"summary_large_image\" \/>\n<meta name=\"twitter:label1\" content=\"Tiempo de lectura\" \/>\n\t<meta name=\"twitter:data1\" content=\"5 minutos\" \/>\n<script type=\"application\/ld+json\" class=\"yoast-schema-graph\">{\"@context\":\"https:\\\/\\\/schema.org\",\"@graph\":[{\"@type\":\"WebPage\",\"@id\":\"https:\\\/\\\/wellnessmassagemallorca.com\\\/es\\\/sobre-mi\\\/\",\"url\":\"https:\\\/\\\/wellnessmassagemallorca.com\\\/es\\\/sobre-mi\\\/\",\"name\":\"Mobile Massage Mallorca | Sobre Sabine Fahrenkrug\",\"isPartOf\":{\"@id\":\"https:\\\/\\\/wellnessmassagemallorca.com\\\/es\\\/#website\"},\"primaryImageOfPage\":{\"@id\":\"https:\\\/\\\/wellnessmassagemallorca.com\\\/es\\\/sobre-mi\\\/#primaryimage\"},\"image\":{\"@id\":\"https:\\\/\\\/wellnessmassagemallorca.com\\\/es\\\/sobre-mi\\\/#primaryimage\"},\"thumbnailUrl\":\"https:\\\/\\\/wellnessmassagemallorca.com\\\/wp-content\\\/uploads\\\/2016\\\/06\\\/sobre-mi.png\",\"datePublished\":\"2026-04-13T12:54:34+00:00\",\"dateModified\":\"2026-05-02T14:41:40+00:00\",\"description\":\"Mobile massage Mallorca con Sabine Fahrenkrug. Terapeuta profesional en bienestar, hoteles, villas, yates y eventos en Mallorca.\",\"breadcrumb\":{\"@id\":\"https:\\\/\\\/wellnessmassagemallorca.com\\\/es\\\/sobre-mi\\\/#breadcrumb\"},\"inLanguage\":\"es\",\"potentialAction\":[{\"@type\":\"ReadAction\",\"target\":[\"https:\\\/\\\/wellnessmassagemallorca.com\\\/es\\\/sobre-mi\\\/\"]}]},{\"@type\":\"ImageObject\",\"inLanguage\":\"es\",\"@id\":\"https:\\\/\\\/wellnessmassagemallorca.com\\\/es\\\/sobre-mi\\\/#primaryimage\",\"url\":\"https:\\\/\\\/wellnessmassagemallorca.com\\\/wp-content\\\/uploads\\\/2016\\\/06\\\/sobre-mi.png\",\"contentUrl\":\"https:\\\/\\\/wellnessmassagemallorca.com\\\/wp-content\\\/uploads\\\/2016\\\/06\\\/sobre-mi.png\",\"width\":515,\"height\":726,\"caption\":\"Terapeuta profesional ofreciendo masajes a domicilio en Mallorca con servicio exclusivo.\"},{\"@type\":\"BreadcrumbList\",\"@id\":\"https:\\\/\\\/wellnessmassagemallorca.com\\\/es\\\/sobre-mi\\\/#breadcrumb\",\"itemListElement\":[{\"@type\":\"ListItem\",\"position\":1,\"name\":\"Home\",\"item\":\"https:\\\/\\\/wellnessmassagemallorca.com\\\/es\\\/\"},{\"@type\":\"ListItem\",\"position\":2,\"name\":\"Sobre m\u00ed\"}]},{\"@type\":\"WebSite\",\"@id\":\"https:\\\/\\\/wellnessmassagemallorca.com\\\/es\\\/#website\",\"url\":\"https:\\\/\\\/wellnessmassagemallorca.com\\\/es\\\/\",\"name\":\"WELLNESS MASSAGE MALLORCA\",\"description\":\"Professional mobile wellness &amp; massage treatments on Mallorca - right to your door step. \",\"publisher\":{\"@id\":\"https:\\\/\\\/wellnessmassagemallorca.com\\\/es\\\/#organization\"},\"potentialAction\":[{\"@type\":\"SearchAction\",\"target\":{\"@type\":\"EntryPoint\",\"urlTemplate\":\"https:\\\/\\\/wellnessmassagemallorca.com\\\/es\\\/?s={search_term_string}\"},\"query-input\":{\"@type\":\"PropertyValueSpecification\",\"valueRequired\":true,\"valueName\":\"search_term_string\"}}],\"inLanguage\":\"es\"},{\"@type\":\"Organization\",\"@id\":\"https:\\\/\\\/wellnessmassagemallorca.com\\\/es\\\/#organization\",\"name\":\"WELLNESS MASSAGE MALLORCA\",\"url\":\"https:\\\/\\\/wellnessmassagemallorca.com\\\/es\\\/\",\"logo\":{\"@type\":\"ImageObject\",\"inLanguage\":\"es\",\"@id\":\"https:\\\/\\\/wellnessmassagemallorca.com\\\/es\\\/#\\\/schema\\\/logo\\\/image\\\/\",\"url\":\"https:\\\/\\\/wellnessmassagemallorca.com\\\/wp-content\\\/uploads\\\/2020\\\/10\\\/cropped-369038D6-D2CC-4CD8-9DE4-C6B45B291BCC_4_5005_c-1.jpeg\",\"contentUrl\":\"https:\\\/\\\/wellnessmassagemallorca.com\\\/wp-content\\\/uploads\\\/2020\\\/10\\\/cropped-369038D6-D2CC-4CD8-9DE4-C6B45B291BCC_4_5005_c-1.jpeg\",\"width\":512,\"height\":512,\"caption\":\"WELLNESS MASSAGE MALLORCA\"},\"image\":{\"@id\":\"https:\\\/\\\/wellnessmassagemallorca.com\\\/es\\\/#\\\/schema\\\/logo\\\/image\\\/\"},\"sameAs\":[\"https:\\\/\\\/www.facebook.com\\\/wellnessmassagemallorca\\\/\",\"https:\\\/\\\/www.instagram.com\\\/wellness.massage.mallorca\\\/\"]}]}<\/script>\n<!-- \/ Yoast SEO plugin. -->","yoast_head_json":{"title":"Mobile Massage Mallorca | Sobre Sabine Fahrenkrug","description":"Mobile massage Mallorca con Sabine Fahrenkrug. Terapeuta profesional en bienestar, hoteles, villas, yates y eventos en Mallorca.","robots":{"index":"index","follow":"follow","max-snippet":"max-snippet:-1","max-image-preview":"max-image-preview:large","max-video-preview":"max-video-preview:-1"},"canonical":"https:\/\/wellnessmassagemallorca.com\/es\/sobre-mi\/","og_locale":"es_ES","og_type":"article","og_title":"Mobile Massage Mallorca | Sobre Sabine Fahrenkrug","og_description":"Mobile massage Mallorca con Sabine Fahrenkrug. Terapeuta profesional en bienestar, hoteles, villas, yates y eventos en Mallorca.","og_url":"https:\/\/wellnessmassagemallorca.com\/es\/sobre-mi\/","og_site_name":"WELLNESS MASSAGE MALLORCA | Villa &amp; Yacht Service","article_publisher":"https:\/\/www.facebook.com\/wellnessmassagemallorca\/","article_modified_time":"2026-05-02T14:41:40+00:00","og_image":[{"width":515,"height":726,"url":"https:\/\/wellnessmassagemallorca.com\/wp-content\/uploads\/2016\/06\/sobre-mi.png","type":"image\/png"}],"twitter_card":"summary_large_image","twitter_misc":{"Tiempo de lectura":"5 minutos"},"schema":{"@context":"https:\/\/schema.org","@graph":[{"@type":"WebPage","@id":"https:\/\/wellnessmassagemallorca.com\/es\/sobre-mi\/","url":"https:\/\/wellnessmassagemallorca.com\/es\/sobre-mi\/","name":"Mobile Massage Mallorca | Sobre Sabine Fahrenkrug","isPartOf":{"@id":"https:\/\/wellnessmassagemallorca.com\/es\/#website"},"primaryImageOfPage":{"@id":"https:\/\/wellnessmassagemallorca.com\/es\/sobre-mi\/#primaryimage"},"image":{"@id":"https:\/\/wellnessmassagemallorca.com\/es\/sobre-mi\/#primaryimage"},"thumbnailUrl":"https:\/\/wellnessmassagemallorca.com\/wp-content\/uploads\/2016\/06\/sobre-mi.png","datePublished":"2026-04-13T12:54:34+00:00","dateModified":"2026-05-02T14:41:40+00:00","description":"Mobile massage Mallorca con Sabine Fahrenkrug. Terapeuta profesional en bienestar, hoteles, villas, yates y eventos en Mallorca.","breadcrumb":{"@id":"https:\/\/wellnessmassagemallorca.com\/es\/sobre-mi\/#breadcrumb"},"inLanguage":"es","potentialAction":[{"@type":"ReadAction","target":["https:\/\/wellnessmassagemallorca.com\/es\/sobre-mi\/"]}]},{"@type":"ImageObject","inLanguage":"es","@id":"https:\/\/wellnessmassagemallorca.com\/es\/sobre-mi\/#primaryimage","url":"https:\/\/wellnessmassagemallorca.com\/wp-content\/uploads\/2016\/06\/sobre-mi.png","contentUrl":"https:\/\/wellnessmassagemallorca.com\/wp-content\/uploads\/2016\/06\/sobre-mi.png","width":515,"height":726,"caption":"Terapeuta profesional ofreciendo masajes a domicilio en Mallorca con servicio exclusivo."},{"@type":"BreadcrumbList","@id":"https:\/\/wellnessmassagemallorca.com\/es\/sobre-mi\/#breadcrumb","itemListElement":[{"@type":"ListItem","position":1,"name":"Home","item":"https:\/\/wellnessmassagemallorca.com\/es\/"},{"@type":"ListItem","position":2,"name":"Sobre m\u00ed"}]},{"@type":"WebSite","@id":"https:\/\/wellnessmassagemallorca.com\/es\/#website","url":"https:\/\/wellnessmassagemallorca.com\/es\/","name":"WELLNESS MASSAGE MALLORCA","description":"Professional mobile wellness &amp; massage treatments on Mallorca - right to your door step. ","publisher":{"@id":"https:\/\/wellnessmassagemallorca.com\/es\/#organization"},"potentialAction":[{"@type":"SearchAction","target":{"@type":"EntryPoint","urlTemplate":"https:\/\/wellnessmassagemallorca.com\/es\/?s={search_term_string}"},"query-input":{"@type":"PropertyValueSpecification","valueRequired":true,"valueName":"search_term_string"}}],"inLanguage":"es"},{"@type":"Organization","@id":"https:\/\/wellnessmassagemallorca.com\/es\/#organization","name":"WELLNESS MASSAGE MALLORCA","url":"https:\/\/wellnessmassagemallorca.com\/es\/","logo":{"@type":"ImageObject","inLanguage":"es","@id":"https:\/\/wellnessmassagemallorca.com\/es\/#\/schema\/logo\/image\/","url":"https:\/\/wellnessmassagemallorca.com\/wp-content\/uploads\/2020\/10\/cropped-369038D6-D2CC-4CD8-9DE4-C6B45B291BCC_4_5005_c-1.jpeg","contentUrl":"https:\/\/wellnessmassagemallorca.com\/wp-content\/uploads\/2020\/10\/cropped-369038D6-D2CC-4CD8-9DE4-C6B45B291BCC_4_5005_c-1.jpeg","width":512,"height":512,"caption":"WELLNESS MASSAGE MALLORCA"},"image":{"@id":"https:\/\/wellnessmassagemallorca.com\/es\/#\/schema\/logo\/image\/"},"sameAs":["https:\/\/www.facebook.com\/wellnessmassagemallorca\/","https:\/\/www.instagram.com\/wellness.massage.mallorca\/"]}]}},"_links":{"self":[{"href":"https:\/\/wellnessmassagemallorca.com\/es\/wp-json\/wp\/v2\/pages\/160901","targetHints":{"allow":["GET"]}}],"collection":[{"href":"https:\/\/wellnessmassagemallorca.com\/es\/wp-json\/wp\/v2\/pages"}],"about":[{"href":"https:\/\/wellnessmassagemallorca.com\/es\/wp-json\/wp\/v2\/types\/page"}],"author":[{"embeddable":true,"href":"https:\/\/wellnessmassagemallorca.com\/es\/wp-json\/wp\/v2\/users\/3"}],"replies":[{"embeddable":true,"href":"https:\/\/wellnessmassagemallorca.com\/es\/wp-json\/wp\/v2\/comments?post=160901"}],"version-history":[{"count":13,"href":"https:\/\/wellnessmassagemallorca.com\/es\/wp-json\/wp\/v2\/pages\/160901\/revisions"}],"predecessor-version":[{"id":162072,"href":"https:\/\/wellnessmassagemallorca.com\/es\/wp-json\/wp\/v2\/pages\/160901\/revisions\/162072"}],"wp:featuredmedia":[{"embeddable":true,"href":"https:\/\/wellnessmassagemallorca.com\/es\/wp-json\/wp\/v2\/media\/4275"}],"wp:attachment":[{"href":"https:\/\/wellnessmassagemallorca.com\/es\/wp-json\/wp\/v2\/media?parent=160901"}],"curies":[{"name":"wp","href":"https:\/\/api.w.org\/{rel}","templated":true}]}}