{"id":160950,"date":"2026-04-13T15:17:41","date_gmt":"2026-04-13T13:17:41","guid":{"rendered":"https:\/\/wellnessmassagemallorca.com\/datenschutzbestimmungen\/"},"modified":"2026-04-13T15:17:41","modified_gmt":"2026-04-13T13:17:41","slug":"datenschutzbestimmungen","status":"publish","type":"page","link":"https:\/\/wellnessmassagemallorca.com\/de\/datenschutzbestimmungen\/","title":{"rendered":"Datenschutzbestimmungen"},"content":{"rendered":"<div class=\"wpb-content-wrapper\"><p>[vc_row unlock_row=&#8220;&#8220; row_height_percent=&#8220;0&#8243; override_padding=&#8220;yes&#8220; h_padding=&#8220;2&#8243; top_padding=&#8220;2&#8243; bottom_padding=&#8220;5&#8243; overlay_alpha=&#8220;50&#8243; gutter_size=&#8220;3&#8243; column_width_percent=&#8220;100&#8243; shift_y=&#8220;0&#8243; z_index=&#8220;0&#8243; content_parallax=&#8220;0&#8243; uncode_shortcode_id=&#8220;962150&#8243;][vc_column][vc_custom_heading auto_text=&#8220;yes&#8220; text_color=&#8220;accent&#8220; heading_semantic=&#8220;h1&#8243; text_size=&#8220;h1&#8243; uncode_shortcode_id=&#8220;277183&#8243; text_color_type=&#8220;uncode-palette&#8220;]Dies ist ein benutzerdefiniertes \u00dcberschriftenelement.[\/vc_custom_heading][vc_column_text uncode_shortcode_id=&#8220;194535&#8243;]<\/p>\n<h2>1. Wer sind wir?<\/h2>\n<p>Diese Website ist Eigentum von Sabine Fahrenkrug mit der NIE X5729482K mit Sitz in 07014 Palma de Mallorca (im Folgenden &#8222;WELLNESS MASSAGE MALLORCA&#8220;).<\/p>\n<h2>2. Information und Zustimmung<\/h2>\n<p>Durch die Annahme dieser Datenschutzrichtlinie wird der Benutzer (im Folgenden &#8222;Benutzer&#8220; oder &#8222;Benutzer&#8220;) informiert und gibt seine freie, informierte, spezifische und eindeutige Zustimmung zu den pers\u00f6nlichen Daten, die \u00fcber die Webseite unter der URL  [https:\/\/wellnessmassagemallorca .com \/]  (im Folgenden die &#8222;Website&#8220;) werden von WELLNESS MASSAGE MALLORCA verarbeitet, ebenso wie die Daten, die sich aus Ihrem Browsing ergeben, und andere Daten, die Sie m\u00f6glicherweise in Zukunft angeben.<\/p>\n<p>Der Nutzer muss diese Datenschutzerkl\u00e4rung, die klar und einfach formuliert wurde, um das Verst\u00e4ndnis zu erleichtern, sorgf\u00e4ltig lesen. Der Nutzer kann frei und freiwillig entscheiden, ob er seine pers\u00f6nlichen Daten an WELLNESS MASSAGE MALLORCA weitergeben m\u00f6chte.<\/p>\n<h2>3. Verpflichtung zur Bereitstellung der Daten<\/h2>\n<p>Die in den Webformularen abgefragten Daten sind in der Regel obligatorisch (es sei denn, das Gegenteil ist im Pflichtfeld angegeben), um die Zwecke zu erf\u00fcllen, f\u00fcr die sie erhoben werden.<\/p>\n<p>Wenn sie also nicht oder nicht korrekt bereitgestellt werden, k\u00f6nnen sie nicht angesprochen werden, auch wenn Sie den Inhalt der Website frei einsehen k\u00f6nnen.<\/p>\n<h2>4. Zu welchem Zweck wird WELLNESS MASSAGE MALLORCA die Daten des Benutzers verarbeiten?<\/h2>\n<p>Die \u00fcber die Website zur Verf\u00fcgung gestellten personenbezogenen Daten werden von WELLNESS MASSAGE MALLORCA verarbeitet, um Anfragen, W\u00fcnsche, Vorf\u00e4lle oder Anfragen des Nutzers zu verwalten, zu bearbeiten und zu beantworten.<\/p>\n<p>Um diese Zustimmung zu widerrufen, kann der Nutzer WELLNESS MASSAGE MALLORCA \u00fcber info@wellnessmassagemallorca.com kontaktieren.<\/p>\n<h2>5. Kommerzielle und werbliche Kommunikation<\/h2>\n<p>Einer der Zwecke, zu denen WELLNESS MASSAGE MALLORCA die von den Nutzern zur Verf\u00fcgung gestellten personenbezogenen Daten verarbeitet, besteht darin, ihnen kommerzielle Mitteilungen mit Informationen \u00fcber Produkte, Dienstleistungen, Werbeaktionen, Angebote, Veranstaltungen oder Neuigkeiten, die f\u00fcr die Nutzer relevant sind, zu senden.<\/p>\n<p>F\u00fcr den Fall, dass der Nutzer keine kommerziellen oder werblichen Mitteilungen von WELLNESS MASSAGE MALLORCA mehr erhalten m\u00f6chte, kann er die Stornierung des Dienstes per E-Mail an die folgende Adresse anfordern: info@wellnessmassagemallorca.com<\/p>\n<h2>6. Verantwortung des Benutzers<\/h2>\n<p>Der Nutzer garantiert, dass die von WELLNESS MASSAGE MALLORCA bereitgestellten Daten wahr, genau, vollst\u00e4ndig und aktuell sind. Zu diesem Zweck ist der Nutzer f\u00fcr die Richtigkeit aller von ihm \u00fcbermittelten Daten verantwortlich und wird die bereitgestellten Informationen in angemessener Weise aktualisieren, so dass sie seiner tats\u00e4chlichen Situation entsprechen.<\/p>\n<p>Sie garantiert, dass sie die Dritten, die ihre Daten zur Verf\u00fcgung stellen, wenn sie dies tun, \u00fcber die in diesem Dokument enthaltenen Aspekte informiert hat. Ebenso garantieren Sie, dass Sie die Erlaubnis erhalten haben, WELLNESS MASSAGE MALLORCA Ihre Daten zu den angegebenen Zwecken zur Verf\u00fcgung zu stellen.<br \/>\nSie sind verantwortlich f\u00fcr falsche oder ungenaue Informationen, die Sie \u00fcber die Website zur Verf\u00fcgung stellen, sowie f\u00fcr alle direkten oder indirekten Sch\u00e4den, die WELLNESS MASSAGE MALLORCA oder Dritten entstehen k\u00f6nnen.<\/p>\n<h2>7. Aus\u00fcbung der Rechte<\/h2>\n<p>Im Namen des Unternehmens verarbeiten wir die von Ihnen zur Verf\u00fcgung gestellten Informationen, um Ihnen per E-Mail Werbung f\u00fcr unsere Produkte und Dienstleistungen zukommen zu lassen und Sie zu von dem Unternehmen organisierten Veranstaltungen einzuladen. Die zur Verf\u00fcgung gestellten Daten werden so lange aufbewahrt, wie Sie nicht die Beendigung der Aktivit\u00e4t verlangen. Die Daten werden nicht an Dritte weitergegeben, au\u00dfer in F\u00e4llen, in denen eine gesetzliche Verpflichtung besteht. Sie haben das Recht, eine Best\u00e4tigung dar\u00fcber zu erhalten, ob WELLNESS MASSAGE MALLORCA Ihre pers\u00f6nlichen Daten verarbeitet. Daher haben Sie das Recht, auf Ihre personenbezogenen Daten zuzugreifen, unrichtige Daten zu berichtigen oder ihre L\u00f6schung zu verlangen, wenn die Daten f\u00fcr die Zwecke, f\u00fcr die sie erhoben wurden, nicht mehr erforderlich sind.<\/p>\n<h2>8. \u00c4nderungen<\/h2>\n<p>WELLNESS MASSAGE MALLORCA beh\u00e4lt sich das Recht vor, seine Datenschutzrichtlinie zu dem Zeitpunkt zu \u00e4ndern, den es f\u00fcr angemessen h\u00e4lt; in diesem Fall wird dies den Benutzern mitgeteilt. Aus diesem Grund sollten Sie diese Datenschutzerkl\u00e4rung regelm\u00e4\u00dfig \u00fcberpr\u00fcfen, um die aktuellste Version der WELLNESS MASSAGE MALLORCA Datenschutzrichtlinie zu lesen.<\/p>\n<h2>9. Akzeptanz und Zustimmung<\/h2>\n<p>Der Benutzer erkl\u00e4rt, \u00fcber die Bedingungen zum Schutz der pers\u00f6nlichen Daten informiert worden zu sein, und erkl\u00e4rt sich mit der automatisierten Verarbeitung dieser Daten durch WELLNESS MASSAGE MALLORCA in der Art und Weise und zu den Zwecken einverstanden, die in dieser Datenschutzrichtlinie angegeben sind.[\/vc_column_text][\/vc_column][\/vc_row]<\/p>\n<\/div>","protected":false},"excerpt":{"rendered":"<p>[vc_row unlock_row=&#8220;&#8220; row_height_percent=&#8220;0&#8243; override_padding=&#8220;yes&#8220; h_padding=&#8220;2&#8243; top_padding=&#8220;2&#8243; bottom_padding=&#8220;5&#8243; overlay_alpha=&#8220;50&#8243; gutter_size=&#8220;3&#8243; column_width_percent=&#8220;100&#8243; shift_y=&#8220;0&#8243; z_index=&#8220;0&#8243; content_parallax=&#8220;0&#8243; uncode_shortcode_id=&#8220;962150&#8243;][vc_column][vc_custom_heading auto_text=&#8220;yes&#8220; text_color=&#8220;accent&#8220; heading_semantic=&#8220;h1&#8243; text_size=&#8220;h1&#8243; uncode_shortcode_id=&#8220;277183&#8243; text_color_type=&#8220;uncode-palette&#8220;]Dies [&hellip;]<\/p>\n","protected":false},"author":3,"featured_media":0,"parent":0,"menu_order":0,"comment_status":"closed","ping_status":"closed","template":"","meta":{"_acf_changed":false,"footnotes":""},"class_list":["post-160950","page","type-page","status-publish","hentry"],"acf":[],"yoast_head":"<!-- This site is optimized with the Yoast SEO plugin v27.4 - https:\/\/yoast.com\/product\/yoast-seo-wordpress\/ -->\n<title>Datenschutzbestimmungen | Mobile Massage Mallorca \u2013 Luxury Massage &amp; Wellness<\/title>\n<meta name=\"robots\" content=\"noindex, nofollow\" \/>\n<meta property=\"og:locale\" content=\"de_DE\" \/>\n<meta property=\"og:type\" content=\"article\" \/>\n<meta property=\"og:title\" content=\"Datenschutzbestimmungen | Mobile Massage Mallorca \u2013 Luxury Massage &amp; Wellness\" \/>\n<meta property=\"og:description\" content=\"[vc_row unlock_row=&#8220;&#8220; row_height_percent=&#8220;0&#8243; override_padding=&#8220;yes&#8220; h_padding=&#8220;2&#8243; top_padding=&#8220;2&#8243; bottom_padding=&#8220;5&#8243; overlay_alpha=&#8220;50&#8243; gutter_size=&#8220;3&#8243; column_width_percent=&#8220;100&#8243; shift_y=&#8220;0&#8243; z_index=&#8220;0&#8243; content_parallax=&#8220;0&#8243; uncode_shortcode_id=&#8220;962150&#8243;][vc_column][vc_custom_heading auto_text=&#8220;yes&#8220; text_color=&#8220;accent&#8220; heading_semantic=&#8220;h1&#8243; text_size=&#8220;h1&#8243; uncode_shortcode_id=&#8220;277183&#8243; text_color_type=&#8220;uncode-palette&#8220;]Dies [&hellip;]\" \/>\n<meta property=\"og:url\" content=\"https:\/\/wellnessmassagemallorca.com\/de\/datenschutzbestimmungen\/\" \/>\n<meta property=\"og:site_name\" content=\"Mobile Massage Mallorca \u2013 Luxury Massage &amp; Wellness\" \/>\n<meta property=\"article:publisher\" content=\"https:\/\/www.facebook.com\/wellnessmassagemallorca\/\" \/>\n<meta name=\"twitter:card\" content=\"summary_large_image\" \/>\n<meta name=\"twitter:label1\" content=\"Gesch\u00e4tzte Lesezeit\" \/>\n\t<meta name=\"twitter:data1\" content=\"4\u00a0Minuten\" \/>\n<script type=\"application\/ld+json\" class=\"yoast-schema-graph\">{\"@context\":\"https:\\\/\\\/schema.org\",\"@graph\":[{\"@type\":\"WebPage\",\"@id\":\"https:\\\/\\\/wellnessmassagemallorca.com\\\/de\\\/datenschutzbestimmungen\\\/\",\"url\":\"https:\\\/\\\/wellnessmassagemallorca.com\\\/de\\\/datenschutzbestimmungen\\\/\",\"name\":\"Datenschutzbestimmungen | Mobile Massage Mallorca \u2013 Luxury Massage &amp; Wellness\",\"isPartOf\":{\"@id\":\"https:\\\/\\\/wellnessmassagemallorca.com\\\/de\\\/#website\"},\"datePublished\":\"2026-04-13T13:17:41+00:00\",\"breadcrumb\":{\"@id\":\"https:\\\/\\\/wellnessmassagemallorca.com\\\/de\\\/datenschutzbestimmungen\\\/#breadcrumb\"},\"inLanguage\":\"de\",\"potentialAction\":[{\"@type\":\"ReadAction\",\"target\":[\"https:\\\/\\\/wellnessmassagemallorca.com\\\/de\\\/datenschutzbestimmungen\\\/\"]}]},{\"@type\":\"BreadcrumbList\",\"@id\":\"https:\\\/\\\/wellnessmassagemallorca.com\\\/de\\\/datenschutzbestimmungen\\\/#breadcrumb\",\"itemListElement\":[{\"@type\":\"ListItem\",\"position\":1,\"name\":\"Home\",\"item\":\"https:\\\/\\\/wellnessmassagemallorca.com\\\/de\\\/\"},{\"@type\":\"ListItem\",\"position\":2,\"name\":\"Datenschutzbestimmungen\"}]},{\"@type\":\"WebSite\",\"@id\":\"https:\\\/\\\/wellnessmassagemallorca.com\\\/de\\\/#website\",\"url\":\"https:\\\/\\\/wellnessmassagemallorca.com\\\/de\\\/\",\"name\":\"WELLNESS MASSAGE MALLORCA\",\"description\":\"Professional mobile massage treatments in Mallorca \u2013 directly to your hotel, villa or yacht.\",\"publisher\":{\"@id\":\"https:\\\/\\\/wellnessmassagemallorca.com\\\/de\\\/#organization\"},\"potentialAction\":[{\"@type\":\"SearchAction\",\"target\":{\"@type\":\"EntryPoint\",\"urlTemplate\":\"https:\\\/\\\/wellnessmassagemallorca.com\\\/de\\\/?s={search_term_string}\"},\"query-input\":{\"@type\":\"PropertyValueSpecification\",\"valueRequired\":true,\"valueName\":\"search_term_string\"}}],\"inLanguage\":\"de\"},{\"@type\":\"Organization\",\"@id\":\"https:\\\/\\\/wellnessmassagemallorca.com\\\/de\\\/#organization\",\"name\":\"WELLNESS MASSAGE MALLORCA\",\"url\":\"https:\\\/\\\/wellnessmassagemallorca.com\\\/de\\\/\",\"logo\":{\"@type\":\"ImageObject\",\"inLanguage\":\"de\",\"@id\":\"https:\\\/\\\/wellnessmassagemallorca.com\\\/de\\\/#\\\/schema\\\/logo\\\/image\\\/\",\"url\":\"https:\\\/\\\/wellnessmassagemallorca.com\\\/wp-content\\\/uploads\\\/2020\\\/10\\\/cropped-369038D6-D2CC-4CD8-9DE4-C6B45B291BCC_4_5005_c-1.jpeg\",\"contentUrl\":\"https:\\\/\\\/wellnessmassagemallorca.com\\\/wp-content\\\/uploads\\\/2020\\\/10\\\/cropped-369038D6-D2CC-4CD8-9DE4-C6B45B291BCC_4_5005_c-1.jpeg\",\"width\":512,\"height\":512,\"caption\":\"WELLNESS MASSAGE MALLORCA\"},\"image\":{\"@id\":\"https:\\\/\\\/wellnessmassagemallorca.com\\\/de\\\/#\\\/schema\\\/logo\\\/image\\\/\"},\"sameAs\":[\"https:\\\/\\\/www.facebook.com\\\/wellnessmassagemallorca\\\/\",\"https:\\\/\\\/www.instagram.com\\\/wellness.massage.mallorca\\\/\"]}]}<\/script>\n<!-- \/ Yoast SEO plugin. -->","yoast_head_json":{"title":"Datenschutzbestimmungen | Mobile Massage Mallorca \u2013 Luxury Massage &amp; Wellness","robots":{"index":"noindex","follow":"nofollow"},"og_locale":"de_DE","og_type":"article","og_title":"Datenschutzbestimmungen | Mobile Massage Mallorca \u2013 Luxury Massage &amp; Wellness","og_description":"[vc_row unlock_row=&#8220;&#8220; row_height_percent=&#8220;0&#8243; override_padding=&#8220;yes&#8220; h_padding=&#8220;2&#8243; top_padding=&#8220;2&#8243; bottom_padding=&#8220;5&#8243; overlay_alpha=&#8220;50&#8243; gutter_size=&#8220;3&#8243; column_width_percent=&#8220;100&#8243; shift_y=&#8220;0&#8243; z_index=&#8220;0&#8243; content_parallax=&#8220;0&#8243; uncode_shortcode_id=&#8220;962150&#8243;][vc_column][vc_custom_heading auto_text=&#8220;yes&#8220; text_color=&#8220;accent&#8220; heading_semantic=&#8220;h1&#8243; text_size=&#8220;h1&#8243; uncode_shortcode_id=&#8220;277183&#8243; text_color_type=&#8220;uncode-palette&#8220;]Dies [&hellip;]","og_url":"https:\/\/wellnessmassagemallorca.com\/de\/datenschutzbestimmungen\/","og_site_name":"Mobile Massage Mallorca \u2013 Luxury Massage &amp; Wellness","article_publisher":"https:\/\/www.facebook.com\/wellnessmassagemallorca\/","twitter_card":"summary_large_image","twitter_misc":{"Gesch\u00e4tzte Lesezeit":"4\u00a0Minuten"},"schema":{"@context":"https:\/\/schema.org","@graph":[{"@type":"WebPage","@id":"https:\/\/wellnessmassagemallorca.com\/de\/datenschutzbestimmungen\/","url":"https:\/\/wellnessmassagemallorca.com\/de\/datenschutzbestimmungen\/","name":"Datenschutzbestimmungen | Mobile Massage Mallorca \u2013 Luxury Massage &amp; Wellness","isPartOf":{"@id":"https:\/\/wellnessmassagemallorca.com\/de\/#website"},"datePublished":"2026-04-13T13:17:41+00:00","breadcrumb":{"@id":"https:\/\/wellnessmassagemallorca.com\/de\/datenschutzbestimmungen\/#breadcrumb"},"inLanguage":"de","potentialAction":[{"@type":"ReadAction","target":["https:\/\/wellnessmassagemallorca.com\/de\/datenschutzbestimmungen\/"]}]},{"@type":"BreadcrumbList","@id":"https:\/\/wellnessmassagemallorca.com\/de\/datenschutzbestimmungen\/#breadcrumb","itemListElement":[{"@type":"ListItem","position":1,"name":"Home","item":"https:\/\/wellnessmassagemallorca.com\/de\/"},{"@type":"ListItem","position":2,"name":"Datenschutzbestimmungen"}]},{"@type":"WebSite","@id":"https:\/\/wellnessmassagemallorca.com\/de\/#website","url":"https:\/\/wellnessmassagemallorca.com\/de\/","name":"WELLNESS MASSAGE MALLORCA","description":"Professional mobile massage treatments in Mallorca \u2013 directly to your hotel, villa or yacht.","publisher":{"@id":"https:\/\/wellnessmassagemallorca.com\/de\/#organization"},"potentialAction":[{"@type":"SearchAction","target":{"@type":"EntryPoint","urlTemplate":"https:\/\/wellnessmassagemallorca.com\/de\/?s={search_term_string}"},"query-input":{"@type":"PropertyValueSpecification","valueRequired":true,"valueName":"search_term_string"}}],"inLanguage":"de"},{"@type":"Organization","@id":"https:\/\/wellnessmassagemallorca.com\/de\/#organization","name":"WELLNESS MASSAGE MALLORCA","url":"https:\/\/wellnessmassagemallorca.com\/de\/","logo":{"@type":"ImageObject","inLanguage":"de","@id":"https:\/\/wellnessmassagemallorca.com\/de\/#\/schema\/logo\/image\/","url":"https:\/\/wellnessmassagemallorca.com\/wp-content\/uploads\/2020\/10\/cropped-369038D6-D2CC-4CD8-9DE4-C6B45B291BCC_4_5005_c-1.jpeg","contentUrl":"https:\/\/wellnessmassagemallorca.com\/wp-content\/uploads\/2020\/10\/cropped-369038D6-D2CC-4CD8-9DE4-C6B45B291BCC_4_5005_c-1.jpeg","width":512,"height":512,"caption":"WELLNESS MASSAGE MALLORCA"},"image":{"@id":"https:\/\/wellnessmassagemallorca.com\/de\/#\/schema\/logo\/image\/"},"sameAs":["https:\/\/www.facebook.com\/wellnessmassagemallorca\/","https:\/\/www.instagram.com\/wellness.massage.mallorca\/"]}]}},"_links":{"self":[{"href":"https:\/\/wellnessmassagemallorca.com\/de\/wp-json\/wp\/v2\/pages\/160950","targetHints":{"allow":["GET"]}}],"collection":[{"href":"https:\/\/wellnessmassagemallorca.com\/de\/wp-json\/wp\/v2\/pages"}],"about":[{"href":"https:\/\/wellnessmassagemallorca.com\/de\/wp-json\/wp\/v2\/types\/page"}],"author":[{"embeddable":true,"href":"https:\/\/wellnessmassagemallorca.com\/de\/wp-json\/wp\/v2\/users\/3"}],"replies":[{"embeddable":true,"href":"https:\/\/wellnessmassagemallorca.com\/de\/wp-json\/wp\/v2\/comments?post=160950"}],"version-history":[{"count":2,"href":"https:\/\/wellnessmassagemallorca.com\/de\/wp-json\/wp\/v2\/pages\/160950\/revisions"}],"predecessor-version":[{"id":160952,"href":"https:\/\/wellnessmassagemallorca.com\/de\/wp-json\/wp\/v2\/pages\/160950\/revisions\/160952"}],"wp:attachment":[{"href":"https:\/\/wellnessmassagemallorca.com\/de\/wp-json\/wp\/v2\/media?parent=160950"}],"curies":[{"name":"wp","href":"https:\/\/api.w.org\/{rel}","templated":true}]}}