{"id":160944,"date":"2026-04-13T15:16:40","date_gmt":"2026-04-13T13:16:40","guid":{"rendered":"https:\/\/wellnessmassagemallorca.com\/rechtlicher-hinweis\/"},"modified":"2026-04-13T15:16:40","modified_gmt":"2026-04-13T13:16:40","slug":"rechtlicher-hinweis","status":"publish","type":"page","link":"https:\/\/wellnessmassagemallorca.com\/de\/rechtlicher-hinweis\/","title":{"rendered":"Rechtlicher Hinweis"},"content":{"rendered":"<div class=\"wpb-content-wrapper\"><p>[vc_row row_height_percent=&#8220;0&#8243; override_padding=&#8220;yes&#8220; h_padding=&#8220;2&#8243; top_padding=&#8220;2&#8243; bottom_padding=&#8220;5&#8243; overlay_alpha=&#8220;50&#8243; gutter_size=&#8220;3&#8243; column_width_percent=&#8220;100&#8243; shift_y=&#8220;0&#8243; z_index=&#8220;0&#8243; content_parallax=&#8220;0&#8243; uncode_shortcode_id=&#8220;140909&#8243;][vc_column][vc_custom_heading auto_text=&#8220;yes&#8220; text_color=&#8220;accent&#8220; heading_semantic=&#8220;h1&#8243; text_size=&#8220;h1&#8243; uncode_shortcode_id=&#8220;709594&#8243; text_color_type=&#8220;uncode-palette&#8220;]Dies ist ein benutzerdefiniertes \u00dcberschriftenelement.[\/vc_custom_heading][vc_column_text uncode_shortcode_id=&#8220;157084&#8243;]Dieser rechtliche Hinweis regelt die allgemeinen Bedingungen f\u00fcr den Zugang und die Nutzung der Website, die unter der URL<br \/>\nwww.wellnessmassagemallorca.com<br \/>\n(im Folgenden die &#8222;Website&#8220;). Die Nutzung der Website setzt die vollst\u00e4ndige und bedingungslose Zustimmung zu allen in diesem rechtlichen Hinweis enthaltenen Bestimmungen voraus. Daher muss der Benutzer diese rechtlichen Hinweise jedes Mal, wenn er die Website nutzen m\u00f6chte, sorgf\u00e4ltig lesen, da der Text nach Ermessen des Eigent\u00fcmers oder aufgrund von \u00c4nderungen in der Gesetzgebung, Rechtsprechung oder Gesch\u00e4ftspraxis ge\u00e4ndert werden kann.<\/p>\n<h2>Recht auf Information<\/h2>\n<p>In Erf\u00fcllung der Informationspflicht gem\u00e4\u00df Artikel 10 des Gesetzes 34\/2002 vom 11. Juli \u00fcber die Dienste der Informationsgesellschaft und den elektronischen Handel teilen wir Ihnen mit, dass die Website Eigentum von Sabine Fahrenkrug (NIE X5729482K) ist, mit Sitz in 07014 Palma de Mallorca.<\/p>\n<p>Sie hat eine Berufshaftpflichtversicherung:<br \/>\nOCASO, Avenida Via Alemania, Esquina, Calle General Riera, S\/N, 07003 Palma de Mallorca.<\/p>\n<p>Von nun an wird die Inhaberin der Website mit ihrem Handelsnamen WELLNESS MASSAGE MALLORCA bezeichnet. Sie k\u00f6nnen uns \u00fcber das folgende E-Mail-Formular kontaktieren:<br \/>\n<a href=\"mailto:info@wellnessmassagemallorca.com\" rel=\"noopener\">info@wellnessmassagemallorca.com.<\/a><\/p>\n<h2>Benutzer<\/h2>\n<p>Die Website bietet Benutzern Zugang zu Informationen und Dienstleistungen, die von WELLNESS MASSAGE MALLORCA f\u00fcr interessierte Personen oder Organisationen angeboten werden.<\/p>\n<h2>Nutzung der Website<\/h2>\n<p>Der Zugang zur Website ist f\u00fcr Nutzer kostenlos. Die Website kann Zugang zu einer Vielzahl von Inhalten (Texte, Grafiken, Software, usw.) bieten, die dem Unternehmen oder Dritten geh\u00f6ren.<\/p>\n<p>Der Nutzer \u00fcbernimmt die Verantwortung f\u00fcr die Nutzung der Website. Diese Verantwortung erstreckt sich auch auf die f\u00fcr den Zugang zu bestimmten Inhalten oder Diensten erforderliche Registrierung. Der Nutzer verpflichtet sich, die Inhalte und Dienste in angemessener Weise zu nutzen und sie nicht f\u00fcr illegale Aktivit\u00e4ten oder Aktivit\u00e4ten, die dem Unternehmen oder Dritten schaden k\u00f6nnten, zu verwenden.<\/p>\n<h2>Inhalt der Website<\/h2>\n<p>WELLNESS MASSAGE MALLORCA kann den Inhalt der Website ohne vorherige Ank\u00fcndigung \u00e4ndern. Die Verwendung des Inhalts f\u00fcr kommerzielle Zwecke ohne vorherige Genehmigung ist verboten.<\/p>\n<p>Links von Dritten zu dieser Website m\u00fcssen die vollst\u00e4ndige Seite \u00f6ffnen, ohne irref\u00fchrende Informationen zu liefern.<\/p>\n<h2>Einschr\u00e4nkung der Haftung<\/h2>\n<p>WELLNESS MASSAGE MALLORCA haftet nicht f\u00fcr Sch\u00e4den, die durch den Zugriff auf die Website oder deren Nutzung entstehen k\u00f6nnen. Sie haftet nicht f\u00fcr Sicherheitsfehler oder Sch\u00e4den, die durch Viren oder Browser-Fehlfunktionen verursacht werden.<\/p>\n<h2>Verwendung von Cookies Technologie<\/h2>\n<p>Weitere Informationen \u00fcber die Verwendung von Cookies auf dieser Website finden Sie in unserer Cookie-Richtlinie.<\/p>\n<h2>Geistiges und gewerbliches Eigentum<\/h2>\n<p>Alle geistigen und gewerblichen Eigentumsrechte an der Website und ihren Inhalten sind Eigentum von WELLNESS MASSAGE MALLORCA. Jede andere als die genehmigte Nutzung ist verboten.<\/p>\n<h2>Richtlinien zum Schutz der Privatsph\u00e4re und zum Datenschutz<\/h2>\n<p>Sie k\u00f6nnen unsere Datenschutzrichtlinie einsehen, die die Verarbeitung Ihrer pers\u00f6nlichen Daten regelt.[\/vc_column_text][\/vc_column][\/vc_row]<\/p>\n<\/div>","protected":false},"excerpt":{"rendered":"<p>[vc_row row_height_percent=&#8220;0&#8243; override_padding=&#8220;yes&#8220; h_padding=&#8220;2&#8243; top_padding=&#8220;2&#8243; bottom_padding=&#8220;5&#8243; overlay_alpha=&#8220;50&#8243; gutter_size=&#8220;3&#8243; column_width_percent=&#8220;100&#8243; shift_y=&#8220;0&#8243; z_index=&#8220;0&#8243; content_parallax=&#8220;0&#8243; uncode_shortcode_id=&#8220;140909&#8243;][vc_column][vc_custom_heading auto_text=&#8220;yes&#8220; text_color=&#8220;accent&#8220; heading_semantic=&#8220;h1&#8243; text_size=&#8220;h1&#8243; uncode_shortcode_id=&#8220;709594&#8243; text_color_type=&#8220;uncode-palette&#8220;]Dies ist [&hellip;]<\/p>\n","protected":false},"author":3,"featured_media":0,"parent":0,"menu_order":0,"comment_status":"closed","ping_status":"closed","template":"","meta":{"_acf_changed":false,"footnotes":""},"class_list":["post-160944","page","type-page","status-publish","hentry"],"acf":[],"yoast_head":"<!-- This site is optimized with the Yoast SEO plugin v27.4 - https:\/\/yoast.com\/product\/yoast-seo-wordpress\/ -->\n<title>Rechtlicher Hinweis | Mobile Massage Mallorca \u2013 Luxury Massage &amp; Wellness<\/title>\n<meta name=\"robots\" content=\"noindex, nofollow\" \/>\n<meta property=\"og:locale\" content=\"de_DE\" \/>\n<meta property=\"og:type\" content=\"article\" \/>\n<meta property=\"og:title\" content=\"Rechtlicher Hinweis | Mobile Massage Mallorca \u2013 Luxury Massage &amp; Wellness\" \/>\n<meta property=\"og:description\" content=\"[vc_row row_height_percent=&#8220;0&#8243; override_padding=&#8220;yes&#8220; h_padding=&#8220;2&#8243; top_padding=&#8220;2&#8243; bottom_padding=&#8220;5&#8243; overlay_alpha=&#8220;50&#8243; gutter_size=&#8220;3&#8243; column_width_percent=&#8220;100&#8243; shift_y=&#8220;0&#8243; z_index=&#8220;0&#8243; content_parallax=&#8220;0&#8243; uncode_shortcode_id=&#8220;140909&#8243;][vc_column][vc_custom_heading auto_text=&#8220;yes&#8220; text_color=&#8220;accent&#8220; heading_semantic=&#8220;h1&#8243; text_size=&#8220;h1&#8243; uncode_shortcode_id=&#8220;709594&#8243; text_color_type=&#8220;uncode-palette&#8220;]Dies ist [&hellip;]\" \/>\n<meta property=\"og:url\" content=\"https:\/\/wellnessmassagemallorca.com\/de\/rechtlicher-hinweis\/\" \/>\n<meta property=\"og:site_name\" content=\"Mobile Massage Mallorca \u2013 Luxury Massage &amp; Wellness\" \/>\n<meta property=\"article:publisher\" content=\"https:\/\/www.facebook.com\/wellnessmassagemallorca\/\" \/>\n<meta name=\"twitter:card\" content=\"summary_large_image\" \/>\n<meta name=\"twitter:label1\" content=\"Gesch\u00e4tzte Lesezeit\" \/>\n\t<meta name=\"twitter:data1\" content=\"3\u00a0Minuten\" \/>\n<script type=\"application\/ld+json\" class=\"yoast-schema-graph\">{\"@context\":\"https:\\\/\\\/schema.org\",\"@graph\":[{\"@type\":\"WebPage\",\"@id\":\"https:\\\/\\\/wellnessmassagemallorca.com\\\/de\\\/rechtlicher-hinweis\\\/\",\"url\":\"https:\\\/\\\/wellnessmassagemallorca.com\\\/de\\\/rechtlicher-hinweis\\\/\",\"name\":\"Rechtlicher Hinweis | Mobile Massage Mallorca \u2013 Luxury Massage &amp; Wellness\",\"isPartOf\":{\"@id\":\"https:\\\/\\\/wellnessmassagemallorca.com\\\/de\\\/#website\"},\"datePublished\":\"2026-04-13T13:16:40+00:00\",\"breadcrumb\":{\"@id\":\"https:\\\/\\\/wellnessmassagemallorca.com\\\/de\\\/rechtlicher-hinweis\\\/#breadcrumb\"},\"inLanguage\":\"de\",\"potentialAction\":[{\"@type\":\"ReadAction\",\"target\":[\"https:\\\/\\\/wellnessmassagemallorca.com\\\/de\\\/rechtlicher-hinweis\\\/\"]}]},{\"@type\":\"BreadcrumbList\",\"@id\":\"https:\\\/\\\/wellnessmassagemallorca.com\\\/de\\\/rechtlicher-hinweis\\\/#breadcrumb\",\"itemListElement\":[{\"@type\":\"ListItem\",\"position\":1,\"name\":\"Home\",\"item\":\"https:\\\/\\\/wellnessmassagemallorca.com\\\/de\\\/\"},{\"@type\":\"ListItem\",\"position\":2,\"name\":\"Rechtlicher Hinweis\"}]},{\"@type\":\"WebSite\",\"@id\":\"https:\\\/\\\/wellnessmassagemallorca.com\\\/de\\\/#website\",\"url\":\"https:\\\/\\\/wellnessmassagemallorca.com\\\/de\\\/\",\"name\":\"WELLNESS MASSAGE MALLORCA\",\"description\":\"Professional mobile massage treatments in Mallorca \u2013 directly to your hotel, villa or yacht.\",\"publisher\":{\"@id\":\"https:\\\/\\\/wellnessmassagemallorca.com\\\/de\\\/#organization\"},\"potentialAction\":[{\"@type\":\"SearchAction\",\"target\":{\"@type\":\"EntryPoint\",\"urlTemplate\":\"https:\\\/\\\/wellnessmassagemallorca.com\\\/de\\\/?s={search_term_string}\"},\"query-input\":{\"@type\":\"PropertyValueSpecification\",\"valueRequired\":true,\"valueName\":\"search_term_string\"}}],\"inLanguage\":\"de\"},{\"@type\":\"Organization\",\"@id\":\"https:\\\/\\\/wellnessmassagemallorca.com\\\/de\\\/#organization\",\"name\":\"WELLNESS MASSAGE MALLORCA\",\"url\":\"https:\\\/\\\/wellnessmassagemallorca.com\\\/de\\\/\",\"logo\":{\"@type\":\"ImageObject\",\"inLanguage\":\"de\",\"@id\":\"https:\\\/\\\/wellnessmassagemallorca.com\\\/de\\\/#\\\/schema\\\/logo\\\/image\\\/\",\"url\":\"https:\\\/\\\/wellnessmassagemallorca.com\\\/wp-content\\\/uploads\\\/2020\\\/10\\\/cropped-369038D6-D2CC-4CD8-9DE4-C6B45B291BCC_4_5005_c-1.jpeg\",\"contentUrl\":\"https:\\\/\\\/wellnessmassagemallorca.com\\\/wp-content\\\/uploads\\\/2020\\\/10\\\/cropped-369038D6-D2CC-4CD8-9DE4-C6B45B291BCC_4_5005_c-1.jpeg\",\"width\":512,\"height\":512,\"caption\":\"WELLNESS MASSAGE MALLORCA\"},\"image\":{\"@id\":\"https:\\\/\\\/wellnessmassagemallorca.com\\\/de\\\/#\\\/schema\\\/logo\\\/image\\\/\"},\"sameAs\":[\"https:\\\/\\\/www.facebook.com\\\/wellnessmassagemallorca\\\/\",\"https:\\\/\\\/www.instagram.com\\\/wellness.massage.mallorca\\\/\"]}]}<\/script>\n<!-- \/ Yoast SEO plugin. -->","yoast_head_json":{"title":"Rechtlicher Hinweis | Mobile Massage Mallorca \u2013 Luxury Massage &amp; Wellness","robots":{"index":"noindex","follow":"nofollow"},"og_locale":"de_DE","og_type":"article","og_title":"Rechtlicher Hinweis | Mobile Massage Mallorca \u2013 Luxury Massage &amp; Wellness","og_description":"[vc_row row_height_percent=&#8220;0&#8243; override_padding=&#8220;yes&#8220; h_padding=&#8220;2&#8243; top_padding=&#8220;2&#8243; bottom_padding=&#8220;5&#8243; overlay_alpha=&#8220;50&#8243; gutter_size=&#8220;3&#8243; column_width_percent=&#8220;100&#8243; shift_y=&#8220;0&#8243; z_index=&#8220;0&#8243; content_parallax=&#8220;0&#8243; uncode_shortcode_id=&#8220;140909&#8243;][vc_column][vc_custom_heading auto_text=&#8220;yes&#8220; text_color=&#8220;accent&#8220; heading_semantic=&#8220;h1&#8243; text_size=&#8220;h1&#8243; uncode_shortcode_id=&#8220;709594&#8243; text_color_type=&#8220;uncode-palette&#8220;]Dies ist [&hellip;]","og_url":"https:\/\/wellnessmassagemallorca.com\/de\/rechtlicher-hinweis\/","og_site_name":"Mobile Massage Mallorca \u2013 Luxury Massage &amp; Wellness","article_publisher":"https:\/\/www.facebook.com\/wellnessmassagemallorca\/","twitter_card":"summary_large_image","twitter_misc":{"Gesch\u00e4tzte Lesezeit":"3\u00a0Minuten"},"schema":{"@context":"https:\/\/schema.org","@graph":[{"@type":"WebPage","@id":"https:\/\/wellnessmassagemallorca.com\/de\/rechtlicher-hinweis\/","url":"https:\/\/wellnessmassagemallorca.com\/de\/rechtlicher-hinweis\/","name":"Rechtlicher Hinweis | Mobile Massage Mallorca \u2013 Luxury Massage &amp; Wellness","isPartOf":{"@id":"https:\/\/wellnessmassagemallorca.com\/de\/#website"},"datePublished":"2026-04-13T13:16:40+00:00","breadcrumb":{"@id":"https:\/\/wellnessmassagemallorca.com\/de\/rechtlicher-hinweis\/#breadcrumb"},"inLanguage":"de","potentialAction":[{"@type":"ReadAction","target":["https:\/\/wellnessmassagemallorca.com\/de\/rechtlicher-hinweis\/"]}]},{"@type":"BreadcrumbList","@id":"https:\/\/wellnessmassagemallorca.com\/de\/rechtlicher-hinweis\/#breadcrumb","itemListElement":[{"@type":"ListItem","position":1,"name":"Home","item":"https:\/\/wellnessmassagemallorca.com\/de\/"},{"@type":"ListItem","position":2,"name":"Rechtlicher Hinweis"}]},{"@type":"WebSite","@id":"https:\/\/wellnessmassagemallorca.com\/de\/#website","url":"https:\/\/wellnessmassagemallorca.com\/de\/","name":"WELLNESS MASSAGE MALLORCA","description":"Professional mobile massage treatments in Mallorca \u2013 directly to your hotel, villa or yacht.","publisher":{"@id":"https:\/\/wellnessmassagemallorca.com\/de\/#organization"},"potentialAction":[{"@type":"SearchAction","target":{"@type":"EntryPoint","urlTemplate":"https:\/\/wellnessmassagemallorca.com\/de\/?s={search_term_string}"},"query-input":{"@type":"PropertyValueSpecification","valueRequired":true,"valueName":"search_term_string"}}],"inLanguage":"de"},{"@type":"Organization","@id":"https:\/\/wellnessmassagemallorca.com\/de\/#organization","name":"WELLNESS MASSAGE MALLORCA","url":"https:\/\/wellnessmassagemallorca.com\/de\/","logo":{"@type":"ImageObject","inLanguage":"de","@id":"https:\/\/wellnessmassagemallorca.com\/de\/#\/schema\/logo\/image\/","url":"https:\/\/wellnessmassagemallorca.com\/wp-content\/uploads\/2020\/10\/cropped-369038D6-D2CC-4CD8-9DE4-C6B45B291BCC_4_5005_c-1.jpeg","contentUrl":"https:\/\/wellnessmassagemallorca.com\/wp-content\/uploads\/2020\/10\/cropped-369038D6-D2CC-4CD8-9DE4-C6B45B291BCC_4_5005_c-1.jpeg","width":512,"height":512,"caption":"WELLNESS MASSAGE MALLORCA"},"image":{"@id":"https:\/\/wellnessmassagemallorca.com\/de\/#\/schema\/logo\/image\/"},"sameAs":["https:\/\/www.facebook.com\/wellnessmassagemallorca\/","https:\/\/www.instagram.com\/wellness.massage.mallorca\/"]}]}},"_links":{"self":[{"href":"https:\/\/wellnessmassagemallorca.com\/de\/wp-json\/wp\/v2\/pages\/160944","targetHints":{"allow":["GET"]}}],"collection":[{"href":"https:\/\/wellnessmassagemallorca.com\/de\/wp-json\/wp\/v2\/pages"}],"about":[{"href":"https:\/\/wellnessmassagemallorca.com\/de\/wp-json\/wp\/v2\/types\/page"}],"author":[{"embeddable":true,"href":"https:\/\/wellnessmassagemallorca.com\/de\/wp-json\/wp\/v2\/users\/3"}],"replies":[{"embeddable":true,"href":"https:\/\/wellnessmassagemallorca.com\/de\/wp-json\/wp\/v2\/comments?post=160944"}],"version-history":[{"count":2,"href":"https:\/\/wellnessmassagemallorca.com\/de\/wp-json\/wp\/v2\/pages\/160944\/revisions"}],"predecessor-version":[{"id":160946,"href":"https:\/\/wellnessmassagemallorca.com\/de\/wp-json\/wp\/v2\/pages\/160944\/revisions\/160946"}],"wp:attachment":[{"href":"https:\/\/wellnessmassagemallorca.com\/de\/wp-json\/wp\/v2\/media?parent=160944"}],"curies":[{"name":"wp","href":"https:\/\/api.w.org\/{rel}","templated":true}]}}