{"id":160925,"date":"2026-04-13T15:04:31","date_gmt":"2026-04-13T13:04:31","guid":{"rendered":"https:\/\/wellnessmassagemallorca.com\/cookies-richtlinie\/"},"modified":"2026-04-13T15:15:31","modified_gmt":"2026-04-13T13:15:31","slug":"cookies-richtlinie","status":"publish","type":"page","link":"https:\/\/wellnessmassagemallorca.com\/de\/cookies-richtlinie\/","title":{"rendered":"Cookies-Richtlinie"},"content":{"rendered":"<div class=\"wpb-content-wrapper\"><p>[vc_row row_height_percent=&#8220;0&#8243; override_padding=&#8220;yes&#8220; h_padding=&#8220;2&#8243; top_padding=&#8220;2&#8243; bottom_padding=&#8220;5&#8243; overlay_alpha=&#8220;50&#8243; gutter_size=&#8220;3&#8243; column_width_percent=&#8220;100&#8243; shift_y=&#8220;0&#8243; z_index=&#8220;0&#8243; content_parallax=&#8220;0&#8243; uncode_shortcode_id=&#8220;315107&#8243;][vc_column][vc_custom_heading auto_text=&#8220;yes&#8220; text_color=&#8220;accent&#8220; heading_semantic=&#8220;h1&#8243; text_size=&#8220;h1&#8243; uncode_shortcode_id=&#8220;214739&#8243; text_color_type=&#8220;uncode-palette&#8220;]Dies ist ein benutzerdefiniertes \u00dcberschriftenelement.[\/vc_custom_heading][vc_column_text uncode_shortcode_id=&#8220;379472&#8243;]Ein Cookie ist eine kleine Textdatei, die in Ihrem Browser gespeichert wird, wenn Sie eine beliebige Webseite besuchen. Ihr Zweck ist es, der Website zu helfen, sich an Ihren Besuch zu erinnern, wenn Sie wiederkommen. Cookies speichern in der Regel technische Informationen, pers\u00f6nliche Pr\u00e4ferenzen, die Personalisierung von Inhalten, Nutzungsstatistiken, Links zu sozialen Netzwerken, den Zugang zu Benutzerkonten usw. Ohne Cookies w\u00e4ren die von jeder Seite angebotenen Dienste erheblich eingeschr\u00e4nkt.   <\/p>\n<h2>Auf dieser Website verwendete Cookies<\/h2>\n<p>In \u00dcbereinstimmung mit den Richtlinien der spanischen Datenschutzbeh\u00f6rde stellen wir auf dieser Website detaillierte Informationen \u00fcber die Verwendung von Cookies bereit, um Sie so genau wie m\u00f6glich zu informieren.<\/p>\n<p><strong>Arten von Cookies, die wir verwenden:<\/strong><\/p>\n<ol>\n<li><strong>Wesentliche Cookies<\/strong>: Dies sind Sitzungscookies, die sicherstellen, dass die Benutzer, die den Blog kommentieren, Menschen sind und keine automatisierten Anwendungen, was zur Bek\u00e4mpfung von Spam beitr\u00e4gt.<\/li>\n<li><strong>Nicht-essentielle Cookies<\/strong>:\n<ul>\n<li><strong>Google Analytics<\/strong>: Diese Cookies werden verwendet, um Statistiken \u00fcber den Verkehr und das Volumen der Besuche auf dieser Website zu erstellen. Durch die Nutzung dieser Website erkl\u00e4ren Sie sich mit der Bearbeitung der \u00fcber Sie erhobenen Daten durch Google einverstanden. Um Ihre Rechte in Bezug auf diese Daten auszu\u00fcben, m\u00fcssen Sie sich direkt an Google wenden.  <\/li>\n<li><strong>Soziale Netzwerke<\/strong>: Jedes soziale Netzwerk verwendet seine eigenen Cookies, um Funktionen wie &#8222;Gef\u00e4llt mir&#8220; oder &#8222;Teilen&#8220; zu erm\u00f6glichen.<\/li>\n<\/ul>\n<\/li>\n<\/ol>\n<h2>Deaktivierung oder L\u00f6schung von Cookies<\/h2>\n<p>Sie haben das Recht, Cookies auf dieser Website jederzeit zu deaktivieren oder zu l\u00f6schen. Dies k\u00f6nnen Sie \u00fcber Ihre Browsereinstellungen tun. Hier finden Sie eine Kurzanleitung f\u00fcr g\u00e4ngige Browser:  <\/p>\n<ul>\n<li><a target=\"_new\" rel=\"noopener\">Leitfaden f\u00fcr Chrome<\/a><\/li>\n<li><a href=\"https:\/\/support.mozilla.org\/en-US\/kb\/delete-cookies-remove-info-websites-stored\" target=\"_new\" rel=\"noopener\">Anleitung f\u00fcr Firefox<\/a><\/li>\n<li><a href=\"https:\/\/support.apple.com\/en-us\/HT201265\" target=\"_new\" rel=\"noopener\">Leitfaden f\u00fcr Safari<\/a><\/li>\n<\/ul>\n<p><strong>Zus\u00e4tzliche Anmerkungen<\/strong><\/p>\n<ul>\n<li>Weder diese Website noch ihre gesetzlichen Vertreter sind verantwortlich f\u00fcr den Inhalt oder die Richtigkeit der Datenschutzrichtlinien von Dritten, die in dieser Cookie-Richtlinie erw\u00e4hnt werden.<\/li>\n<li>Webbrowser sind f\u00fcr die Speicherung von Cookies verantwortlich, und Sie sollten von Ihrem Recht Gebrauch machen, diese \u00fcber Ihre Browsereinstellungen zu eliminieren oder zu deaktivieren. Wir k\u00f6nnen die ordnungsgem\u00e4\u00dfe Handhabung von Cookies durch die oben genannten Browser nicht garantieren. <\/li>\n<li>In einigen F\u00e4llen kann es notwendig sein, Cookies zu installieren, um sicherzustellen, dass Ihre Pr\u00e4ferenz, diese nicht zu akzeptieren, gespeichert wird.<\/li>\n<li>Die Cookies von Google Analytics werden auf Servern in den Vereinigten Staaten gespeichert. Google gibt diese Informationen nicht an Dritte weiter, es sei denn, dies ist f\u00fcr den Betrieb des Systems erforderlich oder gesetzlich vorgeschrieben. Laut Google wird Ihre IP-Adresse nicht gespeichert, und Google Inc. h\u00e4lt sich an das Safe Harbor-Abkommen, wodurch sichergestellt wird, dass alle \u00fcbertragenen Daten mit einem Schutzniveau behandelt werden, das den europ\u00e4ischen Vorschriften entspricht.  <\/li>\n<\/ul>\n<p>Wenn Sie Fragen oder Bedenken zu dieser Cookie-Richtlinie haben, z\u00f6gern Sie bitte nicht, uns \u00fcber den Abschnitt Kontakt zu kontaktieren.[\/vc_column_text][\/vc_column][\/vc_row]<\/p>\n<\/div>","protected":false},"excerpt":{"rendered":"<p>[vc_row row_height_percent=&#8220;0&#8243; override_padding=&#8220;yes&#8220; h_padding=&#8220;2&#8243; top_padding=&#8220;2&#8243; bottom_padding=&#8220;5&#8243; overlay_alpha=&#8220;50&#8243; gutter_size=&#8220;3&#8243; column_width_percent=&#8220;100&#8243; shift_y=&#8220;0&#8243; z_index=&#8220;0&#8243; content_parallax=&#8220;0&#8243; uncode_shortcode_id=&#8220;315107&#8243;][vc_column][vc_custom_heading auto_text=&#8220;yes&#8220; text_color=&#8220;accent&#8220; heading_semantic=&#8220;h1&#8243; text_size=&#8220;h1&#8243; uncode_shortcode_id=&#8220;214739&#8243; text_color_type=&#8220;uncode-palette&#8220;]Dies ist [&hellip;]<\/p>\n","protected":false},"author":3,"featured_media":0,"parent":0,"menu_order":0,"comment_status":"closed","ping_status":"closed","template":"","meta":{"_acf_changed":false,"footnotes":""},"class_list":["post-160925","page","type-page","status-publish","hentry"],"acf":[],"yoast_head":"<!-- This site is optimized with the Yoast SEO plugin v27.4 - https:\/\/yoast.com\/product\/yoast-seo-wordpress\/ -->\n<title>Cookies-Richtlinie | Mobile Massage Mallorca \u2013 Luxury Massage &amp; Wellness<\/title>\n<meta name=\"robots\" content=\"index, follow, max-snippet:-1, max-image-preview:large, max-video-preview:-1\" \/>\n<link rel=\"canonical\" href=\"https:\/\/wellnessmassagemallorca.com\/de\/cookies-richtlinie\/\" \/>\n<meta property=\"og:locale\" content=\"de_DE\" \/>\n<meta property=\"og:type\" content=\"article\" \/>\n<meta property=\"og:title\" content=\"Cookies-Richtlinie | Mobile Massage Mallorca \u2013 Luxury Massage &amp; Wellness\" \/>\n<meta property=\"og:description\" content=\"[vc_row row_height_percent=&#8220;0&#8243; override_padding=&#8220;yes&#8220; h_padding=&#8220;2&#8243; top_padding=&#8220;2&#8243; bottom_padding=&#8220;5&#8243; overlay_alpha=&#8220;50&#8243; gutter_size=&#8220;3&#8243; column_width_percent=&#8220;100&#8243; shift_y=&#8220;0&#8243; z_index=&#8220;0&#8243; content_parallax=&#8220;0&#8243; uncode_shortcode_id=&#8220;315107&#8243;][vc_column][vc_custom_heading auto_text=&#8220;yes&#8220; text_color=&#8220;accent&#8220; heading_semantic=&#8220;h1&#8243; text_size=&#8220;h1&#8243; uncode_shortcode_id=&#8220;214739&#8243; text_color_type=&#8220;uncode-palette&#8220;]Dies ist [&hellip;]\" \/>\n<meta property=\"og:url\" content=\"https:\/\/wellnessmassagemallorca.com\/de\/cookies-richtlinie\/\" \/>\n<meta property=\"og:site_name\" content=\"Mobile Massage Mallorca \u2013 Luxury Massage &amp; Wellness\" \/>\n<meta property=\"article:publisher\" content=\"https:\/\/www.facebook.com\/wellnessmassagemallorca\/\" \/>\n<meta property=\"article:modified_time\" content=\"2026-04-13T13:15:31+00:00\" \/>\n<meta name=\"twitter:card\" content=\"summary_large_image\" \/>\n<meta name=\"twitter:label1\" content=\"Gesch\u00e4tzte Lesezeit\" \/>\n\t<meta name=\"twitter:data1\" content=\"3\u00a0Minuten\" \/>\n<script type=\"application\/ld+json\" class=\"yoast-schema-graph\">{\"@context\":\"https:\\\/\\\/schema.org\",\"@graph\":[{\"@type\":\"WebPage\",\"@id\":\"https:\\\/\\\/wellnessmassagemallorca.com\\\/de\\\/cookies-richtlinie\\\/\",\"url\":\"https:\\\/\\\/wellnessmassagemallorca.com\\\/de\\\/cookies-richtlinie\\\/\",\"name\":\"Cookies-Richtlinie | Mobile Massage Mallorca \u2013 Luxury Massage &amp; Wellness\",\"isPartOf\":{\"@id\":\"https:\\\/\\\/wellnessmassagemallorca.com\\\/de\\\/#website\"},\"datePublished\":\"2026-04-13T13:04:31+00:00\",\"dateModified\":\"2026-04-13T13:15:31+00:00\",\"breadcrumb\":{\"@id\":\"https:\\\/\\\/wellnessmassagemallorca.com\\\/de\\\/cookies-richtlinie\\\/#breadcrumb\"},\"inLanguage\":\"de\",\"potentialAction\":[{\"@type\":\"ReadAction\",\"target\":[\"https:\\\/\\\/wellnessmassagemallorca.com\\\/de\\\/cookies-richtlinie\\\/\"]}]},{\"@type\":\"BreadcrumbList\",\"@id\":\"https:\\\/\\\/wellnessmassagemallorca.com\\\/de\\\/cookies-richtlinie\\\/#breadcrumb\",\"itemListElement\":[{\"@type\":\"ListItem\",\"position\":1,\"name\":\"Home\",\"item\":\"https:\\\/\\\/wellnessmassagemallorca.com\\\/de\\\/\"},{\"@type\":\"ListItem\",\"position\":2,\"name\":\"Cookies-Richtlinie\"}]},{\"@type\":\"WebSite\",\"@id\":\"https:\\\/\\\/wellnessmassagemallorca.com\\\/de\\\/#website\",\"url\":\"https:\\\/\\\/wellnessmassagemallorca.com\\\/de\\\/\",\"name\":\"WELLNESS MASSAGE MALLORCA\",\"description\":\"Professional mobile massage treatments in Mallorca \u2013 directly to your hotel, villa or yacht.\",\"publisher\":{\"@id\":\"https:\\\/\\\/wellnessmassagemallorca.com\\\/de\\\/#organization\"},\"potentialAction\":[{\"@type\":\"SearchAction\",\"target\":{\"@type\":\"EntryPoint\",\"urlTemplate\":\"https:\\\/\\\/wellnessmassagemallorca.com\\\/de\\\/?s={search_term_string}\"},\"query-input\":{\"@type\":\"PropertyValueSpecification\",\"valueRequired\":true,\"valueName\":\"search_term_string\"}}],\"inLanguage\":\"de\"},{\"@type\":\"Organization\",\"@id\":\"https:\\\/\\\/wellnessmassagemallorca.com\\\/de\\\/#organization\",\"name\":\"WELLNESS MASSAGE MALLORCA\",\"url\":\"https:\\\/\\\/wellnessmassagemallorca.com\\\/de\\\/\",\"logo\":{\"@type\":\"ImageObject\",\"inLanguage\":\"de\",\"@id\":\"https:\\\/\\\/wellnessmassagemallorca.com\\\/de\\\/#\\\/schema\\\/logo\\\/image\\\/\",\"url\":\"https:\\\/\\\/wellnessmassagemallorca.com\\\/wp-content\\\/uploads\\\/2020\\\/10\\\/cropped-369038D6-D2CC-4CD8-9DE4-C6B45B291BCC_4_5005_c-1.jpeg\",\"contentUrl\":\"https:\\\/\\\/wellnessmassagemallorca.com\\\/wp-content\\\/uploads\\\/2020\\\/10\\\/cropped-369038D6-D2CC-4CD8-9DE4-C6B45B291BCC_4_5005_c-1.jpeg\",\"width\":512,\"height\":512,\"caption\":\"WELLNESS MASSAGE MALLORCA\"},\"image\":{\"@id\":\"https:\\\/\\\/wellnessmassagemallorca.com\\\/de\\\/#\\\/schema\\\/logo\\\/image\\\/\"},\"sameAs\":[\"https:\\\/\\\/www.facebook.com\\\/wellnessmassagemallorca\\\/\",\"https:\\\/\\\/www.instagram.com\\\/wellness.massage.mallorca\\\/\"]}]}<\/script>\n<!-- \/ Yoast SEO plugin. -->","yoast_head_json":{"title":"Cookies-Richtlinie | Mobile Massage Mallorca \u2013 Luxury Massage &amp; Wellness","robots":{"index":"index","follow":"follow","max-snippet":"max-snippet:-1","max-image-preview":"max-image-preview:large","max-video-preview":"max-video-preview:-1"},"canonical":"https:\/\/wellnessmassagemallorca.com\/de\/cookies-richtlinie\/","og_locale":"de_DE","og_type":"article","og_title":"Cookies-Richtlinie | Mobile Massage Mallorca \u2013 Luxury Massage &amp; Wellness","og_description":"[vc_row row_height_percent=&#8220;0&#8243; override_padding=&#8220;yes&#8220; h_padding=&#8220;2&#8243; top_padding=&#8220;2&#8243; bottom_padding=&#8220;5&#8243; overlay_alpha=&#8220;50&#8243; gutter_size=&#8220;3&#8243; column_width_percent=&#8220;100&#8243; shift_y=&#8220;0&#8243; z_index=&#8220;0&#8243; content_parallax=&#8220;0&#8243; uncode_shortcode_id=&#8220;315107&#8243;][vc_column][vc_custom_heading auto_text=&#8220;yes&#8220; text_color=&#8220;accent&#8220; heading_semantic=&#8220;h1&#8243; text_size=&#8220;h1&#8243; uncode_shortcode_id=&#8220;214739&#8243; text_color_type=&#8220;uncode-palette&#8220;]Dies ist [&hellip;]","og_url":"https:\/\/wellnessmassagemallorca.com\/de\/cookies-richtlinie\/","og_site_name":"Mobile Massage Mallorca \u2013 Luxury Massage &amp; Wellness","article_publisher":"https:\/\/www.facebook.com\/wellnessmassagemallorca\/","article_modified_time":"2026-04-13T13:15:31+00:00","twitter_card":"summary_large_image","twitter_misc":{"Gesch\u00e4tzte Lesezeit":"3\u00a0Minuten"},"schema":{"@context":"https:\/\/schema.org","@graph":[{"@type":"WebPage","@id":"https:\/\/wellnessmassagemallorca.com\/de\/cookies-richtlinie\/","url":"https:\/\/wellnessmassagemallorca.com\/de\/cookies-richtlinie\/","name":"Cookies-Richtlinie | Mobile Massage Mallorca \u2013 Luxury Massage &amp; Wellness","isPartOf":{"@id":"https:\/\/wellnessmassagemallorca.com\/de\/#website"},"datePublished":"2026-04-13T13:04:31+00:00","dateModified":"2026-04-13T13:15:31+00:00","breadcrumb":{"@id":"https:\/\/wellnessmassagemallorca.com\/de\/cookies-richtlinie\/#breadcrumb"},"inLanguage":"de","potentialAction":[{"@type":"ReadAction","target":["https:\/\/wellnessmassagemallorca.com\/de\/cookies-richtlinie\/"]}]},{"@type":"BreadcrumbList","@id":"https:\/\/wellnessmassagemallorca.com\/de\/cookies-richtlinie\/#breadcrumb","itemListElement":[{"@type":"ListItem","position":1,"name":"Home","item":"https:\/\/wellnessmassagemallorca.com\/de\/"},{"@type":"ListItem","position":2,"name":"Cookies-Richtlinie"}]},{"@type":"WebSite","@id":"https:\/\/wellnessmassagemallorca.com\/de\/#website","url":"https:\/\/wellnessmassagemallorca.com\/de\/","name":"WELLNESS MASSAGE MALLORCA","description":"Professional mobile massage treatments in Mallorca \u2013 directly to your hotel, villa or yacht.","publisher":{"@id":"https:\/\/wellnessmassagemallorca.com\/de\/#organization"},"potentialAction":[{"@type":"SearchAction","target":{"@type":"EntryPoint","urlTemplate":"https:\/\/wellnessmassagemallorca.com\/de\/?s={search_term_string}"},"query-input":{"@type":"PropertyValueSpecification","valueRequired":true,"valueName":"search_term_string"}}],"inLanguage":"de"},{"@type":"Organization","@id":"https:\/\/wellnessmassagemallorca.com\/de\/#organization","name":"WELLNESS MASSAGE MALLORCA","url":"https:\/\/wellnessmassagemallorca.com\/de\/","logo":{"@type":"ImageObject","inLanguage":"de","@id":"https:\/\/wellnessmassagemallorca.com\/de\/#\/schema\/logo\/image\/","url":"https:\/\/wellnessmassagemallorca.com\/wp-content\/uploads\/2020\/10\/cropped-369038D6-D2CC-4CD8-9DE4-C6B45B291BCC_4_5005_c-1.jpeg","contentUrl":"https:\/\/wellnessmassagemallorca.com\/wp-content\/uploads\/2020\/10\/cropped-369038D6-D2CC-4CD8-9DE4-C6B45B291BCC_4_5005_c-1.jpeg","width":512,"height":512,"caption":"WELLNESS MASSAGE MALLORCA"},"image":{"@id":"https:\/\/wellnessmassagemallorca.com\/de\/#\/schema\/logo\/image\/"},"sameAs":["https:\/\/www.facebook.com\/wellnessmassagemallorca\/","https:\/\/www.instagram.com\/wellness.massage.mallorca\/"]}]}},"_links":{"self":[{"href":"https:\/\/wellnessmassagemallorca.com\/de\/wp-json\/wp\/v2\/pages\/160925","targetHints":{"allow":["GET"]}}],"collection":[{"href":"https:\/\/wellnessmassagemallorca.com\/de\/wp-json\/wp\/v2\/pages"}],"about":[{"href":"https:\/\/wellnessmassagemallorca.com\/de\/wp-json\/wp\/v2\/types\/page"}],"author":[{"embeddable":true,"href":"https:\/\/wellnessmassagemallorca.com\/de\/wp-json\/wp\/v2\/users\/3"}],"replies":[{"embeddable":true,"href":"https:\/\/wellnessmassagemallorca.com\/de\/wp-json\/wp\/v2\/comments?post=160925"}],"version-history":[{"count":4,"href":"https:\/\/wellnessmassagemallorca.com\/de\/wp-json\/wp\/v2\/pages\/160925\/revisions"}],"predecessor-version":[{"id":160941,"href":"https:\/\/wellnessmassagemallorca.com\/de\/wp-json\/wp\/v2\/pages\/160925\/revisions\/160941"}],"wp:attachment":[{"href":"https:\/\/wellnessmassagemallorca.com\/de\/wp-json\/wp\/v2\/media?parent=160925"}],"curies":[{"name":"wp","href":"https:\/\/api.w.org\/{rel}","templated":true}]}}