{"id":160919,"date":"2026-04-13T15:01:26","date_gmt":"2026-04-13T13:01:26","guid":{"rendered":"https:\/\/wellnessmassagemallorca.com\/yacht-service\/"},"modified":"2026-04-13T15:01:27","modified_gmt":"2026-04-13T13:01:27","slug":"yacht-service","status":"publish","type":"page","link":"https:\/\/wellnessmassagemallorca.com\/de\/yacht-service\/","title":{"rendered":"Yacht Service"},"content":{"rendered":"<div class=\"wpb-content-wrapper\"><p>[vc_row unlock_row_content=&#8220;yes&#8220; row_height_percent=&#8220;0&#8243; override_padding=&#8220;yes&#8220; h_padding=&#8220;3&#8243; top_padding=&#8220;4&#8243; bottom_padding=&#8220;4&#8243; overlay_alpha=&#8220;50&#8243; gutter_size=&#8220;4&#8243; column_width_percent=&#8220;100&#8243; shift_y=&#8220;0&#8243; z_index=&#8220;0&#8243; content_parallax=&#8220;0&#8243; gap=&#8220;5&#8243; full_height=&#8220;yes&#8220; columns_placement=&#8220;top&#8220; css=&#8220;.vc_custom_1774980326000{margin-right: 0px !important;margin-left: 0px !important;background-color: #ffffff !important;}&#8220; uncode_shortcode_id=&#8220;404607&#8243;][vc_column column_width_percent=&#8220;100&#8243; gutter_size=&#8220;3&#8243; back_color=&#8220;color-lxmt&#8220; overlay_alpha=&#8220;50&#8243; shift_x=&#8220;0&#8243; shift_y=&#8220;0&#8243; shift_y_down=&#8220;0&#8243; z_index=&#8220;0&#8243; medium_width=&#8220;0&#8243; mobile_width=&#8220;0&#8243; width=&#8220;1\/3&#8243; uncode_shortcode_id=&#8220;201797&#8243; back_color_type=&#8220;uncode-palette&#8220;][vc_custom_heading text_color=&#8220;color-482803&#8243; uncode_shortcode_id=&#8220;224214&#8243; text_color_type=&#8220;uncode-palette&#8220;]Luxus-Wellness an Bord[\/vc_custom_heading][vc_column_text uncode_shortcode_id=&#8220;121839&#8243;]Unser Yacht Massage Mallorca Service bringt Ihnen die ultimative Entspannung direkt auf Ihre Yacht. Genie\u00dfen Sie individuelle Wellness-Behandlungen, von der Entspannungsmassage bis zur therapeutischen K\u00f6rperarbeit, ohne Ihren privaten Raum zu verlassen. <\/p>\n<p>Buchen Sie einzelne Sitzungen oder einen ganzen Wellness-Tag an Bord &#8211; perfekt f\u00fcr Urlauber, die Luxus und Privatsph\u00e4re auf dem Mittelmeer suchen.[\/vc_column_text][vc_empty_space empty_h=&#8220;2&#8243;][vc_button button_color=&#8220;color-210407&#8243; size=&#8220;link&#8220; btn_link_underline=&#8220;btn-underline-out&#8220; custom_typo=&#8220;yes&#8220; font_family=&#8220;font-205659&#8243; font_weight=&#8220;400&#8243; text_transform=&#8220;uppercase&#8220; uncode_shortcode_id=&#8220;193353&#8243; link=&#8220;url:https%3A%2F%2Fwww.illesbalears.travel%2Fen%2Fmallorca|target:_blank|rel:nofollow|&#8220; button_color_type=&#8220;uncode-palette&#8220;]Mallorca entdecken[\/vc_button][vc_button button_color=&#8220;color-210407&#8243; size=&#8220;link&#8220; btn_link_underline=&#8220;btn-underline-out&#8220; custom_typo=&#8220;yes&#8220; font_family=&#8220;font-205659&#8243; font_weight=&#8220;400&#8243; text_transform=&#8220;uppercase&#8220; uncode_shortcode_id=&#8220;191264&#8243; link=&#8220;url:https%3A%2F%2Fwellnessmassagemallorca.com%2Fde%2Fbehandlungen%2F|title:Behandlungen|&#8220; button_color_type=&#8220;uncode-palette&#8220;]Buchen Sie Ihre mobile Massage[\/vc_button][\/vc_column][vc_column column_width_percent=&#8220;100&#8243; gutter_size=&#8220;3&#8243; back_color=&#8220;color-lxmt&#8220; overlay_alpha=&#8220;50&#8243; shift_x=&#8220;0&#8243; shift_y=&#8220;0&#8243; shift_y_down=&#8220;0&#8243; z_index=&#8220;0&#8243; medium_width=&#8220;0&#8243; mobile_width=&#8220;0&#8243; width=&#8220;1\/3&#8243; uncode_shortcode_id=&#8220;211528&#8243; back_color_type=&#8220;uncode-palette&#8220;][vc_custom_heading text_color=&#8220;color-482803&#8243; uncode_shortcode_id=&#8220;166156&#8243; text_color_type=&#8220;uncode-palette&#8220;]Professionelle Therapeuten &amp; Pers\u00f6nlicher Service[\/vc_custom_heading][vc_column_text uncode_shortcode_id=&#8220;126614&#8243;]Unsere erfahrenen Therapeuten f\u00fcr Yachtmassage Mallorca bieten Ihnen ganz individuelle Behandlungen. F\u00fcr jede Sitzung bringen wir professionelle Ausr\u00fcstung mit und halten die h\u00f6chsten Hygienestandards ein, um ein sicheres, diskretes und luxuri\u00f6ses Erlebnis zu gew\u00e4hrleisten. <\/p>\n<p>Wir stimmen jede Massage auf Ihre Bed\u00fcrfnisse ab &#8211; von der Entspannung bis zur Tiefengewebsbehandlung &#8211; und machen Ihre mobile Massage an Bord zu etwas ganz Pers\u00f6nlichem.<br \/>\n[\/vc_column_text][vc_empty_space empty_h=&#8220;2&#8243;][vc_button button_color=&#8220;color-210407&#8243; size=&#8220;link&#8220; btn_link_underline=&#8220;btn-underline-out&#8220; custom_typo=&#8220;yes&#8220; font_family=&#8220;font-205659&#8243; font_weight=&#8220;400&#8243; text_transform=&#8220;uppercase&#8220; uncode_shortcode_id=&#8220;153297&#8243; link=&#8220;url:https%3A%2F%2Fwellnessmassagemallorca.com%2Fde%2Fueber-mich%2F|title:%C3%9Cber%20mich|target:_blank|rel:nofollow|&#8220; button_color_type=&#8220;uncode-palette&#8220;]\u00dcber mich[\/vc_button][\/vc_column][vc_column column_width_percent=&#8220;100&#8243; gutter_size=&#8220;3&#8243; back_color=&#8220;color-lxmt&#8220; overlay_alpha=&#8220;50&#8243; shift_x=&#8220;0&#8243; shift_y=&#8220;0&#8243; shift_y_down=&#8220;0&#8243; z_index=&#8220;0&#8243; medium_width=&#8220;0&#8243; mobile_width=&#8220;0&#8243; width=&#8220;1\/3&#8243; uncode_shortcode_id=&#8220;122401&#8243; back_color_type=&#8220;uncode-palette&#8220;][vc_custom_heading text_color=&#8220;color-482803&#8243; uncode_shortcode_id=&#8220;104294&#8243; text_color_type=&#8220;uncode-palette&#8220;]Erholung &amp; Entspannung nach Aktivit\u00e4ten[\/vc_custom_heading][vc_column_text uncode_shortcode_id=&#8220;272401&#8243;]Nach einem Tag Segeln, Wassersport oder Sonnenbaden hilft unsere mobile Massage an Bord von Mallorca, Muskelverspannungen zu l\u00f6sen, Energie wiederherzustellen und Ihren K\u00f6rper zu verj\u00fcngen.<\/p>\n<p>Erleben Sie Luxus-Wellness auf See, die Privatsph\u00e4re, professionelle Betreuung und volle Entspannung auf Ihrer Yacht kombiniert.[\/vc_column_text][vc_empty_space empty_h=&#8220;2&#8243;][vc_button button_color=&#8220;color-210407&#8243; size=&#8220;link&#8220; btn_link_underline=&#8220;btn-underline-out&#8220; custom_typo=&#8220;yes&#8220; font_family=&#8220;font-205659&#8243; font_weight=&#8220;400&#8243; text_transform=&#8220;uppercase&#8220; uncode_shortcode_id=&#8220;210161&#8243; link=&#8220;url:https%3A%2F%2Fwellnessmassagemallorca.com%2Fde%2Fbehandlungen%2F|title:%C3%9Cber%20mich|target:_blank|rel:nofollow|&#8220; button_color_type=&#8220;uncode-palette&#8220;]Behandlungen erforschen[\/vc_button][\/vc_column][\/vc_row]<\/p>\n<\/div>","protected":false},"excerpt":{"rendered":"<p>F\u00fcllen Sie Ihren K\u00f6rper mit der Frische der salzigen Luft, stimmen Sie sich auf den beruhigenden Rhythmus des Ozeans ein, verbinden Sie sich tief im Inneren. Genie\u00dfen Sie das Gl\u00fcck einer Massage auf einer Jacht. <\/p>\n","protected":false},"author":4,"featured_media":1579,"parent":0,"menu_order":0,"comment_status":"closed","ping_status":"closed","template":"","meta":{"_acf_changed":false,"footnotes":""},"class_list":["post-160919","page","type-page","status-publish","has-post-thumbnail","hentry"],"acf":[],"yoast_head":"<!-- This site is optimized with the Yoast SEO plugin v27.4 - https:\/\/yoast.com\/product\/yoast-seo-wordpress\/ -->\n<title>Yacht Massage Mallorca | Mobile Massage an Bord<\/title>\n<meta name=\"description\" content=\"Yacht Massage Mallorca - professionelle mobile Massage an Bord. Genie\u00dfen Sie luxuri\u00f6se Behandlungen, private Wellness und volle Entspannung direkt auf Ihrer Yacht.\" \/>\n<meta name=\"robots\" content=\"index, follow, max-snippet:-1, max-image-preview:large, max-video-preview:-1\" \/>\n<link rel=\"canonical\" href=\"https:\/\/wellnessmassagemallorca.com\/de\/yacht-service\/\" \/>\n<meta property=\"og:locale\" content=\"de_DE\" \/>\n<meta property=\"og:type\" content=\"article\" \/>\n<meta property=\"og:title\" content=\"Yacht Massage Mallorca | Mobile Massage an Bord\" \/>\n<meta property=\"og:description\" content=\"Yacht Massage Mallorca - professionelle mobile Massage an Bord. Genie\u00dfen Sie luxuri\u00f6se Behandlungen, private Wellness und volle Entspannung direkt auf Ihrer Yacht.\" \/>\n<meta property=\"og:url\" content=\"https:\/\/wellnessmassagemallorca.com\/de\/yacht-service\/\" \/>\n<meta property=\"og:site_name\" content=\"Mobile Massage Mallorca \u2013 Luxury Massage &amp; Wellness\" \/>\n<meta property=\"article:publisher\" content=\"https:\/\/www.facebook.com\/wellnessmassagemallorca\/\" \/>\n<meta property=\"article:modified_time\" content=\"2026-04-13T13:01:27+00:00\" \/>\n<meta property=\"og:image\" content=\"https:\/\/wellnessmassagemallorca.com\/wp-content\/uploads\/2019\/09\/IMG_20180902_105139_1280px-e1589643009599.jpg\" \/>\n\t<meta property=\"og:image:width\" content=\"1280\" \/>\n\t<meta property=\"og:image:height\" content=\"832\" \/>\n\t<meta property=\"og:image:type\" content=\"image\/jpeg\" \/>\n<meta name=\"twitter:card\" content=\"summary_large_image\" \/>\n<meta name=\"twitter:label1\" content=\"Gesch\u00e4tzte Lesezeit\" \/>\n\t<meta name=\"twitter:data1\" content=\"3\u00a0Minuten\" \/>\n<script type=\"application\/ld+json\" class=\"yoast-schema-graph\">{\"@context\":\"https:\\\/\\\/schema.org\",\"@graph\":[{\"@type\":\"WebPage\",\"@id\":\"https:\\\/\\\/wellnessmassagemallorca.com\\\/de\\\/yacht-service\\\/\",\"url\":\"https:\\\/\\\/wellnessmassagemallorca.com\\\/de\\\/yacht-service\\\/\",\"name\":\"Yacht Massage Mallorca | Mobile Massage an Bord\",\"isPartOf\":{\"@id\":\"https:\\\/\\\/wellnessmassagemallorca.com\\\/de\\\/#website\"},\"primaryImageOfPage\":{\"@id\":\"https:\\\/\\\/wellnessmassagemallorca.com\\\/de\\\/yacht-service\\\/#primaryimage\"},\"image\":{\"@id\":\"https:\\\/\\\/wellnessmassagemallorca.com\\\/de\\\/yacht-service\\\/#primaryimage\"},\"thumbnailUrl\":\"https:\\\/\\\/wellnessmassagemallorca.com\\\/wp-content\\\/uploads\\\/2019\\\/09\\\/IMG_20180902_105139_1280px-e1589643009599.jpg\",\"datePublished\":\"2026-04-13T13:01:26+00:00\",\"dateModified\":\"2026-04-13T13:01:27+00:00\",\"description\":\"Yacht Massage Mallorca - professionelle mobile Massage an Bord. Genie\u00dfen Sie luxuri\u00f6se Behandlungen, private Wellness und volle Entspannung direkt auf Ihrer Yacht.\",\"breadcrumb\":{\"@id\":\"https:\\\/\\\/wellnessmassagemallorca.com\\\/de\\\/yacht-service\\\/#breadcrumb\"},\"inLanguage\":\"de\",\"potentialAction\":[{\"@type\":\"ReadAction\",\"target\":[\"https:\\\/\\\/wellnessmassagemallorca.com\\\/de\\\/yacht-service\\\/\"]}]},{\"@type\":\"ImageObject\",\"inLanguage\":\"de\",\"@id\":\"https:\\\/\\\/wellnessmassagemallorca.com\\\/de\\\/yacht-service\\\/#primaryimage\",\"url\":\"https:\\\/\\\/wellnessmassagemallorca.com\\\/wp-content\\\/uploads\\\/2019\\\/09\\\/IMG_20180902_105139_1280px-e1589643009599.jpg\",\"contentUrl\":\"https:\\\/\\\/wellnessmassagemallorca.com\\\/wp-content\\\/uploads\\\/2019\\\/09\\\/IMG_20180902_105139_1280px-e1589643009599.jpg\",\"width\":1280,\"height\":832,\"caption\":\"Certified Massage Therapist providing in home massage on your yacht or estate\"},{\"@type\":\"BreadcrumbList\",\"@id\":\"https:\\\/\\\/wellnessmassagemallorca.com\\\/de\\\/yacht-service\\\/#breadcrumb\",\"itemListElement\":[{\"@type\":\"ListItem\",\"position\":1,\"name\":\"Home\",\"item\":\"https:\\\/\\\/wellnessmassagemallorca.com\\\/de\\\/\"},{\"@type\":\"ListItem\",\"position\":2,\"name\":\"Yacht Service\"}]},{\"@type\":\"WebSite\",\"@id\":\"https:\\\/\\\/wellnessmassagemallorca.com\\\/de\\\/#website\",\"url\":\"https:\\\/\\\/wellnessmassagemallorca.com\\\/de\\\/\",\"name\":\"WELLNESS MASSAGE MALLORCA\",\"description\":\"Professional mobile massage treatments in Mallorca \u2013 directly to your hotel, villa or yacht.\",\"publisher\":{\"@id\":\"https:\\\/\\\/wellnessmassagemallorca.com\\\/de\\\/#organization\"},\"potentialAction\":[{\"@type\":\"SearchAction\",\"target\":{\"@type\":\"EntryPoint\",\"urlTemplate\":\"https:\\\/\\\/wellnessmassagemallorca.com\\\/de\\\/?s={search_term_string}\"},\"query-input\":{\"@type\":\"PropertyValueSpecification\",\"valueRequired\":true,\"valueName\":\"search_term_string\"}}],\"inLanguage\":\"de\"},{\"@type\":\"Organization\",\"@id\":\"https:\\\/\\\/wellnessmassagemallorca.com\\\/de\\\/#organization\",\"name\":\"WELLNESS MASSAGE MALLORCA\",\"url\":\"https:\\\/\\\/wellnessmassagemallorca.com\\\/de\\\/\",\"logo\":{\"@type\":\"ImageObject\",\"inLanguage\":\"de\",\"@id\":\"https:\\\/\\\/wellnessmassagemallorca.com\\\/de\\\/#\\\/schema\\\/logo\\\/image\\\/\",\"url\":\"https:\\\/\\\/wellnessmassagemallorca.com\\\/wp-content\\\/uploads\\\/2020\\\/10\\\/cropped-369038D6-D2CC-4CD8-9DE4-C6B45B291BCC_4_5005_c-1.jpeg\",\"contentUrl\":\"https:\\\/\\\/wellnessmassagemallorca.com\\\/wp-content\\\/uploads\\\/2020\\\/10\\\/cropped-369038D6-D2CC-4CD8-9DE4-C6B45B291BCC_4_5005_c-1.jpeg\",\"width\":512,\"height\":512,\"caption\":\"WELLNESS MASSAGE MALLORCA\"},\"image\":{\"@id\":\"https:\\\/\\\/wellnessmassagemallorca.com\\\/de\\\/#\\\/schema\\\/logo\\\/image\\\/\"},\"sameAs\":[\"https:\\\/\\\/www.facebook.com\\\/wellnessmassagemallorca\\\/\",\"https:\\\/\\\/www.instagram.com\\\/wellness.massage.mallorca\\\/\"]}]}<\/script>\n<!-- \/ Yoast SEO plugin. -->","yoast_head_json":{"title":"Yacht Massage Mallorca | Mobile Massage an Bord","description":"Yacht Massage Mallorca - professionelle mobile Massage an Bord. Genie\u00dfen Sie luxuri\u00f6se Behandlungen, private Wellness und volle Entspannung direkt auf Ihrer Yacht.","robots":{"index":"index","follow":"follow","max-snippet":"max-snippet:-1","max-image-preview":"max-image-preview:large","max-video-preview":"max-video-preview:-1"},"canonical":"https:\/\/wellnessmassagemallorca.com\/de\/yacht-service\/","og_locale":"de_DE","og_type":"article","og_title":"Yacht Massage Mallorca | Mobile Massage an Bord","og_description":"Yacht Massage Mallorca - professionelle mobile Massage an Bord. Genie\u00dfen Sie luxuri\u00f6se Behandlungen, private Wellness und volle Entspannung direkt auf Ihrer Yacht.","og_url":"https:\/\/wellnessmassagemallorca.com\/de\/yacht-service\/","og_site_name":"Mobile Massage Mallorca \u2013 Luxury Massage &amp; Wellness","article_publisher":"https:\/\/www.facebook.com\/wellnessmassagemallorca\/","article_modified_time":"2026-04-13T13:01:27+00:00","og_image":[{"width":1280,"height":832,"url":"https:\/\/wellnessmassagemallorca.com\/wp-content\/uploads\/2019\/09\/IMG_20180902_105139_1280px-e1589643009599.jpg","type":"image\/jpeg"}],"twitter_card":"summary_large_image","twitter_misc":{"Gesch\u00e4tzte Lesezeit":"3\u00a0Minuten"},"schema":{"@context":"https:\/\/schema.org","@graph":[{"@type":"WebPage","@id":"https:\/\/wellnessmassagemallorca.com\/de\/yacht-service\/","url":"https:\/\/wellnessmassagemallorca.com\/de\/yacht-service\/","name":"Yacht Massage Mallorca | Mobile Massage an Bord","isPartOf":{"@id":"https:\/\/wellnessmassagemallorca.com\/de\/#website"},"primaryImageOfPage":{"@id":"https:\/\/wellnessmassagemallorca.com\/de\/yacht-service\/#primaryimage"},"image":{"@id":"https:\/\/wellnessmassagemallorca.com\/de\/yacht-service\/#primaryimage"},"thumbnailUrl":"https:\/\/wellnessmassagemallorca.com\/wp-content\/uploads\/2019\/09\/IMG_20180902_105139_1280px-e1589643009599.jpg","datePublished":"2026-04-13T13:01:26+00:00","dateModified":"2026-04-13T13:01:27+00:00","description":"Yacht Massage Mallorca - professionelle mobile Massage an Bord. Genie\u00dfen Sie luxuri\u00f6se Behandlungen, private Wellness und volle Entspannung direkt auf Ihrer Yacht.","breadcrumb":{"@id":"https:\/\/wellnessmassagemallorca.com\/de\/yacht-service\/#breadcrumb"},"inLanguage":"de","potentialAction":[{"@type":"ReadAction","target":["https:\/\/wellnessmassagemallorca.com\/de\/yacht-service\/"]}]},{"@type":"ImageObject","inLanguage":"de","@id":"https:\/\/wellnessmassagemallorca.com\/de\/yacht-service\/#primaryimage","url":"https:\/\/wellnessmassagemallorca.com\/wp-content\/uploads\/2019\/09\/IMG_20180902_105139_1280px-e1589643009599.jpg","contentUrl":"https:\/\/wellnessmassagemallorca.com\/wp-content\/uploads\/2019\/09\/IMG_20180902_105139_1280px-e1589643009599.jpg","width":1280,"height":832,"caption":"Certified Massage Therapist providing in home massage on your yacht or estate"},{"@type":"BreadcrumbList","@id":"https:\/\/wellnessmassagemallorca.com\/de\/yacht-service\/#breadcrumb","itemListElement":[{"@type":"ListItem","position":1,"name":"Home","item":"https:\/\/wellnessmassagemallorca.com\/de\/"},{"@type":"ListItem","position":2,"name":"Yacht Service"}]},{"@type":"WebSite","@id":"https:\/\/wellnessmassagemallorca.com\/de\/#website","url":"https:\/\/wellnessmassagemallorca.com\/de\/","name":"WELLNESS MASSAGE MALLORCA","description":"Professional mobile massage treatments in Mallorca \u2013 directly to your hotel, villa or yacht.","publisher":{"@id":"https:\/\/wellnessmassagemallorca.com\/de\/#organization"},"potentialAction":[{"@type":"SearchAction","target":{"@type":"EntryPoint","urlTemplate":"https:\/\/wellnessmassagemallorca.com\/de\/?s={search_term_string}"},"query-input":{"@type":"PropertyValueSpecification","valueRequired":true,"valueName":"search_term_string"}}],"inLanguage":"de"},{"@type":"Organization","@id":"https:\/\/wellnessmassagemallorca.com\/de\/#organization","name":"WELLNESS MASSAGE MALLORCA","url":"https:\/\/wellnessmassagemallorca.com\/de\/","logo":{"@type":"ImageObject","inLanguage":"de","@id":"https:\/\/wellnessmassagemallorca.com\/de\/#\/schema\/logo\/image\/","url":"https:\/\/wellnessmassagemallorca.com\/wp-content\/uploads\/2020\/10\/cropped-369038D6-D2CC-4CD8-9DE4-C6B45B291BCC_4_5005_c-1.jpeg","contentUrl":"https:\/\/wellnessmassagemallorca.com\/wp-content\/uploads\/2020\/10\/cropped-369038D6-D2CC-4CD8-9DE4-C6B45B291BCC_4_5005_c-1.jpeg","width":512,"height":512,"caption":"WELLNESS MASSAGE MALLORCA"},"image":{"@id":"https:\/\/wellnessmassagemallorca.com\/de\/#\/schema\/logo\/image\/"},"sameAs":["https:\/\/www.facebook.com\/wellnessmassagemallorca\/","https:\/\/www.instagram.com\/wellness.massage.mallorca\/"]}]}},"_links":{"self":[{"href":"https:\/\/wellnessmassagemallorca.com\/de\/wp-json\/wp\/v2\/pages\/160919","targetHints":{"allow":["GET"]}}],"collection":[{"href":"https:\/\/wellnessmassagemallorca.com\/de\/wp-json\/wp\/v2\/pages"}],"about":[{"href":"https:\/\/wellnessmassagemallorca.com\/de\/wp-json\/wp\/v2\/types\/page"}],"author":[{"embeddable":true,"href":"https:\/\/wellnessmassagemallorca.com\/de\/wp-json\/wp\/v2\/users\/4"}],"replies":[{"embeddable":true,"href":"https:\/\/wellnessmassagemallorca.com\/de\/wp-json\/wp\/v2\/comments?post=160919"}],"version-history":[{"count":2,"href":"https:\/\/wellnessmassagemallorca.com\/de\/wp-json\/wp\/v2\/pages\/160919\/revisions"}],"predecessor-version":[{"id":160921,"href":"https:\/\/wellnessmassagemallorca.com\/de\/wp-json\/wp\/v2\/pages\/160919\/revisions\/160921"}],"wp:featuredmedia":[{"embeddable":true,"href":"https:\/\/wellnessmassagemallorca.com\/de\/wp-json\/wp\/v2\/media\/1579"}],"wp:attachment":[{"href":"https:\/\/wellnessmassagemallorca.com\/de\/wp-json\/wp\/v2\/media?parent=160919"}],"curies":[{"name":"wp","href":"https:\/\/api.w.org\/{rel}","templated":true}]}}