{"id":160913,"date":"2026-04-13T14:56:20","date_gmt":"2026-04-13T12:56:20","guid":{"rendered":"https:\/\/wellnessmassagemallorca.com\/wellness-bei-retreats\/"},"modified":"2026-04-14T12:40:49","modified_gmt":"2026-04-14T10:40:49","slug":"wellness-bei-retreats","status":"publish","type":"page","link":"https:\/\/wellnessmassagemallorca.com\/de\/wellness-bei-retreats\/","title":{"rendered":"Wellness bei Retreats"},"content":{"rendered":"<div class=\"wpb-content-wrapper\"><p>[vc_row unlock_row_content=&#8220;yes&#8220; row_height_percent=&#8220;0&#8243; override_padding=&#8220;yes&#8220; h_padding=&#8220;3&#8243; top_padding=&#8220;4&#8243; bottom_padding=&#8220;4&#8243; overlay_alpha=&#8220;50&#8243; gutter_size=&#8220;4&#8243; column_width_percent=&#8220;100&#8243; shift_y=&#8220;0&#8243; z_index=&#8220;0&#8243; content_parallax=&#8220;0&#8243; gap=&#8220;5&#8243; full_height=&#8220;yes&#8220; columns_placement=&#8220;top&#8220; css=&#8220;.vc_custom_1774980326000{margin-right: 0px !important;margin-left: 0px !important;background-color: #ffffff !important;}&#8220; uncode_shortcode_id=&#8220;404607&#8243;][vc_column column_width_percent=&#8220;100&#8243; gutter_size=&#8220;3&#8243; back_color=&#8220;color-lxmt&#8220; overlay_alpha=&#8220;50&#8243; shift_x=&#8220;0&#8243; shift_y=&#8220;0&#8243; shift_y_down=&#8220;0&#8243; z_index=&#8220;0&#8243; medium_width=&#8220;0&#8243; mobile_width=&#8220;0&#8243; width=&#8220;1\/3&#8243; uncode_shortcode_id=&#8220;201797&#8243; back_color_type=&#8220;uncode-palette&#8220;][vc_custom_heading text_color=&#8220;color-482803&#8243; uncode_shortcode_id=&#8220;200761&#8243; text_color_type=&#8220;uncode-palette&#8220;]Wellness f\u00fcr Retreats[\/vc_custom_heading][vc_column_text uncode_shortcode_id=&#8220;200106&#8243;]Planen Sie ein Retreat, ein Seminar oder einen Workshop auf Mallorca? Egal, ob Sie als Yogagruppe oder f\u00fcr einen Detox-Wanderurlaub oder f\u00fcr ein Coaching-Seminar oder etwas anderes kommen. Ich bin in der Lage, Ihrer Gruppe das besondere Erlebnis zu bieten, das eine erfolgreiche Veranstaltung abrundet.  <\/p>\n<p>Vielleicht m\u00f6chten Sie einen langen Tag mit einer Nachmittagsmassage oder einer Sch\u00f6nheitsbehandlung unterbrechen? Oder brauchen Ihre Teilnehmer vielleicht eine Fu\u00df- und Beinmassage, um m\u00fcde Muskeln nach einer Wanderung wieder zu beleben? Unabh\u00e4ngig vom Thema Ihres Workshops oder Retreats werde ich meine Arbeit auf Ihre Bed\u00fcrfnisse abstimmen.<br \/>\n[\/vc_column_text][\/vc_column][vc_column column_width_percent=&#8220;100&#8243; gutter_size=&#8220;3&#8243; back_color=&#8220;color-lxmt&#8220; overlay_alpha=&#8220;50&#8243; shift_x=&#8220;0&#8243; shift_y=&#8220;0&#8243; shift_y_down=&#8220;0&#8243; z_index=&#8220;0&#8243; medium_width=&#8220;0&#8243; mobile_width=&#8220;0&#8243; width=&#8220;1\/3&#8243; uncode_shortcode_id=&#8220;211528&#8243; back_color_type=&#8220;uncode-palette&#8220;][vc_custom_heading text_color=&#8220;color-482803&#8243; uncode_shortcode_id=&#8220;138399&#8243; text_color_type=&#8220;uncode-palette&#8220;]Professionelle Therapeuten &amp; Pers\u00f6nlicher Service[\/vc_custom_heading][vc_column_text uncode_shortcode_id=&#8220;330872&#8243;]Ich bin eine qualifizierte, erfahrene Massage- und Sch\u00f6nheitstherapeutin mit einer langj\u00e4hrigen eigenen Yogapraxis. Ich verstehe die Bed\u00fcrfnisse von Seminar- und Retreat-Teilnehmern und werde ma\u00dfgeschneiderte Erlebnisse schaffen, die auf die individuellen Bed\u00fcrfnisse Ihrer Gruppe abgestimmt sind. Ich werde zu Ihnen kommen, wo immer Sie auf der Insel sind.<\/p>\n<p>Au\u00dferdem bringe ich die n\u00f6tige Ausr\u00fcstung mit, um eine Wellness-Oase f\u00fcr Ihre Gruppe zu schaffen. Ich bin diskret und zuverl\u00e4ssig und achte auf Hygiene. Ihr vollst\u00e4ndiges Wohlbefinden ist meine Priorit\u00e4t. Wir verwenden professionell zugelassene Massageger\u00e4te und Zubeh\u00f6r von h\u00f6chstem Standard.[\/vc_column_text][\/vc_column][vc_column column_width_percent=&#8220;100&#8243; gutter_size=&#8220;3&#8243; back_color=&#8220;color-lxmt&#8220; overlay_alpha=&#8220;50&#8243; shift_x=&#8220;0&#8243; shift_y=&#8220;0&#8243; shift_y_down=&#8220;0&#8243; z_index=&#8220;0&#8243; medium_width=&#8220;0&#8243; mobile_width=&#8220;0&#8243; width=&#8220;1\/3&#8243; uncode_shortcode_id=&#8220;122401&#8243; back_color_type=&#8220;uncode-palette&#8220;][vc_custom_heading text_color=&#8220;color-482803&#8243; uncode_shortcode_id=&#8220;422110&#8243; text_color_type=&#8220;uncode-palette&#8220;]Breite Palette an Behandlungen[\/vc_custom_heading][vc_column_text uncode_shortcode_id=&#8220;124260&#8243;]F\u00fcr gr\u00f6\u00dfere Gruppen, die gleichzeitige Behandlungen ben\u00f6tigen, bringe ich mein Team von erfahrenen Fachleuten mit.<\/p>\n<p>Ich biete eine breite Palette verschiedener K\u00f6rper- und Sch\u00f6nheitsbehandlungen an, von Gesichtsbehandlungen, schwedischen Massagen, Tiefengewebsmassagen, Cranial-Sacral-Therapie und vielem mehr.<\/p>\n<p>Ich helfe Ihnen gerne bei der Auswahl von Behandlungen, die Ihren individuellen Bed\u00fcrfnissen entsprechen, und stelle das perfekte Paket f\u00fcr Ihre Gruppe zusammen.<\/p>\n<p>F\u00fcr alle Behandlungen verwende ich ausschlie\u00dflich handgefertigte Bioprodukte aus dem Sortiment von GAIA Natural Products, die \u00f6kologisch und lokal hier auf der Insel hergestellt werden.[\/vc_column_text][\/vc_column][\/vc_row]<\/p>\n<\/div>","protected":false},"excerpt":{"rendered":"<p>Wenn wir gemeinsam unterwegs sind, brauchen wir Momente, in denen wir allein sind, um uns in unser Inneres zur\u00fcckzuziehen. Vervollst\u00e4ndigen Sie Ihr Retreat oder Ihren Workshop mit ma\u00dfgeschneiderten individuellen Wellness-Behandlungen. <\/p>\n","protected":false},"author":4,"featured_media":3042,"parent":0,"menu_order":0,"comment_status":"closed","ping_status":"closed","template":"","meta":{"_acf_changed":false,"footnotes":""},"class_list":["post-160913","page","type-page","status-publish","has-post-thumbnail","hentry"],"acf":[],"yoast_head":"<!-- This site is optimized with the Yoast SEO plugin v27.4 - https:\/\/yoast.com\/product\/yoast-seo-wordpress\/ -->\n<title>Wellness on Retreats Mallorca | Zertifizierte Massagetherapeuten<\/title>\n<meta name=\"description\" content=\"Planen Sie ein Retreat oder einen Workshop auf Mallorca? Wir sind zertifizierte Massagetherapeuten und bieten Ihren Kunden Behandlungen auf hohem Niveau.\" \/>\n<meta name=\"robots\" content=\"index, follow, max-snippet:-1, max-image-preview:large, max-video-preview:-1\" \/>\n<link rel=\"canonical\" href=\"https:\/\/wellnessmassagemallorca.com\/de\/wellness-bei-retreats\/\" \/>\n<meta property=\"og:locale\" content=\"de_DE\" \/>\n<meta property=\"og:type\" content=\"article\" \/>\n<meta property=\"og:title\" content=\"Wellness on Retreats Mallorca | Zertifizierte Massagetherapeuten\" \/>\n<meta property=\"og:description\" content=\"Planen Sie ein Retreat oder einen Workshop auf Mallorca? Wir sind zertifizierte Massagetherapeuten und bieten Ihren Kunden Behandlungen auf hohem Niveau.\" \/>\n<meta property=\"og:url\" content=\"https:\/\/wellnessmassagemallorca.com\/de\/wellness-bei-retreats\/\" \/>\n<meta property=\"og:site_name\" content=\"Mobile Massage Mallorca \u2013 Luxury Massage &amp; Wellness\" \/>\n<meta property=\"article:publisher\" content=\"https:\/\/www.facebook.com\/wellnessmassagemallorca\/\" \/>\n<meta property=\"article:modified_time\" content=\"2026-04-14T10:40:49+00:00\" \/>\n<meta property=\"og:image\" content=\"https:\/\/wellnessmassagemallorca.com\/wp-content\/uploads\/2020\/02\/DSCF2185Ausschnitt-1.png\" \/>\n\t<meta property=\"og:image:width\" content=\"874\" \/>\n\t<meta property=\"og:image:height\" content=\"513\" \/>\n\t<meta property=\"og:image:type\" content=\"image\/png\" \/>\n<meta name=\"twitter:card\" content=\"summary_large_image\" \/>\n<meta name=\"twitter:label1\" content=\"Gesch\u00e4tzte Lesezeit\" \/>\n\t<meta name=\"twitter:data1\" content=\"3\u00a0Minuten\" \/>\n<script type=\"application\/ld+json\" class=\"yoast-schema-graph\">{\"@context\":\"https:\\\/\\\/schema.org\",\"@graph\":[{\"@type\":\"WebPage\",\"@id\":\"https:\\\/\\\/wellnessmassagemallorca.com\\\/de\\\/wellness-bei-retreats\\\/\",\"url\":\"https:\\\/\\\/wellnessmassagemallorca.com\\\/de\\\/wellness-bei-retreats\\\/\",\"name\":\"Wellness on Retreats Mallorca | Zertifizierte Massagetherapeuten\",\"isPartOf\":{\"@id\":\"https:\\\/\\\/wellnessmassagemallorca.com\\\/de\\\/#website\"},\"primaryImageOfPage\":{\"@id\":\"https:\\\/\\\/wellnessmassagemallorca.com\\\/de\\\/wellness-bei-retreats\\\/#primaryimage\"},\"image\":{\"@id\":\"https:\\\/\\\/wellnessmassagemallorca.com\\\/de\\\/wellness-bei-retreats\\\/#primaryimage\"},\"thumbnailUrl\":\"https:\\\/\\\/wellnessmassagemallorca.com\\\/wp-content\\\/uploads\\\/2020\\\/02\\\/DSCF2185Ausschnitt-1.png\",\"datePublished\":\"2026-04-13T12:56:20+00:00\",\"dateModified\":\"2026-04-14T10:40:49+00:00\",\"description\":\"Planen Sie ein Retreat oder einen Workshop auf Mallorca? Wir sind zertifizierte Massagetherapeuten und bieten Ihren Kunden Behandlungen auf hohem Niveau.\",\"breadcrumb\":{\"@id\":\"https:\\\/\\\/wellnessmassagemallorca.com\\\/de\\\/wellness-bei-retreats\\\/#breadcrumb\"},\"inLanguage\":\"de\",\"potentialAction\":[{\"@type\":\"ReadAction\",\"target\":[\"https:\\\/\\\/wellnessmassagemallorca.com\\\/de\\\/wellness-bei-retreats\\\/\"]}]},{\"@type\":\"ImageObject\",\"inLanguage\":\"de\",\"@id\":\"https:\\\/\\\/wellnessmassagemallorca.com\\\/de\\\/wellness-bei-retreats\\\/#primaryimage\",\"url\":\"https:\\\/\\\/wellnessmassagemallorca.com\\\/wp-content\\\/uploads\\\/2020\\\/02\\\/DSCF2185Ausschnitt-1.png\",\"contentUrl\":\"https:\\\/\\\/wellnessmassagemallorca.com\\\/wp-content\\\/uploads\\\/2020\\\/02\\\/DSCF2185Ausschnitt-1.png\",\"width\":874,\"height\":513,\"caption\":\"Wellness on Retreats Mallorca | Zertifizierte Therapeuten\"},{\"@type\":\"BreadcrumbList\",\"@id\":\"https:\\\/\\\/wellnessmassagemallorca.com\\\/de\\\/wellness-bei-retreats\\\/#breadcrumb\",\"itemListElement\":[{\"@type\":\"ListItem\",\"position\":1,\"name\":\"Home\",\"item\":\"https:\\\/\\\/wellnessmassagemallorca.com\\\/de\\\/\"},{\"@type\":\"ListItem\",\"position\":2,\"name\":\"Wellness bei Retreats\"}]},{\"@type\":\"WebSite\",\"@id\":\"https:\\\/\\\/wellnessmassagemallorca.com\\\/de\\\/#website\",\"url\":\"https:\\\/\\\/wellnessmassagemallorca.com\\\/de\\\/\",\"name\":\"WELLNESS MASSAGE MALLORCA\",\"description\":\"Professional mobile massage treatments in Mallorca \u2013 directly to your hotel, villa or yacht.\",\"publisher\":{\"@id\":\"https:\\\/\\\/wellnessmassagemallorca.com\\\/de\\\/#organization\"},\"potentialAction\":[{\"@type\":\"SearchAction\",\"target\":{\"@type\":\"EntryPoint\",\"urlTemplate\":\"https:\\\/\\\/wellnessmassagemallorca.com\\\/de\\\/?s={search_term_string}\"},\"query-input\":{\"@type\":\"PropertyValueSpecification\",\"valueRequired\":true,\"valueName\":\"search_term_string\"}}],\"inLanguage\":\"de\"},{\"@type\":\"Organization\",\"@id\":\"https:\\\/\\\/wellnessmassagemallorca.com\\\/de\\\/#organization\",\"name\":\"WELLNESS MASSAGE MALLORCA\",\"url\":\"https:\\\/\\\/wellnessmassagemallorca.com\\\/de\\\/\",\"logo\":{\"@type\":\"ImageObject\",\"inLanguage\":\"de\",\"@id\":\"https:\\\/\\\/wellnessmassagemallorca.com\\\/de\\\/#\\\/schema\\\/logo\\\/image\\\/\",\"url\":\"https:\\\/\\\/wellnessmassagemallorca.com\\\/wp-content\\\/uploads\\\/2020\\\/10\\\/cropped-369038D6-D2CC-4CD8-9DE4-C6B45B291BCC_4_5005_c-1.jpeg\",\"contentUrl\":\"https:\\\/\\\/wellnessmassagemallorca.com\\\/wp-content\\\/uploads\\\/2020\\\/10\\\/cropped-369038D6-D2CC-4CD8-9DE4-C6B45B291BCC_4_5005_c-1.jpeg\",\"width\":512,\"height\":512,\"caption\":\"WELLNESS MASSAGE MALLORCA\"},\"image\":{\"@id\":\"https:\\\/\\\/wellnessmassagemallorca.com\\\/de\\\/#\\\/schema\\\/logo\\\/image\\\/\"},\"sameAs\":[\"https:\\\/\\\/www.facebook.com\\\/wellnessmassagemallorca\\\/\",\"https:\\\/\\\/www.instagram.com\\\/wellness.massage.mallorca\\\/\"]}]}<\/script>\n<!-- \/ Yoast SEO plugin. -->","yoast_head_json":{"title":"Wellness on Retreats Mallorca | Zertifizierte Massagetherapeuten","description":"Planen Sie ein Retreat oder einen Workshop auf Mallorca? Wir sind zertifizierte Massagetherapeuten und bieten Ihren Kunden Behandlungen auf hohem Niveau.","robots":{"index":"index","follow":"follow","max-snippet":"max-snippet:-1","max-image-preview":"max-image-preview:large","max-video-preview":"max-video-preview:-1"},"canonical":"https:\/\/wellnessmassagemallorca.com\/de\/wellness-bei-retreats\/","og_locale":"de_DE","og_type":"article","og_title":"Wellness on Retreats Mallorca | Zertifizierte Massagetherapeuten","og_description":"Planen Sie ein Retreat oder einen Workshop auf Mallorca? Wir sind zertifizierte Massagetherapeuten und bieten Ihren Kunden Behandlungen auf hohem Niveau.","og_url":"https:\/\/wellnessmassagemallorca.com\/de\/wellness-bei-retreats\/","og_site_name":"Mobile Massage Mallorca \u2013 Luxury Massage &amp; Wellness","article_publisher":"https:\/\/www.facebook.com\/wellnessmassagemallorca\/","article_modified_time":"2026-04-14T10:40:49+00:00","og_image":[{"width":874,"height":513,"url":"https:\/\/wellnessmassagemallorca.com\/wp-content\/uploads\/2020\/02\/DSCF2185Ausschnitt-1.png","type":"image\/png"}],"twitter_card":"summary_large_image","twitter_misc":{"Gesch\u00e4tzte Lesezeit":"3\u00a0Minuten"},"schema":{"@context":"https:\/\/schema.org","@graph":[{"@type":"WebPage","@id":"https:\/\/wellnessmassagemallorca.com\/de\/wellness-bei-retreats\/","url":"https:\/\/wellnessmassagemallorca.com\/de\/wellness-bei-retreats\/","name":"Wellness on Retreats Mallorca | Zertifizierte Massagetherapeuten","isPartOf":{"@id":"https:\/\/wellnessmassagemallorca.com\/de\/#website"},"primaryImageOfPage":{"@id":"https:\/\/wellnessmassagemallorca.com\/de\/wellness-bei-retreats\/#primaryimage"},"image":{"@id":"https:\/\/wellnessmassagemallorca.com\/de\/wellness-bei-retreats\/#primaryimage"},"thumbnailUrl":"https:\/\/wellnessmassagemallorca.com\/wp-content\/uploads\/2020\/02\/DSCF2185Ausschnitt-1.png","datePublished":"2026-04-13T12:56:20+00:00","dateModified":"2026-04-14T10:40:49+00:00","description":"Planen Sie ein Retreat oder einen Workshop auf Mallorca? Wir sind zertifizierte Massagetherapeuten und bieten Ihren Kunden Behandlungen auf hohem Niveau.","breadcrumb":{"@id":"https:\/\/wellnessmassagemallorca.com\/de\/wellness-bei-retreats\/#breadcrumb"},"inLanguage":"de","potentialAction":[{"@type":"ReadAction","target":["https:\/\/wellnessmassagemallorca.com\/de\/wellness-bei-retreats\/"]}]},{"@type":"ImageObject","inLanguage":"de","@id":"https:\/\/wellnessmassagemallorca.com\/de\/wellness-bei-retreats\/#primaryimage","url":"https:\/\/wellnessmassagemallorca.com\/wp-content\/uploads\/2020\/02\/DSCF2185Ausschnitt-1.png","contentUrl":"https:\/\/wellnessmassagemallorca.com\/wp-content\/uploads\/2020\/02\/DSCF2185Ausschnitt-1.png","width":874,"height":513,"caption":"Wellness on Retreats Mallorca | Zertifizierte Therapeuten"},{"@type":"BreadcrumbList","@id":"https:\/\/wellnessmassagemallorca.com\/de\/wellness-bei-retreats\/#breadcrumb","itemListElement":[{"@type":"ListItem","position":1,"name":"Home","item":"https:\/\/wellnessmassagemallorca.com\/de\/"},{"@type":"ListItem","position":2,"name":"Wellness bei Retreats"}]},{"@type":"WebSite","@id":"https:\/\/wellnessmassagemallorca.com\/de\/#website","url":"https:\/\/wellnessmassagemallorca.com\/de\/","name":"WELLNESS MASSAGE MALLORCA","description":"Professional mobile massage treatments in Mallorca \u2013 directly to your hotel, villa or yacht.","publisher":{"@id":"https:\/\/wellnessmassagemallorca.com\/de\/#organization"},"potentialAction":[{"@type":"SearchAction","target":{"@type":"EntryPoint","urlTemplate":"https:\/\/wellnessmassagemallorca.com\/de\/?s={search_term_string}"},"query-input":{"@type":"PropertyValueSpecification","valueRequired":true,"valueName":"search_term_string"}}],"inLanguage":"de"},{"@type":"Organization","@id":"https:\/\/wellnessmassagemallorca.com\/de\/#organization","name":"WELLNESS MASSAGE MALLORCA","url":"https:\/\/wellnessmassagemallorca.com\/de\/","logo":{"@type":"ImageObject","inLanguage":"de","@id":"https:\/\/wellnessmassagemallorca.com\/de\/#\/schema\/logo\/image\/","url":"https:\/\/wellnessmassagemallorca.com\/wp-content\/uploads\/2020\/10\/cropped-369038D6-D2CC-4CD8-9DE4-C6B45B291BCC_4_5005_c-1.jpeg","contentUrl":"https:\/\/wellnessmassagemallorca.com\/wp-content\/uploads\/2020\/10\/cropped-369038D6-D2CC-4CD8-9DE4-C6B45B291BCC_4_5005_c-1.jpeg","width":512,"height":512,"caption":"WELLNESS MASSAGE MALLORCA"},"image":{"@id":"https:\/\/wellnessmassagemallorca.com\/de\/#\/schema\/logo\/image\/"},"sameAs":["https:\/\/www.facebook.com\/wellnessmassagemallorca\/","https:\/\/www.instagram.com\/wellness.massage.mallorca\/"]}]}},"_links":{"self":[{"href":"https:\/\/wellnessmassagemallorca.com\/de\/wp-json\/wp\/v2\/pages\/160913","targetHints":{"allow":["GET"]}}],"collection":[{"href":"https:\/\/wellnessmassagemallorca.com\/de\/wp-json\/wp\/v2\/pages"}],"about":[{"href":"https:\/\/wellnessmassagemallorca.com\/de\/wp-json\/wp\/v2\/types\/page"}],"author":[{"embeddable":true,"href":"https:\/\/wellnessmassagemallorca.com\/de\/wp-json\/wp\/v2\/users\/4"}],"replies":[{"embeddable":true,"href":"https:\/\/wellnessmassagemallorca.com\/de\/wp-json\/wp\/v2\/comments?post=160913"}],"version-history":[{"count":4,"href":"https:\/\/wellnessmassagemallorca.com\/de\/wp-json\/wp\/v2\/pages\/160913\/revisions"}],"predecessor-version":[{"id":161633,"href":"https:\/\/wellnessmassagemallorca.com\/de\/wp-json\/wp\/v2\/pages\/160913\/revisions\/161633"}],"wp:featuredmedia":[{"embeddable":true,"href":"https:\/\/wellnessmassagemallorca.com\/de\/wp-json\/wp\/v2\/media\/3042"}],"wp:attachment":[{"href":"https:\/\/wellnessmassagemallorca.com\/de\/wp-json\/wp\/v2\/media?parent=160913"}],"curies":[{"name":"wp","href":"https:\/\/api.w.org\/{rel}","templated":true}]}}