{"id":160907,"date":"2026-04-13T14:55:28","date_gmt":"2026-04-13T12:55:28","guid":{"rendered":"https:\/\/wellnessmassagemallorca.com\/villa-service\/"},"modified":"2026-04-13T17:29:39","modified_gmt":"2026-04-13T15:29:39","slug":"villa-service","status":"publish","type":"page","link":"https:\/\/wellnessmassagemallorca.com\/de\/villa-service\/","title":{"rendered":"Villa Service"},"content":{"rendered":"<div class=\"wpb-content-wrapper\"><p>[vc_row unlock_row_content=&#8220;yes&#8220; row_height_percent=&#8220;0&#8243; override_padding=&#8220;yes&#8220; h_padding=&#8220;3&#8243; top_padding=&#8220;4&#8243; bottom_padding=&#8220;4&#8243; overlay_alpha=&#8220;50&#8243; gutter_size=&#8220;4&#8243; column_width_percent=&#8220;100&#8243; shift_y=&#8220;0&#8243; z_index=&#8220;0&#8243; content_parallax=&#8220;0&#8243; gap=&#8220;5&#8243; full_height=&#8220;yes&#8220; columns_placement=&#8220;top&#8220; css=&#8220;.vc_custom_1774980326000{margin-right: 0px !important;margin-left: 0px !important;background-color: #ffffff !important;}&#8220; uncode_shortcode_id=&#8220;404607&#8243;][vc_column column_width_percent=&#8220;100&#8243; gutter_size=&#8220;3&#8243; back_color=&#8220;color-lxmt&#8220; overlay_alpha=&#8220;50&#8243; shift_x=&#8220;0&#8243; shift_y=&#8220;0&#8243; shift_y_down=&#8220;0&#8243; z_index=&#8220;0&#8243; medium_width=&#8220;0&#8243; mobile_width=&#8220;0&#8243; width=&#8220;1\/3&#8243; uncode_shortcode_id=&#8220;201797&#8243; back_color_type=&#8220;uncode-palette&#8220;][vc_custom_heading text_color=&#8220;color-482803&#8243; uncode_shortcode_id=&#8220;150850&#8243; text_color_type=&#8220;uncode-palette&#8220;]Wellness in Ihrer Privatsph\u00e4re[\/vc_custom_heading][vc_column_text uncode_shortcode_id=&#8220;191237&#8243;]Stellen Sie sich einen Tag voller Gl\u00fcckseligkeit mit Freunden oder Familie vor, bei dem Sie sich luxuri\u00f6ser Verw\u00f6hnung hingeben, ohne Ihr Feriendomizil verlassen zu m\u00fcssen. Stellen Sie sich vor, wie Sie bei einer tiefenentspannenden Massage im Schatten einer Palme zur Ruhe kommen oder eine verj\u00fcngende Gesichtsbehandlung genie\u00dfen, begleitet von den beruhigenden Kl\u00e4ngen des Ozeans. <\/p>\n<p>Klingt das nach Ihrem Traumurlaub? Lassen Sie mich Ihre Villa in eine Oase der Ruhe und des Wohlbefindens verwandeln, egal wo auf der Insel Sie sich befinden. Meine personalisierten Wellnessbehandlungen sind darauf zugeschnitten, die einzigartigen Bed\u00fcrfnisse jedes Mitglieds Ihrer Gruppe zu erf\u00fcllen.[\/vc_column_text][\/vc_column][vc_column column_width_percent=&#8220;100&#8243; gutter_size=&#8220;3&#8243; back_color=&#8220;color-lxmt&#8220; overlay_alpha=&#8220;50&#8243; shift_x=&#8220;0&#8243; shift_y=&#8220;0&#8243; shift_y_down=&#8220;0&#8243; z_index=&#8220;0&#8243; medium_width=&#8220;0&#8243; mobile_width=&#8220;0&#8243; width=&#8220;1\/3&#8243; uncode_shortcode_id=&#8220;211528&#8243; back_color_type=&#8220;uncode-palette&#8220;][vc_custom_heading text_color=&#8220;color-482803&#8243; uncode_shortcode_id=&#8220;401570&#8243; text_color_type=&#8220;uncode-palette&#8220;]Professionelle Therapeuten[\/vc_custom_heading][vc_column_text uncode_shortcode_id=&#8220;126346&#8243;]Gerne helfe ich Ihnen bei der Auswahl der idealen Behandlung und erstelle ma\u00dfgeschneiderte Pakete, die Sie vollkommen revitalisiert und strahlend zur\u00fccklassen. F\u00fcr gr\u00f6\u00dfere Gruppen, die gleichzeitige Behandlungen ben\u00f6tigen, stelle ich mein Team aus erfahrenen Fachleuten zusammen, um sicherzustellen, dass jeder eine erstklassige Betreuung erh\u00e4lt. Ich bin stolz darauf, diskret, zuverl\u00e4ssig und Ihrem Wohlbefinden voll und ganz verpflichtet zu sein. Lassen Sie uns Ihr Erlebnis au\u00dfergew\u00f6hnlich gestalten![\/vc_column_text][\/vc_column][vc_column column_width_percent=&#8220;100&#8243; gutter_size=&#8220;3&#8243; back_color=&#8220;color-lxmt&#8220; overlay_alpha=&#8220;50&#8243; shift_x=&#8220;0&#8243; shift_y=&#8220;0&#8243; shift_y_down=&#8220;0&#8243; z_index=&#8220;0&#8243; medium_width=&#8220;0&#8243; mobile_width=&#8220;0&#8243; width=&#8220;1\/3&#8243; uncode_shortcode_id=&#8220;122401&#8243; back_color_type=&#8220;uncode-palette&#8220;][vc_custom_heading text_color=&#8220;color-482803&#8243; uncode_shortcode_id=&#8220;794318&#8243; text_color_type=&#8220;uncode-palette&#8220;]\u00d6kologische Produkte[\/vc_custom_heading][vc_column_text uncode_shortcode_id=&#8220;106906&#8243;]Als zertifizierte Massagetherapeutin freue ich mich, Ihnen eine vielf\u00e4ltige Auswahl an erstklassigen K\u00f6rper- und Sch\u00f6nheitsbehandlungen anbieten zu k\u00f6nnen. Ob Sie die tiefe Linderung einer klassischen Tiefengewebsmassage, die verj\u00fcngende Wirkung eines K\u00f6rperpeelings, die Revitalisierung einer Gesichtsbehandlung oder die ganzheitlichen Vorteile der Craniosacral-Therapie suchen \u2013 ich habe eine auf Ihre Bed\u00fcrfnisse und Vorlieben zugeschnittene L\u00f6sung. <\/p>\n<p>Ich verpflichte mich, ausschlie\u00dflich die besten Bio-Produkte zu verwenden. Diese umweltfreundlichen Produkte stellen sicher, dass jede Behandlung Ihr Wohlbefinden steigert. Entdecken Sie noch heute die ultimative personalisierte Pflege und erleben Sie die au\u00dfergew\u00f6hnliche Qualit\u00e4t unserer Behandlungen.[\/vc_column_text][\/vc_column][\/vc_row]<\/p>\n<\/div>","protected":false},"excerpt":{"rendered":"<p>Entschleunigen Sie, kosten Sie den duftenden Atem der Insel. Geben Sie sich der Umarmung Mallorcas hin mit ma\u00dfgeschneidertem Wellness in der privaten Idylle Ihrer Villa. <\/p>\n","protected":false},"author":4,"featured_media":4748,"parent":0,"menu_order":0,"comment_status":"closed","ping_status":"closed","template":"","meta":{"_acf_changed":false,"footnotes":""},"class_list":["post-160907","page","type-page","status-publish","has-post-thumbnail","hentry"],"acf":[],"yoast_head":"<!-- This site is optimized with the Yoast SEO plugin v27.4 - https:\/\/yoast.com\/product\/yoast-seo-wordpress\/ -->\n<title>Massage Mallorca | Villa- und Yacht-Service<\/title>\n<meta name=\"description\" content=\"Professionelle Therapeuten bieten hochwertigen Villa- und Yacht-Service auf ganz Mallorca. Genie\u00dfen Sie den Komfort Ihrer eigenen Umgebung.\" \/>\n<meta name=\"robots\" content=\"index, follow, max-snippet:-1, max-image-preview:large, max-video-preview:-1\" \/>\n<link rel=\"canonical\" href=\"https:\/\/wellnessmassagemallorca.com\/de\/villa-service\/\" \/>\n<meta property=\"og:locale\" content=\"de_DE\" \/>\n<meta property=\"og:type\" content=\"article\" \/>\n<meta property=\"og:title\" content=\"Massage Mallorca | Villa- und Yacht-Service\" \/>\n<meta property=\"og:description\" content=\"Professionelle Therapeuten bieten hochwertigen Villa- und Yacht-Service auf ganz Mallorca. Genie\u00dfen Sie den Komfort Ihrer eigenen Umgebung.\" \/>\n<meta property=\"og:url\" content=\"https:\/\/wellnessmassagemallorca.com\/de\/villa-service\/\" \/>\n<meta property=\"og:site_name\" content=\"Mobile Massage Mallorca \u2013 Luxury Massage &amp; Wellness\" \/>\n<meta property=\"article:publisher\" content=\"https:\/\/www.facebook.com\/wellnessmassagemallorca\/\" \/>\n<meta property=\"article:modified_time\" content=\"2026-04-13T15:29:39+00:00\" \/>\n<meta property=\"og:image\" content=\"https:\/\/wellnessmassagemallorca.com\/wp-content\/uploads\/2024\/11\/Villa03-scaled.jpeg\" \/>\n\t<meta property=\"og:image:width\" content=\"2560\" \/>\n\t<meta property=\"og:image:height\" content=\"1438\" \/>\n\t<meta property=\"og:image:type\" content=\"image\/jpeg\" \/>\n<meta name=\"twitter:card\" content=\"summary_large_image\" \/>\n<meta name=\"twitter:label1\" content=\"Gesch\u00e4tzte Lesezeit\" \/>\n\t<meta name=\"twitter:data1\" content=\"3\u00a0Minuten\" \/>\n<script type=\"application\/ld+json\" class=\"yoast-schema-graph\">{\"@context\":\"https:\\\/\\\/schema.org\",\"@graph\":[{\"@type\":\"WebPage\",\"@id\":\"https:\\\/\\\/wellnessmassagemallorca.com\\\/de\\\/villa-service\\\/\",\"url\":\"https:\\\/\\\/wellnessmassagemallorca.com\\\/de\\\/villa-service\\\/\",\"name\":\"Massage Mallorca | Villa- und Yacht-Service\",\"isPartOf\":{\"@id\":\"https:\\\/\\\/wellnessmassagemallorca.com\\\/de\\\/#website\"},\"primaryImageOfPage\":{\"@id\":\"https:\\\/\\\/wellnessmassagemallorca.com\\\/de\\\/villa-service\\\/#primaryimage\"},\"image\":{\"@id\":\"https:\\\/\\\/wellnessmassagemallorca.com\\\/de\\\/villa-service\\\/#primaryimage\"},\"thumbnailUrl\":\"https:\\\/\\\/wellnessmassagemallorca.com\\\/wp-content\\\/uploads\\\/2024\\\/11\\\/Villa03-scaled.jpeg\",\"datePublished\":\"2026-04-13T12:55:28+00:00\",\"dateModified\":\"2026-04-13T15:29:39+00:00\",\"description\":\"Professionelle Therapeuten bieten hochwertigen Villa- und Yacht-Service auf ganz Mallorca. Genie\u00dfen Sie den Komfort Ihrer eigenen Umgebung.\",\"breadcrumb\":{\"@id\":\"https:\\\/\\\/wellnessmassagemallorca.com\\\/de\\\/villa-service\\\/#breadcrumb\"},\"inLanguage\":\"de\",\"potentialAction\":[{\"@type\":\"ReadAction\",\"target\":[\"https:\\\/\\\/wellnessmassagemallorca.com\\\/de\\\/villa-service\\\/\"]}]},{\"@type\":\"ImageObject\",\"inLanguage\":\"de\",\"@id\":\"https:\\\/\\\/wellnessmassagemallorca.com\\\/de\\\/villa-service\\\/#primaryimage\",\"url\":\"https:\\\/\\\/wellnessmassagemallorca.com\\\/wp-content\\\/uploads\\\/2024\\\/11\\\/Villa03-scaled.jpeg\",\"contentUrl\":\"https:\\\/\\\/wellnessmassagemallorca.com\\\/wp-content\\\/uploads\\\/2024\\\/11\\\/Villa03-scaled.jpeg\",\"width\":2560,\"height\":1438,\"caption\":\"Luftaufnahme von oben, sorglose Touristin im roten Badeanzug, die sich im Swimmingpool einer modernen Luxusvilla im Sommerurlaub entspannt. Modische Frau, die sich in einem Mietobjekt ausruht\"},{\"@type\":\"BreadcrumbList\",\"@id\":\"https:\\\/\\\/wellnessmassagemallorca.com\\\/de\\\/villa-service\\\/#breadcrumb\",\"itemListElement\":[{\"@type\":\"ListItem\",\"position\":1,\"name\":\"Home\",\"item\":\"https:\\\/\\\/wellnessmassagemallorca.com\\\/de\\\/\"},{\"@type\":\"ListItem\",\"position\":2,\"name\":\"Villa Service\"}]},{\"@type\":\"WebSite\",\"@id\":\"https:\\\/\\\/wellnessmassagemallorca.com\\\/de\\\/#website\",\"url\":\"https:\\\/\\\/wellnessmassagemallorca.com\\\/de\\\/\",\"name\":\"WELLNESS MASSAGE MALLORCA\",\"description\":\"Professional mobile massage treatments in Mallorca \u2013 directly to your hotel, villa or yacht.\",\"publisher\":{\"@id\":\"https:\\\/\\\/wellnessmassagemallorca.com\\\/de\\\/#organization\"},\"potentialAction\":[{\"@type\":\"SearchAction\",\"target\":{\"@type\":\"EntryPoint\",\"urlTemplate\":\"https:\\\/\\\/wellnessmassagemallorca.com\\\/de\\\/?s={search_term_string}\"},\"query-input\":{\"@type\":\"PropertyValueSpecification\",\"valueRequired\":true,\"valueName\":\"search_term_string\"}}],\"inLanguage\":\"de\"},{\"@type\":\"Organization\",\"@id\":\"https:\\\/\\\/wellnessmassagemallorca.com\\\/de\\\/#organization\",\"name\":\"WELLNESS MASSAGE MALLORCA\",\"url\":\"https:\\\/\\\/wellnessmassagemallorca.com\\\/de\\\/\",\"logo\":{\"@type\":\"ImageObject\",\"inLanguage\":\"de\",\"@id\":\"https:\\\/\\\/wellnessmassagemallorca.com\\\/de\\\/#\\\/schema\\\/logo\\\/image\\\/\",\"url\":\"https:\\\/\\\/wellnessmassagemallorca.com\\\/wp-content\\\/uploads\\\/2020\\\/10\\\/cropped-369038D6-D2CC-4CD8-9DE4-C6B45B291BCC_4_5005_c-1.jpeg\",\"contentUrl\":\"https:\\\/\\\/wellnessmassagemallorca.com\\\/wp-content\\\/uploads\\\/2020\\\/10\\\/cropped-369038D6-D2CC-4CD8-9DE4-C6B45B291BCC_4_5005_c-1.jpeg\",\"width\":512,\"height\":512,\"caption\":\"WELLNESS MASSAGE MALLORCA\"},\"image\":{\"@id\":\"https:\\\/\\\/wellnessmassagemallorca.com\\\/de\\\/#\\\/schema\\\/logo\\\/image\\\/\"},\"sameAs\":[\"https:\\\/\\\/www.facebook.com\\\/wellnessmassagemallorca\\\/\",\"https:\\\/\\\/www.instagram.com\\\/wellness.massage.mallorca\\\/\"]}]}<\/script>\n<!-- \/ Yoast SEO plugin. -->","yoast_head_json":{"title":"Massage Mallorca | Villa- und Yacht-Service","description":"Professionelle Therapeuten bieten hochwertigen Villa- und Yacht-Service auf ganz Mallorca. Genie\u00dfen Sie den Komfort Ihrer eigenen Umgebung.","robots":{"index":"index","follow":"follow","max-snippet":"max-snippet:-1","max-image-preview":"max-image-preview:large","max-video-preview":"max-video-preview:-1"},"canonical":"https:\/\/wellnessmassagemallorca.com\/de\/villa-service\/","og_locale":"de_DE","og_type":"article","og_title":"Massage Mallorca | Villa- und Yacht-Service","og_description":"Professionelle Therapeuten bieten hochwertigen Villa- und Yacht-Service auf ganz Mallorca. Genie\u00dfen Sie den Komfort Ihrer eigenen Umgebung.","og_url":"https:\/\/wellnessmassagemallorca.com\/de\/villa-service\/","og_site_name":"Mobile Massage Mallorca \u2013 Luxury Massage &amp; Wellness","article_publisher":"https:\/\/www.facebook.com\/wellnessmassagemallorca\/","article_modified_time":"2026-04-13T15:29:39+00:00","og_image":[{"width":2560,"height":1438,"url":"https:\/\/wellnessmassagemallorca.com\/wp-content\/uploads\/2024\/11\/Villa03-scaled.jpeg","type":"image\/jpeg"}],"twitter_card":"summary_large_image","twitter_misc":{"Gesch\u00e4tzte Lesezeit":"3\u00a0Minuten"},"schema":{"@context":"https:\/\/schema.org","@graph":[{"@type":"WebPage","@id":"https:\/\/wellnessmassagemallorca.com\/de\/villa-service\/","url":"https:\/\/wellnessmassagemallorca.com\/de\/villa-service\/","name":"Massage Mallorca | Villa- und Yacht-Service","isPartOf":{"@id":"https:\/\/wellnessmassagemallorca.com\/de\/#website"},"primaryImageOfPage":{"@id":"https:\/\/wellnessmassagemallorca.com\/de\/villa-service\/#primaryimage"},"image":{"@id":"https:\/\/wellnessmassagemallorca.com\/de\/villa-service\/#primaryimage"},"thumbnailUrl":"https:\/\/wellnessmassagemallorca.com\/wp-content\/uploads\/2024\/11\/Villa03-scaled.jpeg","datePublished":"2026-04-13T12:55:28+00:00","dateModified":"2026-04-13T15:29:39+00:00","description":"Professionelle Therapeuten bieten hochwertigen Villa- und Yacht-Service auf ganz Mallorca. Genie\u00dfen Sie den Komfort Ihrer eigenen Umgebung.","breadcrumb":{"@id":"https:\/\/wellnessmassagemallorca.com\/de\/villa-service\/#breadcrumb"},"inLanguage":"de","potentialAction":[{"@type":"ReadAction","target":["https:\/\/wellnessmassagemallorca.com\/de\/villa-service\/"]}]},{"@type":"ImageObject","inLanguage":"de","@id":"https:\/\/wellnessmassagemallorca.com\/de\/villa-service\/#primaryimage","url":"https:\/\/wellnessmassagemallorca.com\/wp-content\/uploads\/2024\/11\/Villa03-scaled.jpeg","contentUrl":"https:\/\/wellnessmassagemallorca.com\/wp-content\/uploads\/2024\/11\/Villa03-scaled.jpeg","width":2560,"height":1438,"caption":"Luftaufnahme von oben, sorglose Touristin im roten Badeanzug, die sich im Swimmingpool einer modernen Luxusvilla im Sommerurlaub entspannt. Modische Frau, die sich in einem Mietobjekt ausruht"},{"@type":"BreadcrumbList","@id":"https:\/\/wellnessmassagemallorca.com\/de\/villa-service\/#breadcrumb","itemListElement":[{"@type":"ListItem","position":1,"name":"Home","item":"https:\/\/wellnessmassagemallorca.com\/de\/"},{"@type":"ListItem","position":2,"name":"Villa Service"}]},{"@type":"WebSite","@id":"https:\/\/wellnessmassagemallorca.com\/de\/#website","url":"https:\/\/wellnessmassagemallorca.com\/de\/","name":"WELLNESS MASSAGE MALLORCA","description":"Professional mobile massage treatments in Mallorca \u2013 directly to your hotel, villa or yacht.","publisher":{"@id":"https:\/\/wellnessmassagemallorca.com\/de\/#organization"},"potentialAction":[{"@type":"SearchAction","target":{"@type":"EntryPoint","urlTemplate":"https:\/\/wellnessmassagemallorca.com\/de\/?s={search_term_string}"},"query-input":{"@type":"PropertyValueSpecification","valueRequired":true,"valueName":"search_term_string"}}],"inLanguage":"de"},{"@type":"Organization","@id":"https:\/\/wellnessmassagemallorca.com\/de\/#organization","name":"WELLNESS MASSAGE MALLORCA","url":"https:\/\/wellnessmassagemallorca.com\/de\/","logo":{"@type":"ImageObject","inLanguage":"de","@id":"https:\/\/wellnessmassagemallorca.com\/de\/#\/schema\/logo\/image\/","url":"https:\/\/wellnessmassagemallorca.com\/wp-content\/uploads\/2020\/10\/cropped-369038D6-D2CC-4CD8-9DE4-C6B45B291BCC_4_5005_c-1.jpeg","contentUrl":"https:\/\/wellnessmassagemallorca.com\/wp-content\/uploads\/2020\/10\/cropped-369038D6-D2CC-4CD8-9DE4-C6B45B291BCC_4_5005_c-1.jpeg","width":512,"height":512,"caption":"WELLNESS MASSAGE MALLORCA"},"image":{"@id":"https:\/\/wellnessmassagemallorca.com\/de\/#\/schema\/logo\/image\/"},"sameAs":["https:\/\/www.facebook.com\/wellnessmassagemallorca\/","https:\/\/www.instagram.com\/wellness.massage.mallorca\/"]}]}},"_links":{"self":[{"href":"https:\/\/wellnessmassagemallorca.com\/de\/wp-json\/wp\/v2\/pages\/160907","targetHints":{"allow":["GET"]}}],"collection":[{"href":"https:\/\/wellnessmassagemallorca.com\/de\/wp-json\/wp\/v2\/pages"}],"about":[{"href":"https:\/\/wellnessmassagemallorca.com\/de\/wp-json\/wp\/v2\/types\/page"}],"author":[{"embeddable":true,"href":"https:\/\/wellnessmassagemallorca.com\/de\/wp-json\/wp\/v2\/users\/4"}],"replies":[{"embeddable":true,"href":"https:\/\/wellnessmassagemallorca.com\/de\/wp-json\/wp\/v2\/comments?post=160907"}],"version-history":[{"count":6,"href":"https:\/\/wellnessmassagemallorca.com\/de\/wp-json\/wp\/v2\/pages\/160907\/revisions"}],"predecessor-version":[{"id":161304,"href":"https:\/\/wellnessmassagemallorca.com\/de\/wp-json\/wp\/v2\/pages\/160907\/revisions\/161304"}],"wp:featuredmedia":[{"embeddable":true,"href":"https:\/\/wellnessmassagemallorca.com\/de\/wp-json\/wp\/v2\/media\/4748"}],"wp:attachment":[{"href":"https:\/\/wellnessmassagemallorca.com\/de\/wp-json\/wp\/v2\/media?parent=160907"}],"curies":[{"name":"wp","href":"https:\/\/api.w.org\/{rel}","templated":true}]}}