{"id":160897,"date":"2026-04-13T14:54:19","date_gmt":"2026-04-13T12:54:19","guid":{"rendered":"https:\/\/wellnessmassagemallorca.com\/ueber-mich\/"},"modified":"2026-04-14T12:17:50","modified_gmt":"2026-04-14T10:17:50","slug":"ueber-mich","status":"publish","type":"page","link":"https:\/\/wellnessmassagemallorca.com\/de\/ueber-mich\/","title":{"rendered":"\u00dcber mich"},"content":{"rendered":"<div class=\"wpb-content-wrapper\"><p>[vc_row unlock_row_content=&#8220;yes&#8220; row_height_percent=&#8220;0&#8243; override_padding=&#8220;yes&#8220; h_padding=&#8220;3&#8243; top_padding=&#8220;2&#8243; bottom_padding=&#8220;0&#8243; back_color=&#8220;color-xsdn&#8220; overlay_alpha=&#8220;50&#8243; equal_height=&#8220;yes&#8220; gutter_size=&#8220;3&#8243; column_width_percent=&#8220;100&#8243; shift_y=&#8220;0&#8243; z_index=&#8220;0&#8243; content_parallax=&#8220;0&#8243; uncode_shortcode_id=&#8220;513175&#8243; back_color_type=&#8220;uncode-palette&#8220;][vc_column column_width_percent=&#8220;100&#8243; align_horizontal=&#8220;align_right&#8220; gutter_size=&#8220;3&#8243; overlay_alpha=&#8220;50&#8243; shift_x=&#8220;0&#8243; shift_y=&#8220;0&#8243; shift_y_down=&#8220;0&#8243; z_index=&#8220;0&#8243; medium_width=&#8220;0&#8243; mobile_width=&#8220;0&#8243; width=&#8220;1\/3&#8243; uncode_shortcode_id=&#8220;903780&#8243; mobile_height=&#8220;400&#8243;][vc_single_image media=&#8220;4274&#8243; media_width_use_pixel=&#8220;yes&#8220; alignment=&#8220;right&#8220; css_animation=&#8220;parallax&#8220; parallax_intensity=&#8220;1&#8243; uncode_shortcode_id=&#8220;522379&#8243; media_width_pixel=&#8220;400&#8243;][\/vc_column][vc_column column_width_use_pixel=&#8220;yes&#8220; gutter_size=&#8220;3&#8243; font_family=&#8220;font-205659&#8243; overlay_alpha=&#8220;50&#8243; shift_x=&#8220;0&#8243; shift_y=&#8220;0&#8243; shift_y_down=&#8220;0&#8243; z_index=&#8220;0&#8243; medium_width=&#8220;0&#8243; align_mobile=&#8220;align_center_mobile&#8220; mobile_width=&#8220;0&#8243; width=&#8220;1\/3&#8243; uncode_shortcode_id=&#8220;162396&#8243; column_width_pixel=&#8220;560&#8243;][vc_row_inner row_inner_height_percent=&#8220;0&#8243; back_color=&#8220;color-lxmt&#8220; overlay_alpha=&#8220;50&#8243; gutter_size=&#8220;3&#8243; shift_y=&#8220;0&#8243; z_index=&#8220;0&#8243; uncode_shortcode_id=&#8220;211621&#8243; back_color_type=&#8220;uncode-palette&#8220;][vc_column_inner column_width_percent=&#8220;100&#8243; gutter_size=&#8220;3&#8243; override_padding=&#8220;yes&#8220; column_padding=&#8220;2&#8243; overlay_alpha=&#8220;50&#8243; shift_x=&#8220;0&#8243; shift_y=&#8220;0&#8243; shift_y_down=&#8220;0&#8243; z_index=&#8220;0&#8243; medium_width=&#8220;0&#8243; mobile_width=&#8220;0&#8243; width=&#8220;1\/1&#8243; uncode_shortcode_id=&#8220;180628&#8243;][vc_custom_heading text_color=&#8220;color-482803&#8243; heading_semantic=&#8220;h1&#8243; text_font=&#8220;font-205659&#8243; text_size=&#8220;h1&#8243; uncode_shortcode_id=&#8220;117251&#8243; text_color_type=&#8220;uncode-palette&#8220;]\u00dcber mich[\/vc_custom_heading][vc_column_text uncode_shortcode_id=&#8220;172486&#8243;]Mein Name ist Sabine Fahrenkrug, und ich bin die Gr\u00fcnderin von WELLNESS MASSAGE MALLORCA. Im Jahr 2004 kehrte ich dem grauen Hamburger Himmel den R\u00fccken und machte Mallorca, die sonnigste Insel Europas, zu meiner neuen Heimat. <\/p>\n<p>Meine Lebensphilosophie, die darauf basiert, ganzheitlich und in Harmonie mit sich selbst und der Natur zu leben, hat sich zu meinem Beruf entwickelt. Viele Jahre lang habe ich Yoga praktiziert und mich intensiv der K\u00f6rperarbeit, Tiefenentspannung und Meditation gewidmet. Nach meiner Ausbildung zur staatlich gepr\u00fcften Massagetherapeutin habe ich mein Wissen \u00fcber K\u00f6rper- und Heilbehandlungen durch mehrere Reisen nach S\u00fcdostasien erweitert, wo ich spezielle Techniken erlernte.[\/vc_column_text][\/vc_column_inner][\/vc_row_inner][\/vc_column][vc_column column_width_use_pixel=&#8220;yes&#8220; gutter_size=&#8220;3&#8243; overlay_alpha=&#8220;50&#8243; shift_x=&#8220;0&#8243; shift_y=&#8220;0&#8243; shift_y_down=&#8220;0&#8243; z_index=&#8220;0&#8243; medium_width=&#8220;0&#8243; mobile_width=&#8220;0&#8243; width=&#8220;1\/3&#8243; uncode_shortcode_id=&#8220;408989&#8243;][vc_row_inner row_inner_height_percent=&#8220;0&#8243; back_color=&#8220;color-lxmt&#8220; overlay_alpha=&#8220;50&#8243; gutter_size=&#8220;3&#8243; shift_y=&#8220;0&#8243; z_index=&#8220;0&#8243; uncode_shortcode_id=&#8220;211621&#8243; back_color_type=&#8220;uncode-palette&#8220;][vc_column_inner column_width_percent=&#8220;100&#8243; gutter_size=&#8220;3&#8243; override_padding=&#8220;yes&#8220; column_padding=&#8220;2&#8243; overlay_alpha=&#8220;50&#8243; shift_x=&#8220;0&#8243; shift_y=&#8220;0&#8243; shift_y_down=&#8220;0&#8243; z_index=&#8220;0&#8243; medium_width=&#8220;0&#8243; mobile_width=&#8220;0&#8243; width=&#8220;1\/1&#8243; uncode_shortcode_id=&#8220;180628&#8243;][vc_column_text uncode_shortcode_id=&#8220;189179&#8243;]Zus\u00e4tzlich zu meiner Arbeit in renommierten Hotels in Palma wie dem Maricel, Son Vida und dem Hotel Sant Francesc biete ich meine mobilen Massage- und Wellnessdienste an, die f\u00fcr Einzelpersonen, Paare, Familien und Seminargruppen aller Art geeignet sind. Mein Angebot reicht von Yogagruppen bis hin zu Hochzeiten, von Fincas und Yachten bis hin zu Seminarh\u00e4usern &#8211; kurzum, wo immer ich gebraucht werde. <\/p>\n<p>Ich bin diskret und zuverl\u00e4ssig. F\u00fcr meine Behandlungen verwende ich gepr\u00fcfte Materialien von h\u00f6chster Qualit\u00e4t und verwende ausschlie\u00dflich biologische Produkte.[\/vc_column_text][\/vc_column_inner][\/vc_row_inner][vc_button button_color=&#8220;color-482803&#8243; border_width=&#8220;0&#8243; uncode_shortcode_id=&#8220;299094&#8243; button_color_type=&#8220;uncode-palette&#8220; link=&#8220;url:https%3A%2F%2Fwellnessmassagemallorca.com%2Fde%2Fkontakt%2F|title:Kontakt|&#8220;]Kontaktieren Sie mich[\/vc_button][\/vc_column][\/vc_row][vc_row row_height_percent=&#8220;0&#8243; override_padding=&#8220;yes&#8220; h_padding=&#8220;2&#8243; top_padding=&#8220;5&#8243; bottom_padding=&#8220;5&#8243; overlay_alpha=&#8220;50&#8243; equal_height=&#8220;yes&#8220; gutter_size=&#8220;4&#8243; column_width_percent=&#8220;100&#8243; shift_y=&#8220;0&#8243; z_index=&#8220;0&#8243; bottom_divider=&#8220;hills-opacity&#8220; content_parallax=&#8220;0&#8243; uncode_shortcode_id=&#8220;103988&#8243;][vc_column column_width_percent=&#8220;100&#8243; align_horizontal=&#8220;align_right&#8220; gutter_size=&#8220;3&#8243; overlay_alpha=&#8220;50&#8243; shift_x=&#8220;0&#8243; shift_y=&#8220;0&#8243; shift_y_down=&#8220;0&#8243; z_index=&#8220;0&#8243; medium_width=&#8220;0&#8243; mobile_width=&#8220;0&#8243; width=&#8220;2\/6&#8243; uncode_shortcode_id=&#8220;519694&#8243;][vc_custom_heading text_color=&#8220;color-482803&#8243; text_font=&#8220;font-205659&#8243; text_size=&#8220;custom&#8220; text_height=&#8220;fontheight-357766&#8243; uncode_shortcode_id=&#8220;129677&#8243; heading_custom_size=&#8220;36px&#8220; text_color_type=&#8220;uncode-palette&#8220;]Meine<br \/>\nSpezialit\u00e4ten[\/vc_custom_heading][\/vc_column][vc_column column_width_percent=&#8220;100&#8243; gutter_size=&#8220;3&#8243; overlay_alpha=&#8220;50&#8243; border_color=&#8220;color-482803&#8243; border_style=&#8220;solid&#8220; shift_x=&#8220;0&#8243; shift_y=&#8220;0&#8243; shift_y_down=&#8220;0&#8243; z_index=&#8220;0&#8243; medium_width=&#8220;0&#8243; mobile_width=&#8220;0&#8243; width=&#8220;1\/6&#8243; uncode_shortcode_id=&#8220;214531&#8243; css=&#8220;.vc_custom_1774966112615{border-right-width: 1px !important;}&#8220; border_color_type=&#8220;uncode-palette&#8220;][\/vc_column][vc_column column_width_percent=&#8220;100&#8243; gutter_size=&#8220;3&#8243; overlay_alpha=&#8220;50&#8243; shift_x=&#8220;0&#8243; shift_y=&#8220;0&#8243; shift_y_down=&#8220;0&#8243; z_index=&#8220;0&#8243; medium_width=&#8220;0&#8243; mobile_width=&#8220;0&#8243; width=&#8220;3\/6&#8243; uncode_shortcode_id=&#8220;213614&#8243;][vc_row_inner row_inner_height_percent=&#8220;0&#8243; overlay_alpha=&#8220;50&#8243; gutter_size=&#8220;3&#8243; shift_y=&#8220;0&#8243; z_index=&#8220;0&#8243; limit_content=&#8220;&#8220; uncode_shortcode_id=&#8220;177259&#8243;][vc_column_inner column_width_percent=&#8220;100&#8243; gutter_size=&#8220;3&#8243; overlay_alpha=&#8220;50&#8243; shift_x=&#8220;0&#8243; shift_y=&#8220;0&#8243; shift_y_down=&#8220;0&#8243; z_index=&#8220;0&#8243; medium_width=&#8220;4&#8243; mobile_width=&#8220;4&#8243; width=&#8220;1\/2&#8243; uncode_shortcode_id=&#8220;561496&#8243;][uncode_list larger=&#8220;yes&#8220; icon=&#8220;fa fa-check2&#8243; icon_color=&#8220;color-482803&#8243; uncode_shortcode_id=&#8220;101040&#8243; icon_color_type=&#8220;uncode-palette&#8220;]<\/p>\n<ul>\n<li><a href=\"https:\/\/wellnessmassagemallorca.com\/treatments2\/\">Ganzheitliche Entspannungsmassage<\/a><\/li>\n<li><a href=\"https:\/\/wellnessmassagemallorca.com\/behandlungen\/feuchtigkeitsspendende-gesichtsbehandlung\/\">Gesichtsbehandlungen<\/a><\/li>\n<li><a href=\"https:\/\/wellnessmassagemallorca.com\/behandlungen\/tiefengewebsmassage-deep-tissue-2\/\">Deep Tissue<\/a><\/li>\n<li><a href=\"https:\/\/wellnessmassagemallorca.com\/behandlungen\/fussreflexzonenmassage\/\">Fussreflexzonenmassage<\/a><\/li>\n<\/ul>\n<p>[\/uncode_list][\/vc_column_inner][vc_column_inner column_width_percent=&#8220;100&#8243; gutter_size=&#8220;3&#8243; overlay_alpha=&#8220;50&#8243; shift_x=&#8220;0&#8243; shift_y=&#8220;0&#8243; shift_y_down=&#8220;0&#8243; z_index=&#8220;0&#8243; medium_width=&#8220;4&#8243; mobile_width=&#8220;4&#8243; width=&#8220;1\/2&#8243; uncode_shortcode_id=&#8220;439899&#8243;][uncode_list larger=&#8220;yes&#8220; icon=&#8220;fa fa-check2&#8243; icon_color=&#8220;color-482803&#8243; uncode_shortcode_id=&#8220;332467&#8243; icon_color_type=&#8220;uncode-palette&#8220;]<\/p>\n<ul>\n<li><a href=\"https:\/\/wellnessmassagemallorca.com\/behandlungen\/cranio-sacral-therapie\/\">Cranial-Sacral-Therapie<\/a><\/li>\n<li><a href=\"https:\/\/www.wellnessmassagemallorca.com\/behandlungen\/manual-lymphatic-drainage\/\">Manuelle Lymphdrainage<\/a><\/li>\n<li><a href=\"https:\/\/wellnessmassagemallorca.com\/de\/behandlungen\/aromarelax-massage\/\">Aromatherapie<\/a><\/li>\n<li><a href=\"https:\/\/wellnessmassagemallorca.com\/de\/behandlungen\/kalifornisches-auswuchten\/\">Kalifornisches Auswuchten<\/a><\/li>\n<\/ul>\n<p>[\/uncode_list][\/vc_column_inner][\/vc_row_inner][\/vc_column][\/vc_row]<\/p>\n<\/div>","protected":false},"excerpt":{"rendered":"<p>[vc_row unlock_row_content=&#8220;yes&#8220; row_height_percent=&#8220;0&#8243; override_padding=&#8220;yes&#8220; h_padding=&#8220;3&#8243; top_padding=&#8220;2&#8243; bottom_padding=&#8220;0&#8243; back_color=&#8220;color-xsdn&#8220; overlay_alpha=&#8220;50&#8243; equal_height=&#8220;yes&#8220; gutter_size=&#8220;3&#8243; column_width_percent=&#8220;100&#8243; shift_y=&#8220;0&#8243; z_index=&#8220;0&#8243; content_parallax=&#8220;0&#8243; uncode_shortcode_id=&#8220;513175&#8243; back_color_type=&#8220;uncode-palette&#8220;][vc_column column_width_percent=&#8220;100&#8243; align_horizontal=&#8220;align_right&#8220; gutter_size=&#8220;3&#8243; [&hellip;]<\/p>\n","protected":false},"author":3,"featured_media":4274,"parent":0,"menu_order":0,"comment_status":"closed","ping_status":"closed","template":"","meta":{"_acf_changed":false,"footnotes":""},"class_list":["post-160897","page","type-page","status-publish","has-post-thumbnail","hentry"],"acf":[],"yoast_head":"<!-- This site is optimized with the Yoast SEO plugin v27.4 - https:\/\/yoast.com\/product\/yoast-seo-wordpress\/ -->\n<title>MOBILE MASSAGE MALLORCA | Villa | Yacht | Retreats<\/title>\n<meta name=\"description\" content=\"Beauty-, Massage- und Wellness-Behandlungen in Ihrer privaten Umgebung. Massageservice, wo immer Sie auf Mallorca sind T +34 630321844\" \/>\n<meta name=\"robots\" content=\"index, follow, max-snippet:-1, max-image-preview:large, max-video-preview:-1\" \/>\n<link rel=\"canonical\" href=\"https:\/\/wellnessmassagemallorca.com\/de\/ueber-mich\/\" \/>\n<meta property=\"og:locale\" content=\"de_DE\" \/>\n<meta property=\"og:type\" content=\"article\" \/>\n<meta property=\"og:title\" content=\"MOBILE MASSAGE MALLORCA | Villa | Yacht | Retreats\" \/>\n<meta property=\"og:description\" content=\"Beauty-, Massage- und Wellness-Behandlungen in Ihrer privaten Umgebung. Massageservice, wo immer Sie auf Mallorca sind T +34 630321844\" \/>\n<meta property=\"og:url\" content=\"https:\/\/wellnessmassagemallorca.com\/de\/ueber-mich\/\" \/>\n<meta property=\"og:site_name\" content=\"Mobile Massage Mallorca \u2013 Luxury Massage &amp; Wellness\" \/>\n<meta property=\"article:publisher\" content=\"https:\/\/www.facebook.com\/wellnessmassagemallorca\/\" \/>\n<meta property=\"article:modified_time\" content=\"2026-04-14T10:17:50+00:00\" \/>\n<meta property=\"og:image\" content=\"https:\/\/wellnessmassagemallorca.com\/wp-content\/uploads\/2016\/06\/sobre-mi.png\" \/>\n\t<meta property=\"og:image:width\" content=\"515\" \/>\n\t<meta property=\"og:image:height\" content=\"726\" \/>\n\t<meta property=\"og:image:type\" content=\"image\/png\" \/>\n<meta name=\"twitter:card\" content=\"summary_large_image\" \/>\n<meta name=\"twitter:label1\" content=\"Gesch\u00e4tzte Lesezeit\" \/>\n\t<meta name=\"twitter:data1\" content=\"4\u00a0Minuten\" \/>\n<script type=\"application\/ld+json\" class=\"yoast-schema-graph\">{\"@context\":\"https:\\\/\\\/schema.org\",\"@graph\":[{\"@type\":\"WebPage\",\"@id\":\"https:\\\/\\\/wellnessmassagemallorca.com\\\/de\\\/ueber-mich\\\/\",\"url\":\"https:\\\/\\\/wellnessmassagemallorca.com\\\/de\\\/ueber-mich\\\/\",\"name\":\"MOBILE MASSAGE MALLORCA | Villa | Yacht | Retreats\",\"isPartOf\":{\"@id\":\"https:\\\/\\\/wellnessmassagemallorca.com\\\/de\\\/#website\"},\"primaryImageOfPage\":{\"@id\":\"https:\\\/\\\/wellnessmassagemallorca.com\\\/de\\\/ueber-mich\\\/#primaryimage\"},\"image\":{\"@id\":\"https:\\\/\\\/wellnessmassagemallorca.com\\\/de\\\/ueber-mich\\\/#primaryimage\"},\"thumbnailUrl\":\"https:\\\/\\\/wellnessmassagemallorca.com\\\/wp-content\\\/uploads\\\/2016\\\/06\\\/sobre-mi.png\",\"datePublished\":\"2026-04-13T12:54:19+00:00\",\"dateModified\":\"2026-04-14T10:17:50+00:00\",\"description\":\"Beauty-, Massage- und Wellness-Behandlungen in Ihrer privaten Umgebung. Massageservice, wo immer Sie auf Mallorca sind T +34 630321844\",\"breadcrumb\":{\"@id\":\"https:\\\/\\\/wellnessmassagemallorca.com\\\/de\\\/ueber-mich\\\/#breadcrumb\"},\"inLanguage\":\"de\",\"potentialAction\":[{\"@type\":\"ReadAction\",\"target\":[\"https:\\\/\\\/wellnessmassagemallorca.com\\\/de\\\/ueber-mich\\\/\"]}]},{\"@type\":\"ImageObject\",\"inLanguage\":\"de\",\"@id\":\"https:\\\/\\\/wellnessmassagemallorca.com\\\/de\\\/ueber-mich\\\/#primaryimage\",\"url\":\"https:\\\/\\\/wellnessmassagemallorca.com\\\/wp-content\\\/uploads\\\/2016\\\/06\\\/sobre-mi.png\",\"contentUrl\":\"https:\\\/\\\/wellnessmassagemallorca.com\\\/wp-content\\\/uploads\\\/2016\\\/06\\\/sobre-mi.png\",\"width\":515,\"height\":726,\"caption\":\"Massage zu Hause auf Mallorca\"},{\"@type\":\"BreadcrumbList\",\"@id\":\"https:\\\/\\\/wellnessmassagemallorca.com\\\/de\\\/ueber-mich\\\/#breadcrumb\",\"itemListElement\":[{\"@type\":\"ListItem\",\"position\":1,\"name\":\"Home\",\"item\":\"https:\\\/\\\/wellnessmassagemallorca.com\\\/de\\\/\"},{\"@type\":\"ListItem\",\"position\":2,\"name\":\"\u00dcber mich\"}]},{\"@type\":\"WebSite\",\"@id\":\"https:\\\/\\\/wellnessmassagemallorca.com\\\/de\\\/#website\",\"url\":\"https:\\\/\\\/wellnessmassagemallorca.com\\\/de\\\/\",\"name\":\"WELLNESS MASSAGE MALLORCA\",\"description\":\"Professional mobile massage treatments in Mallorca \u2013 directly to your hotel, villa or yacht.\",\"publisher\":{\"@id\":\"https:\\\/\\\/wellnessmassagemallorca.com\\\/de\\\/#organization\"},\"potentialAction\":[{\"@type\":\"SearchAction\",\"target\":{\"@type\":\"EntryPoint\",\"urlTemplate\":\"https:\\\/\\\/wellnessmassagemallorca.com\\\/de\\\/?s={search_term_string}\"},\"query-input\":{\"@type\":\"PropertyValueSpecification\",\"valueRequired\":true,\"valueName\":\"search_term_string\"}}],\"inLanguage\":\"de\"},{\"@type\":\"Organization\",\"@id\":\"https:\\\/\\\/wellnessmassagemallorca.com\\\/de\\\/#organization\",\"name\":\"WELLNESS MASSAGE MALLORCA\",\"url\":\"https:\\\/\\\/wellnessmassagemallorca.com\\\/de\\\/\",\"logo\":{\"@type\":\"ImageObject\",\"inLanguage\":\"de\",\"@id\":\"https:\\\/\\\/wellnessmassagemallorca.com\\\/de\\\/#\\\/schema\\\/logo\\\/image\\\/\",\"url\":\"https:\\\/\\\/wellnessmassagemallorca.com\\\/wp-content\\\/uploads\\\/2020\\\/10\\\/cropped-369038D6-D2CC-4CD8-9DE4-C6B45B291BCC_4_5005_c-1.jpeg\",\"contentUrl\":\"https:\\\/\\\/wellnessmassagemallorca.com\\\/wp-content\\\/uploads\\\/2020\\\/10\\\/cropped-369038D6-D2CC-4CD8-9DE4-C6B45B291BCC_4_5005_c-1.jpeg\",\"width\":512,\"height\":512,\"caption\":\"WELLNESS MASSAGE MALLORCA\"},\"image\":{\"@id\":\"https:\\\/\\\/wellnessmassagemallorca.com\\\/de\\\/#\\\/schema\\\/logo\\\/image\\\/\"},\"sameAs\":[\"https:\\\/\\\/www.facebook.com\\\/wellnessmassagemallorca\\\/\",\"https:\\\/\\\/www.instagram.com\\\/wellness.massage.mallorca\\\/\"]}]}<\/script>\n<!-- \/ Yoast SEO plugin. -->","yoast_head_json":{"title":"MOBILE MASSAGE MALLORCA | Villa | Yacht | Retreats","description":"Beauty-, Massage- und Wellness-Behandlungen in Ihrer privaten Umgebung. Massageservice, wo immer Sie auf Mallorca sind T +34 630321844","robots":{"index":"index","follow":"follow","max-snippet":"max-snippet:-1","max-image-preview":"max-image-preview:large","max-video-preview":"max-video-preview:-1"},"canonical":"https:\/\/wellnessmassagemallorca.com\/de\/ueber-mich\/","og_locale":"de_DE","og_type":"article","og_title":"MOBILE MASSAGE MALLORCA | Villa | Yacht | Retreats","og_description":"Beauty-, Massage- und Wellness-Behandlungen in Ihrer privaten Umgebung. Massageservice, wo immer Sie auf Mallorca sind T +34 630321844","og_url":"https:\/\/wellnessmassagemallorca.com\/de\/ueber-mich\/","og_site_name":"Mobile Massage Mallorca \u2013 Luxury Massage &amp; Wellness","article_publisher":"https:\/\/www.facebook.com\/wellnessmassagemallorca\/","article_modified_time":"2026-04-14T10:17:50+00:00","og_image":[{"width":515,"height":726,"url":"https:\/\/wellnessmassagemallorca.com\/wp-content\/uploads\/2016\/06\/sobre-mi.png","type":"image\/png"}],"twitter_card":"summary_large_image","twitter_misc":{"Gesch\u00e4tzte Lesezeit":"4\u00a0Minuten"},"schema":{"@context":"https:\/\/schema.org","@graph":[{"@type":"WebPage","@id":"https:\/\/wellnessmassagemallorca.com\/de\/ueber-mich\/","url":"https:\/\/wellnessmassagemallorca.com\/de\/ueber-mich\/","name":"MOBILE MASSAGE MALLORCA | Villa | Yacht | Retreats","isPartOf":{"@id":"https:\/\/wellnessmassagemallorca.com\/de\/#website"},"primaryImageOfPage":{"@id":"https:\/\/wellnessmassagemallorca.com\/de\/ueber-mich\/#primaryimage"},"image":{"@id":"https:\/\/wellnessmassagemallorca.com\/de\/ueber-mich\/#primaryimage"},"thumbnailUrl":"https:\/\/wellnessmassagemallorca.com\/wp-content\/uploads\/2016\/06\/sobre-mi.png","datePublished":"2026-04-13T12:54:19+00:00","dateModified":"2026-04-14T10:17:50+00:00","description":"Beauty-, Massage- und Wellness-Behandlungen in Ihrer privaten Umgebung. Massageservice, wo immer Sie auf Mallorca sind T +34 630321844","breadcrumb":{"@id":"https:\/\/wellnessmassagemallorca.com\/de\/ueber-mich\/#breadcrumb"},"inLanguage":"de","potentialAction":[{"@type":"ReadAction","target":["https:\/\/wellnessmassagemallorca.com\/de\/ueber-mich\/"]}]},{"@type":"ImageObject","inLanguage":"de","@id":"https:\/\/wellnessmassagemallorca.com\/de\/ueber-mich\/#primaryimage","url":"https:\/\/wellnessmassagemallorca.com\/wp-content\/uploads\/2016\/06\/sobre-mi.png","contentUrl":"https:\/\/wellnessmassagemallorca.com\/wp-content\/uploads\/2016\/06\/sobre-mi.png","width":515,"height":726,"caption":"Massage zu Hause auf Mallorca"},{"@type":"BreadcrumbList","@id":"https:\/\/wellnessmassagemallorca.com\/de\/ueber-mich\/#breadcrumb","itemListElement":[{"@type":"ListItem","position":1,"name":"Home","item":"https:\/\/wellnessmassagemallorca.com\/de\/"},{"@type":"ListItem","position":2,"name":"\u00dcber mich"}]},{"@type":"WebSite","@id":"https:\/\/wellnessmassagemallorca.com\/de\/#website","url":"https:\/\/wellnessmassagemallorca.com\/de\/","name":"WELLNESS MASSAGE MALLORCA","description":"Professional mobile massage treatments in Mallorca \u2013 directly to your hotel, villa or yacht.","publisher":{"@id":"https:\/\/wellnessmassagemallorca.com\/de\/#organization"},"potentialAction":[{"@type":"SearchAction","target":{"@type":"EntryPoint","urlTemplate":"https:\/\/wellnessmassagemallorca.com\/de\/?s={search_term_string}"},"query-input":{"@type":"PropertyValueSpecification","valueRequired":true,"valueName":"search_term_string"}}],"inLanguage":"de"},{"@type":"Organization","@id":"https:\/\/wellnessmassagemallorca.com\/de\/#organization","name":"WELLNESS MASSAGE MALLORCA","url":"https:\/\/wellnessmassagemallorca.com\/de\/","logo":{"@type":"ImageObject","inLanguage":"de","@id":"https:\/\/wellnessmassagemallorca.com\/de\/#\/schema\/logo\/image\/","url":"https:\/\/wellnessmassagemallorca.com\/wp-content\/uploads\/2020\/10\/cropped-369038D6-D2CC-4CD8-9DE4-C6B45B291BCC_4_5005_c-1.jpeg","contentUrl":"https:\/\/wellnessmassagemallorca.com\/wp-content\/uploads\/2020\/10\/cropped-369038D6-D2CC-4CD8-9DE4-C6B45B291BCC_4_5005_c-1.jpeg","width":512,"height":512,"caption":"WELLNESS MASSAGE MALLORCA"},"image":{"@id":"https:\/\/wellnessmassagemallorca.com\/de\/#\/schema\/logo\/image\/"},"sameAs":["https:\/\/www.facebook.com\/wellnessmassagemallorca\/","https:\/\/www.instagram.com\/wellness.massage.mallorca\/"]}]}},"_links":{"self":[{"href":"https:\/\/wellnessmassagemallorca.com\/de\/wp-json\/wp\/v2\/pages\/160897","targetHints":{"allow":["GET"]}}],"collection":[{"href":"https:\/\/wellnessmassagemallorca.com\/de\/wp-json\/wp\/v2\/pages"}],"about":[{"href":"https:\/\/wellnessmassagemallorca.com\/de\/wp-json\/wp\/v2\/types\/page"}],"author":[{"embeddable":true,"href":"https:\/\/wellnessmassagemallorca.com\/de\/wp-json\/wp\/v2\/users\/3"}],"replies":[{"embeddable":true,"href":"https:\/\/wellnessmassagemallorca.com\/de\/wp-json\/wp\/v2\/comments?post=160897"}],"version-history":[{"count":6,"href":"https:\/\/wellnessmassagemallorca.com\/de\/wp-json\/wp\/v2\/pages\/160897\/revisions"}],"predecessor-version":[{"id":161609,"href":"https:\/\/wellnessmassagemallorca.com\/de\/wp-json\/wp\/v2\/pages\/160897\/revisions\/161609"}],"wp:featuredmedia":[{"embeddable":true,"href":"https:\/\/wellnessmassagemallorca.com\/de\/wp-json\/wp\/v2\/media\/4274"}],"wp:attachment":[{"href":"https:\/\/wellnessmassagemallorca.com\/de\/wp-json\/wp\/v2\/media?parent=160897"}],"curies":[{"name":"wp","href":"https:\/\/api.w.org\/{rel}","templated":true}]}}